{"id":7124,"date":"2017-07-17T13:50:24","date_gmt":"2017-07-17T13:50:24","guid":{"rendered":"http:\/\/www.fdg.pt\/?page_id=7124"},"modified":"2019-01-14T10:01:52","modified_gmt":"2019-01-14T10:01:52","slug":"pure","status":"publish","type":"page","link":"https:\/\/fdg.pt\/it\/produtos\/kniting\/pure\/","title":{"rendered":"Pure"},"content":{"rendered":"<div class=\"wpb_row vc_row  vc_row-fluid  mk-fullwidth-false  attched-false vc_row-fluid\">\n\t<div style=\"\" class=\"vc_col-sm-12 wpb_column column_container \">\n\t\t\t<h3 style=\"font-size: 18px;text-align:left;color: #393836;font-weight:inherit;letter-spacing:0px;margin-top:0px;margin-bottom:18px;\" id=\"fancy-title-69d0166f8b403\" class=\"mk-shortcode mk-title-box  \"><span style=\"line-height:34px\">\n<p><a href=\"https:\/\/fdg.pt\/produtos\">Produtos<\/a> \/ <a href=\"https:\/\/fdg.pt\/it\/produtos\/kniting\">Kniting<\/a> \/ Pure<\/p>\n<\/span><\/h3><div class=\"clearboth\"><\/div>\n\t<\/div><\/div><div class=\"wpb_row vc_row  vc_row-fluid  mk-fullwidth-false  attched-false vc_row-fluid\">\n\t<div style=\"\" class=\"vc_col-sm-12 wpb_column column_container \">\n\t\t\t<div class=\"clearboth\"><\/div><div class=\"mk-shortcode mk-padding-shortcode\" style=\"height:20px\"><\/div><div class=\"clearboth\"><\/div>\n\t<\/div><\/div><div class=\"wpb_row vc_row  vc_row-fluid  mk-fullwidth-false  attched-false vc_row-fluid\">\n\t<div style=\"\" class=\"vc_col-sm-12 wpb_column column_container \">\n\t\t\t\t<div style=\" margin-bottom:0px;text-align: left;\" class=\"mk-text-block  \">\n<table id=\"tablepress-5\" class=\"tablepress tablepress-id-5\">\n<thead>\n<tr class=\"row-1\">\n\t<th class=\"column-1\">Selec\u00e7\u00e3o<\/th><th class=\"column-2\">Nome do Artigo<\/th><th class=\"column-3\">Nm<\/th><th class=\"column-4\">Tecnologia<\/th><th class=\"column-5\">Composi\u00e7\u00e3o<\/th><th class=\"column-6\">Observa\u00e7\u00f5es<\/th>\n<\/tr>\n<\/thead>\n<tbody class=\"row-striping row-hover\">\n<tr class=\"row-2\">\n\t<td class=\"column-1\"><input type='checkbox' value='MT Super 32'  onclick='tratarsubjectpedido();' \/><\/td><td class=\"column-2\">MT Super 32<\/td><td class=\"column-3\">1\/32<\/td><td class=\"column-4\">Single<\/td><td class=\"column-5\">100%WO<\/td><td class=\"column-6\"><\/td>\n<\/tr>\n<tr class=\"row-3\">\n\t<td class=\"column-1\"><input type='checkbox' value='MT Super 40'  onclick='tratarsubjectpedido();' \/><\/td><td class=\"column-2\">MT Super 40<\/td><td class=\"column-3\">1\/40<\/td><td class=\"column-4\">Single<\/td><td class=\"column-5\">100%WO<\/td><td class=\"column-6\"><\/td>\n<\/tr>\n<tr class=\"row-4\">\n\t<td class=\"column-1\"><input type='checkbox' value='MT Super 44'  onclick='tratarsubjectpedido();' \/><\/td><td class=\"column-2\">MT Super 44<\/td><td class=\"column-3\">1\/44<\/td><td class=\"column-4\">Single<\/td><td class=\"column-5\">100%WO<\/td><td class=\"column-6\"><\/td>\n<\/tr>\n<tr class=\"row-5\">\n\t<td class=\"column-1\"><input type='checkbox' value='MT Klean 48'  onclick='tratarsubjectpedido();' \/><\/td><td class=\"column-2\">MT Klean 48<\/td><td class=\"column-3\">1\/48<\/td><td class=\"column-4\">Compact Single<\/td><td class=\"column-5\">100%WO<\/td><td class=\"column-6\"><\/td>\n<\/tr>\n<tr class=\"row-6\">\n\t<td class=\"column-1\"><input type='checkbox' value='MT Super 50'  onclick='tratarsubjectpedido();' \/><\/td><td class=\"column-2\">MT Super 50<\/td><td class=\"column-3\">1\/50<\/td><td class=\"column-4\">Single<\/td><td class=\"column-5\">100%WO<\/td><td class=\"column-6\"><\/td>\n<\/tr>\n<tr class=\"row-7\">\n\t<td class=\"column-1\"><input type='checkbox' value='MT Kuper 55'  onclick='tratarsubjectpedido();' \/><\/td><td class=\"column-2\">MT Kuper 55<\/td><td class=\"column-3\">1\/55<\/td><td class=\"column-4\">Single<\/td><td class=\"column-5\">100%WO<\/td><td class=\"column-6\"><\/td>\n<\/tr>\n<tr class=\"row-8\">\n\t<td class=\"column-1\"><input type='checkbox' value='MT Fellini Super 60'  onclick='tratarsubjectpedido();' \/><\/td><td class=\"column-2\">MT Fellini Super 60<\/td><td class=\"column-3\">1\/60<\/td><td class=\"column-4\">Single<\/td><td class=\"column-5\">100%WO<\/td><td class=\"column-6\"><\/td>\n<\/tr>\n<tr class=\"row-9\">\n\t<td class=\"column-1\"><input type='checkbox' value='MT Sara 60'  onclick='tratarsubjectpedido();' \/><\/td><td class=\"column-2\">MT Sara 60<\/td><td class=\"column-3\">1\/60<\/td><td class=\"column-4\">Single<\/td><td class=\"column-5\">100%WO<\/td><td class=\"column-6\"><\/td>\n<\/tr>\n<tr class=\"row-10\">\n\t<td class=\"column-1\"><input type='checkbox' value='MT K Super 160s'  onclick='tratarsubjectpedido();' \/><\/td><td class=\"column-2\">MT K Super 160s<\/td><td class=\"column-3\">1\/70<\/td><td class=\"column-4\">Compact Single<\/td><td class=\"column-5\">100%WO<\/td><td class=\"column-6\"><\/td>\n<\/tr>\n<tr class=\"row-11\">\n\t<td class=\"column-1\"><input type='checkbox' value='MT Kop 85 Blend'  onclick='tratarsubjectpedido();' \/><\/td><td class=\"column-2\">MT Kop 85 Blend<\/td><td class=\"column-3\">1\/85<\/td><td class=\"column-4\">Compact Single<\/td><td class=\"column-5\">100%WO<\/td><td class=\"column-6\"><\/td>\n<\/tr>\n<tr class=\"row-12\">\n\t<td class=\"column-1\"><input type='checkbox' value='MT Kop 85 Retro'  onclick='tratarsubjectpedido();' \/><\/td><td class=\"column-2\">MT Kop 85 Retro<\/td><td class=\"column-3\">1\/85<\/td><td class=\"column-4\">Compact Single<\/td><td class=\"column-5\">100%WO<\/td><td class=\"column-6\"><\/td>\n<\/tr>\n<tr class=\"row-13\">\n\t<td class=\"column-1\"><input type='checkbox' value='MT Kop 85 Solide'  onclick='tratarsubjectpedido();' \/><\/td><td class=\"column-2\">MT Kop 85 Solide<\/td><td class=\"column-3\">1\/85<\/td><td class=\"column-4\">Compact Single<\/td><td class=\"column-5\">100%WO<\/td><td class=\"column-6\"><\/td>\n<\/tr>\n<tr class=\"row-14\">\n\t<td class=\"column-1\"><input type='checkbox' value='MT King 70'  onclick='tratarsubjectpedido();' \/><\/td><td class=\"column-2\">MT King 70<\/td><td class=\"column-3\">1\/70<\/td><td class=\"column-4\">Compact Single<\/td><td class=\"column-5\">70%WO,30%KU<\/td><td class=\"column-6\"><\/td>\n<\/tr>\n<tr class=\"row-15\">\n\t<td class=\"column-1\"><input type='checkbox' value='MT Ret King 2\/100'  onclick='tratarsubjectpedido();' \/><\/td><td class=\"column-2\">MT Ret King 2\/100<\/td><td class=\"column-3\">2\/70<\/td><td class=\"column-4\">Conventional<\/td><td class=\"column-5\">70%WO,30%KU<\/td><td class=\"column-6\"><\/td>\n<\/tr>\n<\/tbody>\n<\/table>\n<!-- #tablepress-5 from cache -->\n<div class=\"clearboth\"><\/div><\/div> <div class=\"mk-button-align left\"><a href=\"\" target=\"_self\"  class=\"mk-button dark button-69d0166f8bda9 light-color  three-dimension medium pointed   pedirinformacoes pedirinformacoesit\"><span>\nChiedi informazioni\n<\/span><\/a><\/div>\n\n<div id=\"ajax-69d0166f8bda9\" class=\"mk-dynamic-styles\"> .button-69d0166f8bda9 { margin-bottom: 40px; margin-top: 10px; min-width: 0px !important; } .button-69d0166f8bda9 { background-color:#f97352; } .button-69d0166f8bda9:hover { background-color:#e86b4c; } .button-69d0166f8bda9.three-dimension { box-shadow: 0px 3px 0px 0px #c75c42; } .button-69d0166f8bda9.three-dimension:active { box-shadow: 0px 1px 0px 0px #c75c42; } <\/div>\n\t<\/div><\/div>\n","protected":false},"excerpt":{"rendered":"{:pt} Produtos \/ Kniting \/ Pure Selec\u00e7\u00e3oNome do ArtigoNmTecnologiaComposi\u00e7\u00e3oObserva\u00e7\u00f5es MT Super 321\/32Single100%WO MT Super 401\/40Single100%WO MT Super 441\/44Single100%WO MT Klean 481\/48Compact Single100%WO MT Super 501\/50Single100%WO MT Kuper 551\/55Single100%WO MT Fellini Super 601\/60Single100%WO MT Sara 601\/60Single100%WO MT K Super 160s1\/70Compact Single100%WO MT Kop 85 Blend1\/85Compact Single100%WO MT Kop 85 Retro1\/85Compact Single100%WO MT Kop 85 Solide1\/85Compact Single100%WO [...]","protected":false},"author":1,"featured_media":0,"parent":7069,"menu_order":1,"comment_status":"closed","ping_status":"closed","template":"","meta":{"_exactmetrics_skip_tracking":false,"_exactmetrics_sitenote_active":false,"_exactmetrics_sitenote_note":"","_exactmetrics_sitenote_category":0,"footnotes":""},"class_list":["post-7124","page","type-page","status-publish","hentry"],"translation":{"provider":"WPGlobus","version":"3.0.2","language":"it","enabled_languages":["pt","en","fr","it"],"languages":{"pt":{"title":true,"content":true,"excerpt":false},"en":{"title":true,"content":true,"excerpt":false},"fr":{"title":true,"content":true,"excerpt":false},"it":{"title":true,"content":true,"excerpt":false}}},"aioseo_notices":[],"yoast_head":"<!-- This site is optimized with the Yoast SEO plugin v27.3 - https:\/\/yoast.com\/product\/yoast-seo-wordpress\/ -->\n<title>Pure - FDG - Fia\u00e7\u00e3o da Gra\u00e7a<\/title>\n<meta name=\"robots\" content=\"index, follow, max-snippet:-1, max-image-preview:large, max-video-preview:-1\" \/>\n<link rel=\"canonical\" href=\"https:\/\/fdg.pt\/produtos\/kniting\/pure\/\" \/>\n<meta property=\"og:locale\" content=\"it_IT\" \/>\n<meta property=\"og:type\" content=\"article\" \/>\n<meta property=\"og:title\" content=\"Pure - FDG - Fia\u00e7\u00e3o da Gra\u00e7a\" \/>\n<meta property=\"og:url\" content=\"https:\/\/fdg.pt\/produtos\/kniting\/pure\/\" \/>\n<meta property=\"og:site_name\" content=\"FDG - Fia\u00e7\u00e3o da Gra\u00e7a\" \/>\n<meta property=\"article:modified_time\" content=\"2019-01-14T10:01:52+00:00\" \/>\n<meta name=\"twitter:card\" content=\"summary_large_image\" \/>\n<meta name=\"twitter:label1\" content=\"Est. reading time\" \/>\n\t<meta name=\"twitter:data1\" content=\"3 minutes\" \/>\n<script type=\"application\/ld+json\" class=\"yoast-schema-graph\">{\"@context\":\"https:\\\/\\\/schema.org\",\"@graph\":[{\"@type\":\"WebPage\",\"@id\":\"https:\\\/\\\/fdg.pt\\\/produtos\\\/kniting\\\/pure\\\/\",\"url\":\"https:\\\/\\\/fdg.pt\\\/produtos\\\/kniting\\\/pure\\\/\",\"name\":\"Pure - FDG - Fia\u00e7\u00e3o da Gra\u00e7a\",\"isPartOf\":{\"@id\":\"https:\\\/\\\/fdg.pt\\\/fr\\\/#website\"},\"datePublished\":\"2017-07-17T13:50:24+00:00\",\"dateModified\":\"2019-01-14T10:01:52+00:00\",\"breadcrumb\":{\"@id\":\"https:\\\/\\\/fdg.pt\\\/produtos\\\/kniting\\\/pure\\\/#breadcrumb\"},\"inLanguage\":\"it-IT\",\"potentialAction\":[{\"@type\":\"ReadAction\",\"target\":[\"https:\\\/\\\/fdg.pt\\\/produtos\\\/kniting\\\/pure\\\/\"]}]},{\"@type\":\"BreadcrumbList\",\"@id\":\"https:\\\/\\\/fdg.pt\\\/produtos\\\/kniting\\\/pure\\\/#breadcrumb\",\"itemListElement\":[{\"@type\":\"ListItem\",\"position\":1,\"name\":\"In\u00edcio\",\"item\":\"https:\\\/\\\/fdg.pt\\\/\"},{\"@type\":\"ListItem\",\"position\":2,\"name\":\"Produtos\",\"item\":\"https:\\\/\\\/fdg.pt\\\/produtos\\\/\"},{\"@type\":\"ListItem\",\"position\":3,\"name\":\"Kniting\",\"item\":\"https:\\\/\\\/fdg.pt\\\/produtos\\\/kniting\\\/\"},{\"@type\":\"ListItem\",\"position\":4,\"name\":\"Pure\"}]},{\"@type\":\"WebSite\",\"@id\":\"https:\\\/\\\/fdg.pt\\\/fr\\\/#website\",\"url\":\"https:\\\/\\\/fdg.pt\\\/fr\\\/\",\"name\":\"FDG - Fia\u00e7\u00e3o da Gra\u00e7a\",\"description\":\"Inovadores fios penteados, em puro merino ou evolu\u00eddas misturas. Das cl\u00e1ssicas \u00e0s mais modernas tecnologias de fia\u00e7\u00e3o.\",\"potentialAction\":[{\"@type\":\"SearchAction\",\"target\":{\"@type\":\"EntryPoint\",\"urlTemplate\":\"https:\\\/\\\/fdg.pt\\\/fr\\\/?s={search_term_string}\"},\"query-input\":{\"@type\":\"PropertyValueSpecification\",\"valueRequired\":true,\"valueName\":\"search_term_string\"}}],\"inLanguage\":\"it-IT\"}]}<\/script>\n<!-- \/ Yoast SEO plugin. -->","yoast_head_json":{"title":"Pure - FDG - Fia\u00e7\u00e3o da Gra\u00e7a","robots":{"index":"index","follow":"follow","max-snippet":"max-snippet:-1","max-image-preview":"max-image-preview:large","max-video-preview":"max-video-preview:-1"},"canonical":"https:\/\/fdg.pt\/produtos\/kniting\/pure\/","og_locale":"it_IT","og_type":"article","og_title":"Pure - FDG - Fia\u00e7\u00e3o da Gra\u00e7a","og_url":"https:\/\/fdg.pt\/produtos\/kniting\/pure\/","og_site_name":"FDG - Fia\u00e7\u00e3o da Gra\u00e7a","article_modified_time":"2019-01-14T10:01:52+00:00","twitter_card":"summary_large_image","twitter_misc":{"Est. reading time":"3 minutes"},"schema":{"@context":"https:\/\/schema.org","@graph":[{"@type":"WebPage","@id":"https:\/\/fdg.pt\/produtos\/kniting\/pure\/","url":"https:\/\/fdg.pt\/produtos\/kniting\/pure\/","name":"Pure - FDG - Fia\u00e7\u00e3o da Gra\u00e7a","isPartOf":{"@id":"https:\/\/fdg.pt\/fr\/#website"},"datePublished":"2017-07-17T13:50:24+00:00","dateModified":"2019-01-14T10:01:52+00:00","breadcrumb":{"@id":"https:\/\/fdg.pt\/produtos\/kniting\/pure\/#breadcrumb"},"inLanguage":"it-IT","potentialAction":[{"@type":"ReadAction","target":["https:\/\/fdg.pt\/produtos\/kniting\/pure\/"]}]},{"@type":"BreadcrumbList","@id":"https:\/\/fdg.pt\/produtos\/kniting\/pure\/#breadcrumb","itemListElement":[{"@type":"ListItem","position":1,"name":"In\u00edcio","item":"https:\/\/fdg.pt\/"},{"@type":"ListItem","position":2,"name":"Produtos","item":"https:\/\/fdg.pt\/produtos\/"},{"@type":"ListItem","position":3,"name":"Kniting","item":"https:\/\/fdg.pt\/produtos\/kniting\/"},{"@type":"ListItem","position":4,"name":"Pure"}]},{"@type":"WebSite","@id":"https:\/\/fdg.pt\/fr\/#website","url":"https:\/\/fdg.pt\/fr\/","name":"FDG - Fia\u00e7\u00e3o da Gra\u00e7a","description":"Inovadores fios penteados, em puro merino ou evolu\u00eddas misturas. Das cl\u00e1ssicas \u00e0s mais modernas tecnologias de fia\u00e7\u00e3o.","potentialAction":[{"@type":"SearchAction","target":{"@type":"EntryPoint","urlTemplate":"https:\/\/fdg.pt\/fr\/?s={search_term_string}"},"query-input":{"@type":"PropertyValueSpecification","valueRequired":true,"valueName":"search_term_string"}}],"inLanguage":"it-IT"}]}},"_links":{"self":[{"href":"https:\/\/fdg.pt\/it\/wp-json\/wp\/v2\/pages\/7124","targetHints":{"allow":["GET"]}}],"collection":[{"href":"https:\/\/fdg.pt\/it\/wp-json\/wp\/v2\/pages"}],"about":[{"href":"https:\/\/fdg.pt\/it\/wp-json\/wp\/v2\/types\/page"}],"author":[{"embeddable":true,"href":"https:\/\/fdg.pt\/it\/wp-json\/wp\/v2\/users\/1"}],"replies":[{"embeddable":true,"href":"https:\/\/fdg.pt\/it\/wp-json\/wp\/v2\/comments?post=7124"}],"version-history":[{"count":17,"href":"https:\/\/fdg.pt\/it\/wp-json\/wp\/v2\/pages\/7124\/revisions"}],"predecessor-version":[{"id":9966,"href":"https:\/\/fdg.pt\/it\/wp-json\/wp\/v2\/pages\/7124\/revisions\/9966"}],"up":[{"embeddable":true,"href":"https:\/\/fdg.pt\/it\/wp-json\/wp\/v2\/pages\/7069"}],"wp:attachment":[{"href":"https:\/\/fdg.pt\/it\/wp-json\/wp\/v2\/media?parent=7124"}],"curies":[{"name":"wp","href":"https:\/\/api.w.org\/{rel}","templated":true}]}}