{"id":7121,"date":"2017-07-17T13:49:50","date_gmt":"2017-07-17T13:49:50","guid":{"rendered":"http:\/\/www.fdg.pt\/?page_id=7121"},"modified":"2019-01-14T10:00:40","modified_gmt":"2019-01-14T10:00:40","slug":"agile-blends","status":"publish","type":"page","link":"https:\/\/fdg.pt\/it\/produtos\/weaving\/agile-blends\/","title":{"rendered":"Agile Blends"},"content":{"rendered":"<div class=\"wpb_row vc_row  vc_row-fluid  mk-fullwidth-false  attched-false vc_row-fluid\">\n\t<div style=\"\" class=\"vc_col-sm-12 wpb_column column_container \">\n\t\t\t<h3 style=\"font-size: 18px;text-align:left;color: #393836;font-weight:inherit;letter-spacing:0px;margin-top:0px;margin-bottom:18px;\" id=\"fancy-title-69d0158934813\" class=\"mk-shortcode mk-title-box  \"><span style=\"line-height:34px\">\n<p><a href=\"https:\/\/fdg.pt\/produtos\">Produtos<\/a> \/ <a href=\"https:\/\/fdg.pt\/it\/produtos\/weaving\">Weaving<\/a> \/ Agile Blends<\/p>\n<\/span><\/h3><div class=\"clearboth\"><\/div>\n\t<\/div><\/div><div class=\"wpb_row vc_row  vc_row-fluid  mk-fullwidth-false  attched-false vc_row-fluid\">\n\t<div style=\"\" class=\"vc_col-sm-12 wpb_column column_container \">\n\t\t\t<div class=\"clearboth\"><\/div><div class=\"mk-shortcode mk-padding-shortcode\" style=\"height:20px\"><\/div><div class=\"clearboth\"><\/div>\n\t<\/div><\/div><div class=\"wpb_row vc_row  vc_row-fluid  mk-fullwidth-false  attched-false vc_row-fluid\">\n\t<div style=\"\" class=\"vc_col-sm-12 wpb_column column_container \">\n\t\t\t\t<div style=\" margin-bottom:0px;text-align: left;\" class=\"mk-text-block  \">\n<table id=\"tablepress-4\" class=\"tablepress tablepress-id-4\">\n<thead>\n<tr class=\"row-1\">\n\t<th class=\"column-1\">Selec\u00e7\u00e3o<\/th><th class=\"column-2\">Nome do Artigo<\/th><th class=\"column-3\">Nm<\/th><th class=\"column-4\">Tecnologia<\/th><th class=\"column-5\">Composi\u00e7\u00e3o<\/th><th class=\"column-6\">Observa\u00e7\u00f5es<\/th>\n<\/tr>\n<\/thead>\n<tbody class=\"row-striping row-hover\">\n<tr class=\"row-2\">\n\t<td class=\"column-1\"><input type='checkbox' value='DK PWV 2\/64'  onclick='tratarsubjectpedido();' \/><\/td><td class=\"column-2\">DK PWV 2\/64<\/td><td class=\"column-3\">2\/64<\/td><td class=\"column-4\">Sirospun<\/td><td class=\"column-5\">40%PES,30%WO,30%CV<\/td><td class=\"column-6\"><\/td>\n<\/tr>\n<tr class=\"row-3\">\n\t<td class=\"column-1\"><input type='checkbox' value='Peach 2\/70'  onclick='tratarsubjectpedido();' \/><\/td><td class=\"column-2\">Peach 2\/70<\/td><td class=\"column-3\">2\/70<\/td><td class=\"column-4\">Sirospun<\/td><td class=\"column-5\">50%PES,50%CLY<\/td><td class=\"column-6\"><\/td>\n<\/tr>\n<tr class=\"row-4\">\n\t<td class=\"column-1\"><input type='checkbox' value='Crevis 1\/34'  onclick='tratarsubjectpedido();' \/><\/td><td class=\"column-2\">Crevis 1\/34<\/td><td class=\"column-3\">1\/34<\/td><td class=\"column-4\">Single<\/td><td class=\"column-5\">50%WO,50%CV<\/td><td class=\"column-6\"><\/td>\n<\/tr>\n<tr class=\"row-5\">\n\t<td class=\"column-1\"><input type='checkbox' value='Crepa 1\/34'  onclick='tratarsubjectpedido();' \/><\/td><td class=\"column-2\">Crepa 1\/34<\/td><td class=\"column-3\">1\/34<\/td><td class=\"column-4\">Single<\/td><td class=\"column-5\">50%WO,50%PA<\/td><td class=\"column-6\"><\/td>\n<\/tr>\n<tr class=\"row-6\">\n\t<td class=\"column-1\"><input type='checkbox' value='Dundee'  onclick='tratarsubjectpedido();' \/><\/td><td class=\"column-2\">Dundee<\/td><td class=\"column-3\">2\/48<\/td><td class=\"column-4\">Sirospun<\/td><td class=\"column-5\">55%PES,25%WO,20%LI<\/td><td class=\"column-6\"><\/td>\n<\/tr>\n<tr class=\"row-7\">\n\t<td class=\"column-1\"><input type='checkbox' value='Nevada'  onclick='tratarsubjectpedido();' \/><\/td><td class=\"column-2\">Nevada<\/td><td class=\"column-3\">2\/60<\/td><td class=\"column-4\">Sirospun<\/td><td class=\"column-5\">55%PES,25%WO,20%WM<\/td><td class=\"column-6\"><\/td>\n<\/tr>\n<tr class=\"row-8\">\n\t<td class=\"column-1\"><input type='checkbox' value='Texas'  onclick='tratarsubjectpedido();' \/><\/td><td class=\"column-2\">Texas<\/td><td class=\"column-3\">2\/60<\/td><td class=\"column-4\">Sirospun<\/td><td class=\"column-5\">55%PES,30%WO,15%WM<\/td><td class=\"column-6\"><\/td>\n<\/tr>\n<tr class=\"row-9\">\n\t<td class=\"column-1\"><input type='checkbox' value='Dallas'  onclick='tratarsubjectpedido();' \/><\/td><td class=\"column-2\">Dallas<\/td><td class=\"column-3\">2\/60<\/td><td class=\"column-4\">Sirospun<\/td><td class=\"column-5\">55%PES,35%WO,10%WM<\/td><td class=\"column-6\"><\/td>\n<\/tr>\n<tr class=\"row-10\">\n\t<td class=\"column-1\"><input type='checkbox' value='Montana'  onclick='tratarsubjectpedido();' \/><\/td><td class=\"column-2\">Montana<\/td><td class=\"column-3\">2\/70<\/td><td class=\"column-4\">Sirospun<\/td><td class=\"column-5\">57%PES,22%WO,21%WM<\/td><td class=\"column-6\"><\/td>\n<\/tr>\n<tr class=\"row-11\">\n\t<td class=\"column-1\"><input type='checkbox' value='Feet'  onclick='tratarsubjectpedido();' \/><\/td><td class=\"column-2\">Feet<\/td><td class=\"column-3\">2\/80<\/td><td class=\"column-4\">Sirospun<\/td><td class=\"column-5\">60%PES,20%WO,20%CV<\/td><td class=\"column-6\"><\/td>\n<\/tr>\n<tr class=\"row-12\">\n\t<td class=\"column-1\"><input type='checkbox' value='Flamm\u00ea PV'  onclick='tratarsubjectpedido();' \/><\/td><td class=\"column-2\">Flamm\u00ea PV<\/td><td class=\"column-3\">1\/24<\/td><td class=\"column-4\">FLAMM\u00ca<\/td><td class=\"column-5\">65%PES,35%CV<\/td><td class=\"column-6\"><\/td>\n<\/tr>\n<tr class=\"row-13\">\n\t<td class=\"column-1\"><input type='checkbox' value='Cre PV'  onclick='tratarsubjectpedido();' \/><\/td><td class=\"column-2\">Cre PV<\/td><td class=\"column-3\">1\/34<\/td><td class=\"column-4\">Single<\/td><td class=\"column-5\">65%PES,35%CV<\/td><td class=\"column-6\"><\/td>\n<\/tr>\n<tr class=\"row-14\">\n\t<td class=\"column-1\"><input type='checkbox' value='1\/50 PO\/VISC'  onclick='tratarsubjectpedido();' \/><\/td><td class=\"column-2\">1\/50 PO\/VISC<\/td><td class=\"column-3\">1\/50<\/td><td class=\"column-4\">Single<\/td><td class=\"column-5\">65%PES,35%CV<\/td><td class=\"column-6\"><\/td>\n<\/tr>\n<tr class=\"row-15\">\n\t<td class=\"column-1\"><input type='checkbox' value='1\/60 Sim Pv'  onclick='tratarsubjectpedido();' \/><\/td><td class=\"column-2\">1\/60 Sim Pv<\/td><td class=\"column-3\">1\/60<\/td><td class=\"column-4\">Single<\/td><td class=\"column-5\">65%PES,35%CV<\/td><td class=\"column-6\"><\/td>\n<\/tr>\n<tr class=\"row-16\">\n\t<td class=\"column-1\"><input type='checkbox' value='2\/50 Siro PV'  onclick='tratarsubjectpedido();' \/><\/td><td class=\"column-2\">2\/50 Siro PV<\/td><td class=\"column-3\">2\/50<\/td><td class=\"column-4\">Sirospun<\/td><td class=\"column-5\">65%PES,35%CV<\/td><td class=\"column-6\"><\/td>\n<\/tr>\n<tr class=\"row-17\">\n\t<td class=\"column-1\"><input type='checkbox' value='2\/50 PO\/VISC'  onclick='tratarsubjectpedido();' \/><\/td><td class=\"column-2\">2\/50 PO\/VISC<\/td><td class=\"column-3\">2\/50<\/td><td class=\"column-4\">Conventional<\/td><td class=\"column-5\">65%PES,35%CV<\/td><td class=\"column-6\"><\/td>\n<\/tr>\n<tr class=\"row-18\">\n\t<td class=\"column-1\"><input type='checkbox' value='POVIS 2\/56'  onclick='tratarsubjectpedido();' \/><\/td><td class=\"column-2\">POVIS 2\/56<\/td><td class=\"column-3\">2\/56<\/td><td class=\"column-4\">Sirospun<\/td><td class=\"column-5\">65%PES,35%CV<\/td><td class=\"column-6\"><\/td>\n<\/tr>\n<tr class=\"row-19\">\n\t<td class=\"column-1\"><input type='checkbox' value='Mer'  onclick='tratarsubjectpedido();' \/><\/td><td class=\"column-2\">Mer<\/td><td class=\"column-3\">2\/60<\/td><td class=\"column-4\">Sirospun<\/td><td class=\"column-5\">65%PES,35%CV<\/td><td class=\"column-6\"><\/td>\n<\/tr>\n<tr class=\"row-20\">\n\t<td class=\"column-1\"><input type='checkbox' value='2\/70 PO\/VIS'  onclick='tratarsubjectpedido();' \/><\/td><td class=\"column-2\">2\/70 PO\/VIS<\/td><td class=\"column-3\">2\/70<\/td><td class=\"column-4\">Sirospun<\/td><td class=\"column-5\">65%PES,35%CV<\/td><td class=\"column-6\"><\/td>\n<\/tr>\n<tr class=\"row-21\">\n\t<td class=\"column-1\"><input type='checkbox' value='PV 2\/75'  onclick='tratarsubjectpedido();' \/><\/td><td class=\"column-2\">PV 2\/75<\/td><td class=\"column-3\">2\/75<\/td><td class=\"column-4\">Sirospun<\/td><td class=\"column-5\">65%PES,35%CV<\/td><td class=\"column-6\"><\/td>\n<\/tr>\n<tr class=\"row-22\">\n\t<td class=\"column-1\"><input type='checkbox' value='Pev'  onclick='tratarsubjectpedido();' \/><\/td><td class=\"column-2\">Pev<\/td><td class=\"column-3\">2\/80<\/td><td class=\"column-4\">Sirospun<\/td><td class=\"column-5\">65%PES,35%CV<\/td><td class=\"column-6\"><\/td>\n<\/tr>\n<tr class=\"row-23\">\n\t<td class=\"column-1\"><input type='checkbox' value='K PV 2\/90'  onclick='tratarsubjectpedido();' \/><\/td><td class=\"column-2\">K PV 2\/90<\/td><td class=\"column-3\">2\/90<\/td><td class=\"column-4\">Compact Sirospun<\/td><td class=\"column-5\">65%PES,35%CV<\/td><td class=\"column-6\"><\/td>\n<\/tr>\n<tr class=\"row-24\">\n\t<td class=\"column-1\"><input type='checkbox' value='VISLIN 1\/26'  onclick='tratarsubjectpedido();' \/><\/td><td class=\"column-2\">VISLIN 1\/26<\/td><td class=\"column-3\">1\/26<\/td><td class=\"column-4\">Single<\/td><td class=\"column-5\">70%CV,30%LI<\/td><td class=\"column-6\"><\/td>\n<\/tr>\n<tr class=\"row-25\">\n\t<td class=\"column-1\"><input type='checkbox' value='Charme'  onclick='tratarsubjectpedido();' \/><\/td><td class=\"column-2\">Charme<\/td><td class=\"column-3\">2\/56<\/td><td class=\"column-4\">Sirospun<\/td><td class=\"column-5\">70%CV,30%WO<\/td><td class=\"column-6\"><\/td>\n<\/tr>\n<tr class=\"row-26\">\n\t<td class=\"column-1\"><input type='checkbox' value='Pra'  onclick='tratarsubjectpedido();' \/><\/td><td class=\"column-2\">Pra<\/td><td class=\"column-3\">2\/56<\/td><td class=\"column-4\">Sirospun<\/td><td class=\"column-5\">70%PES,30%WO<\/td><td class=\"column-6\"><\/td>\n<\/tr>\n<tr class=\"row-27\">\n\t<td class=\"column-1\"><input type='checkbox' value='Kimono 1\/40'  onclick='tratarsubjectpedido();' \/><\/td><td class=\"column-2\">Kimono 1\/40<\/td><td class=\"column-3\">1\/40<\/td><td class=\"column-4\">Compact Single<\/td><td class=\"column-5\">80%PES,20%SE<\/td><td class=\"column-6\"><\/td>\n<\/tr>\n<\/tbody>\n<\/table>\n<!-- #tablepress-4 from cache -->\n<div class=\"clearboth\"><\/div><\/div> <div class=\"mk-button-align left\"><a href=\"\" target=\"_self\"  class=\"mk-button dark button-69d0158935156 light-color  three-dimension medium pointed   pedirinformacoes pedirinformacoesit\"><span>\nChiedi informazioni\n<\/span><\/a><\/div>\n\n<div id=\"ajax-69d0158935156\" class=\"mk-dynamic-styles\"> .button-69d0158935156 { margin-bottom: 40px; margin-top: 10px; min-width: 0px !important; } .button-69d0158935156 { background-color:#f97352; } .button-69d0158935156:hover { background-color:#e86b4c; } .button-69d0158935156.three-dimension { box-shadow: 0px 3px 0px 0px #c75c42; } .button-69d0158935156.three-dimension:active { box-shadow: 0px 1px 0px 0px #c75c42; } <\/div>\n\t<\/div><\/div>\n","protected":false},"excerpt":{"rendered":"{:pt} Produtos \/ Weaving \/ Agile Blends Selec\u00e7\u00e3oNome do ArtigoNmTecnologiaComposi\u00e7\u00e3oObserva\u00e7\u00f5es DK PWV 2\/642\/64Sirospun40%PES,30%WO,30%CV Peach 2\/702\/70Sirospun50%PES,50%CLY Crevis 1\/341\/34Single50%WO,50%CV Crepa 1\/341\/34Single50%WO,50%PA Dundee2\/48Sirospun55%PES,25%WO,20%LI Nevada2\/60Sirospun55%PES,25%WO,20%WM Texas2\/60Sirospun55%PES,30%WO,15%WM Dallas2\/60Sirospun55%PES,35%WO,10%WM Montana2\/70Sirospun57%PES,22%WO,21%WM Feet2\/80Sirospun60%PES,20%WO,20%CV Flamm\u00ea PV1\/24FLAMM\u00ca65%PES,35%CV Cre PV1\/34Single65%PES,35%CV 1\/50 PO\/VISC1\/50Single65%PES,35%CV 1\/60 Sim Pv1\/60Single65%PES,35%CV 2\/50 Siro PV2\/50Sirospun65%PES,35%CV 2\/50 PO\/VISC2\/50Conventional65%PES,35%CV POVIS 2\/562\/56Sirospun65%PES,35%CV Mer2\/60Sirospun65%PES,35%CV 2\/70 PO\/VIS2\/70Sirospun65%PES,35%CV PV 2\/752\/75Sirospun65%PES,35%CV Pev2\/80Sirospun65%PES,35%CV K PV 2\/902\/90Compact Sirospun65%PES,35%CV VISLIN 1\/261\/26Single70%CV,30%LI Charme2\/56Sirospun70%CV,30%WO Pra2\/56Sirospun70%PES,30%WO [...]","protected":false},"author":1,"featured_media":0,"parent":7065,"menu_order":4,"comment_status":"closed","ping_status":"closed","template":"","meta":{"_exactmetrics_skip_tracking":false,"_exactmetrics_sitenote_active":false,"_exactmetrics_sitenote_note":"","_exactmetrics_sitenote_category":0,"footnotes":""},"class_list":["post-7121","page","type-page","status-publish","hentry"],"translation":{"provider":"WPGlobus","version":"3.0.2","language":"it","enabled_languages":["pt","en","fr","it"],"languages":{"pt":{"title":true,"content":true,"excerpt":false},"en":{"title":true,"content":true,"excerpt":false},"fr":{"title":true,"content":true,"excerpt":false},"it":{"title":true,"content":true,"excerpt":false}}},"aioseo_notices":[],"yoast_head":"<!-- This site is optimized with the Yoast SEO plugin v27.3 - https:\/\/yoast.com\/product\/yoast-seo-wordpress\/ -->\n<title>Agile Blends - FDG - Fia\u00e7\u00e3o da Gra\u00e7a<\/title>\n<meta name=\"robots\" content=\"index, follow, max-snippet:-1, max-image-preview:large, max-video-preview:-1\" \/>\n<link rel=\"canonical\" href=\"https:\/\/fdg.pt\/produtos\/weaving\/agile-blends\/\" \/>\n<meta property=\"og:locale\" content=\"it_IT\" \/>\n<meta property=\"og:type\" content=\"article\" \/>\n<meta property=\"og:title\" content=\"Agile Blends - FDG - Fia\u00e7\u00e3o da Gra\u00e7a\" \/>\n<meta property=\"og:url\" content=\"https:\/\/fdg.pt\/produtos\/weaving\/agile-blends\/\" \/>\n<meta property=\"og:site_name\" content=\"FDG - Fia\u00e7\u00e3o da Gra\u00e7a\" \/>\n<meta property=\"article:modified_time\" content=\"2019-01-14T10:00:40+00:00\" \/>\n<meta name=\"twitter:card\" content=\"summary_large_image\" \/>\n<meta name=\"twitter:label1\" content=\"Est. reading time\" \/>\n\t<meta name=\"twitter:data1\" content=\"3 minutes\" \/>\n<script type=\"application\/ld+json\" class=\"yoast-schema-graph\">{\"@context\":\"https:\\\/\\\/schema.org\",\"@graph\":[{\"@type\":\"WebPage\",\"@id\":\"https:\\\/\\\/fdg.pt\\\/produtos\\\/weaving\\\/agile-blends\\\/\",\"url\":\"https:\\\/\\\/fdg.pt\\\/produtos\\\/weaving\\\/agile-blends\\\/\",\"name\":\"Agile Blends - FDG - Fia\u00e7\u00e3o da Gra\u00e7a\",\"isPartOf\":{\"@id\":\"https:\\\/\\\/fdg.pt\\\/fr\\\/#website\"},\"datePublished\":\"2017-07-17T13:49:50+00:00\",\"dateModified\":\"2019-01-14T10:00:40+00:00\",\"breadcrumb\":{\"@id\":\"https:\\\/\\\/fdg.pt\\\/produtos\\\/weaving\\\/agile-blends\\\/#breadcrumb\"},\"inLanguage\":\"it-IT\",\"potentialAction\":[{\"@type\":\"ReadAction\",\"target\":[\"https:\\\/\\\/fdg.pt\\\/produtos\\\/weaving\\\/agile-blends\\\/\"]}]},{\"@type\":\"BreadcrumbList\",\"@id\":\"https:\\\/\\\/fdg.pt\\\/produtos\\\/weaving\\\/agile-blends\\\/#breadcrumb\",\"itemListElement\":[{\"@type\":\"ListItem\",\"position\":1,\"name\":\"In\u00edcio\",\"item\":\"https:\\\/\\\/fdg.pt\\\/\"},{\"@type\":\"ListItem\",\"position\":2,\"name\":\"Produtos\",\"item\":\"https:\\\/\\\/fdg.pt\\\/produtos\\\/\"},{\"@type\":\"ListItem\",\"position\":3,\"name\":\"Weaving\",\"item\":\"https:\\\/\\\/fdg.pt\\\/produtos\\\/weaving\\\/\"},{\"@type\":\"ListItem\",\"position\":4,\"name\":\"Agile Blends\"}]},{\"@type\":\"WebSite\",\"@id\":\"https:\\\/\\\/fdg.pt\\\/fr\\\/#website\",\"url\":\"https:\\\/\\\/fdg.pt\\\/fr\\\/\",\"name\":\"FDG - Fia\u00e7\u00e3o da Gra\u00e7a\",\"description\":\"Inovadores fios penteados, em puro merino ou evolu\u00eddas misturas. Das cl\u00e1ssicas \u00e0s mais modernas tecnologias de fia\u00e7\u00e3o.\",\"potentialAction\":[{\"@type\":\"SearchAction\",\"target\":{\"@type\":\"EntryPoint\",\"urlTemplate\":\"https:\\\/\\\/fdg.pt\\\/fr\\\/?s={search_term_string}\"},\"query-input\":{\"@type\":\"PropertyValueSpecification\",\"valueRequired\":true,\"valueName\":\"search_term_string\"}}],\"inLanguage\":\"it-IT\"}]}<\/script>\n<!-- \/ Yoast SEO plugin. -->","yoast_head_json":{"title":"Agile Blends - FDG - Fia\u00e7\u00e3o da Gra\u00e7a","robots":{"index":"index","follow":"follow","max-snippet":"max-snippet:-1","max-image-preview":"max-image-preview:large","max-video-preview":"max-video-preview:-1"},"canonical":"https:\/\/fdg.pt\/produtos\/weaving\/agile-blends\/","og_locale":"it_IT","og_type":"article","og_title":"Agile Blends - FDG - Fia\u00e7\u00e3o da Gra\u00e7a","og_url":"https:\/\/fdg.pt\/produtos\/weaving\/agile-blends\/","og_site_name":"FDG - Fia\u00e7\u00e3o da Gra\u00e7a","article_modified_time":"2019-01-14T10:00:40+00:00","twitter_card":"summary_large_image","twitter_misc":{"Est. reading time":"3 minutes"},"schema":{"@context":"https:\/\/schema.org","@graph":[{"@type":"WebPage","@id":"https:\/\/fdg.pt\/produtos\/weaving\/agile-blends\/","url":"https:\/\/fdg.pt\/produtos\/weaving\/agile-blends\/","name":"Agile Blends - FDG - Fia\u00e7\u00e3o da Gra\u00e7a","isPartOf":{"@id":"https:\/\/fdg.pt\/fr\/#website"},"datePublished":"2017-07-17T13:49:50+00:00","dateModified":"2019-01-14T10:00:40+00:00","breadcrumb":{"@id":"https:\/\/fdg.pt\/produtos\/weaving\/agile-blends\/#breadcrumb"},"inLanguage":"it-IT","potentialAction":[{"@type":"ReadAction","target":["https:\/\/fdg.pt\/produtos\/weaving\/agile-blends\/"]}]},{"@type":"BreadcrumbList","@id":"https:\/\/fdg.pt\/produtos\/weaving\/agile-blends\/#breadcrumb","itemListElement":[{"@type":"ListItem","position":1,"name":"In\u00edcio","item":"https:\/\/fdg.pt\/"},{"@type":"ListItem","position":2,"name":"Produtos","item":"https:\/\/fdg.pt\/produtos\/"},{"@type":"ListItem","position":3,"name":"Weaving","item":"https:\/\/fdg.pt\/produtos\/weaving\/"},{"@type":"ListItem","position":4,"name":"Agile Blends"}]},{"@type":"WebSite","@id":"https:\/\/fdg.pt\/fr\/#website","url":"https:\/\/fdg.pt\/fr\/","name":"FDG - Fia\u00e7\u00e3o da Gra\u00e7a","description":"Inovadores fios penteados, em puro merino ou evolu\u00eddas misturas. Das cl\u00e1ssicas \u00e0s mais modernas tecnologias de fia\u00e7\u00e3o.","potentialAction":[{"@type":"SearchAction","target":{"@type":"EntryPoint","urlTemplate":"https:\/\/fdg.pt\/fr\/?s={search_term_string}"},"query-input":{"@type":"PropertyValueSpecification","valueRequired":true,"valueName":"search_term_string"}}],"inLanguage":"it-IT"}]}},"_links":{"self":[{"href":"https:\/\/fdg.pt\/it\/wp-json\/wp\/v2\/pages\/7121","targetHints":{"allow":["GET"]}}],"collection":[{"href":"https:\/\/fdg.pt\/it\/wp-json\/wp\/v2\/pages"}],"about":[{"href":"https:\/\/fdg.pt\/it\/wp-json\/wp\/v2\/types\/page"}],"author":[{"embeddable":true,"href":"https:\/\/fdg.pt\/it\/wp-json\/wp\/v2\/users\/1"}],"replies":[{"embeddable":true,"href":"https:\/\/fdg.pt\/it\/wp-json\/wp\/v2\/comments?post=7121"}],"version-history":[{"count":24,"href":"https:\/\/fdg.pt\/it\/wp-json\/wp\/v2\/pages\/7121\/revisions"}],"predecessor-version":[{"id":9965,"href":"https:\/\/fdg.pt\/it\/wp-json\/wp\/v2\/pages\/7121\/revisions\/9965"}],"up":[{"embeddable":true,"href":"https:\/\/fdg.pt\/it\/wp-json\/wp\/v2\/pages\/7065"}],"wp:attachment":[{"href":"https:\/\/fdg.pt\/it\/wp-json\/wp\/v2\/media?parent=7121"}],"curies":[{"name":"wp","href":"https:\/\/api.w.org\/{rel}","templated":true}]}}