{"id":7115,"date":"2017-07-17T13:48:44","date_gmt":"2017-07-17T13:48:44","guid":{"rendered":"http:\/\/www.fdg.pt\/?page_id=7115"},"modified":"2019-01-14T09:58:46","modified_gmt":"2019-01-14T09:58:46","slug":"wool-rich","status":"publish","type":"page","link":"https:\/\/fdg.pt\/it\/produtos\/weaving\/wool-rich\/","title":{"rendered":"Wool Rich"},"content":{"rendered":"<div class=\"wpb_row vc_row  vc_row-fluid  mk-fullwidth-false  attched-false vc_row-fluid\">\n\t<div style=\"\" class=\"vc_col-sm-12 wpb_column column_container \">\n\t\t\t<h3 style=\"font-size: 18px;text-align:left;color: #393836;font-weight:inherit;letter-spacing:0px;margin-top:0px;margin-bottom:18px;\" id=\"fancy-title-69d015a8c37a2\" class=\"mk-shortcode mk-title-box  \"><span style=\"line-height:34px\">\n<p><a href=\"https:\/\/fdg.pt\/produtos\">Produtos<\/a> \/ <a href=\"https:\/\/fdg.pt\/it\/produtos\/weaving\">Weaving<\/a> \/ Wool Rich<\/p>\n<\/span><\/h3><div class=\"clearboth\"><\/div>\n\t<\/div><\/div><div class=\"wpb_row vc_row  vc_row-fluid  mk-fullwidth-false  attched-false vc_row-fluid\">\n\t<div style=\"\" class=\"vc_col-sm-12 wpb_column column_container \">\n\t\t\t<div class=\"clearboth\"><\/div><div class=\"mk-shortcode mk-padding-shortcode\" style=\"height:20px\"><\/div><div class=\"clearboth\"><\/div>\n\t<\/div><\/div><div class=\"wpb_row vc_row  vc_row-fluid  mk-fullwidth-false  attched-false vc_row-fluid\">\n\t<div style=\"\" class=\"vc_col-sm-12 wpb_column column_container \">\n\t\t\t\t<div style=\" margin-bottom:0px;text-align: left;\" class=\"mk-text-block  \">\n<table id=\"tablepress-2\" class=\"tablepress tablepress-id-2\">\n<thead>\n<tr class=\"row-1\">\n\t<th class=\"column-1\">Selec\u00e7\u00e3o<\/th><th class=\"column-2\">Nome do Artigo<\/th><th class=\"column-3\">Nm<\/th><th class=\"column-4\">Tecnologia<\/th><th class=\"column-5\">Composi\u00e7\u00e3o<\/th><th class=\"column-6\">Observa\u00e7\u00f5es<\/th>\n<\/tr>\n<\/thead>\n<tbody class=\"row-striping row-hover\">\n<tr class=\"row-2\">\n\t<td class=\"column-1\"><input type='checkbox' value='Var' onclick='tratarsubjectpedido();' \/><\/td><td class=\"column-2\">Var<\/td><td class=\"column-3\">1\/32<\/td><td class=\"column-4\">Single<\/td><td class=\"column-5\">60%WO,20%PA,20%WM<\/td><td class=\"column-6\"><\/td>\n<\/tr>\n<tr class=\"row-3\">\n\t<td class=\"column-1\"><input type='checkbox' value='Wo\/Ten 2\/60 750T' onclick='tratarsubjectpedido();' \/><\/td><td class=\"column-2\">Wo\/Ten 2\/60 750T<\/td><td class=\"column-3\">2\/60<\/td><td class=\"column-4\">Sirospun<\/td><td class=\"column-5\">60%WO,40%CLY<\/td><td class=\"column-6\"><\/td>\n<\/tr>\n<tr class=\"row-4\">\n\t<td class=\"column-1\"><input type='checkbox' value='Dili 2\/70'  onclick='tratarsubjectpedido();' \/><\/td><td class=\"column-2\">Dili 2\/70<\/td><td class=\"column-3\">2\/70<\/td><td class=\"column-4\">Sirospun<\/td><td class=\"column-5\">60%WO,40%PA<\/td><td class=\"column-6\"><\/td>\n<\/tr>\n<tr class=\"row-5\">\n\t<td class=\"column-1\"><input type='checkbox' value='Nil 2\/48'  onclick='tratarsubjectpedido();' \/><\/td><td class=\"column-2\">Nil 2\/48<\/td><td class=\"column-3\">2\/48<\/td><td class=\"column-4\">Sirospun<\/td><td class=\"column-5\">60%WO,40%PES<\/td><td class=\"column-6\"><\/td>\n<\/tr>\n<tr class=\"row-6\">\n\t<td class=\"column-1\"><input type='checkbox' value='Cric' onclick='tratarsubjectpedido();' \/><\/td><td class=\"column-2\">Cric<\/td><td class=\"column-3\">2\/56<\/td><td class=\"column-4\">Sirospun<\/td><td class=\"column-5\">60%WO,40%PES<\/td><td class=\"column-6\"><\/td>\n<\/tr>\n<tr class=\"row-7\">\n\t<td class=\"column-1\"><input type='checkbox' value='Rip' onclick='tratarsubjectpedido();' \/><\/td><td class=\"column-2\">Rip<\/td><td class=\"column-3\">2\/60<\/td><td class=\"column-4\">Sirospun<\/td><td class=\"column-5\">60%WO,40%PES<\/td><td class=\"column-6\"><\/td>\n<\/tr>\n<tr class=\"row-8\">\n\t<td class=\"column-1\"><input type='checkbox' value='AB Laine 2\/60' onclick='tratarsubjectpedido();' \/><\/td><td class=\"column-2\">AB Laine 2\/60<\/td><td class=\"column-3\">2\/60<\/td><td class=\"column-4\">Conventional<\/td><td class=\"column-5\">60%WO,40%PES<\/td><td class=\"column-6\"><\/td>\n<\/tr>\n<tr class=\"row-9\">\n\t<td class=\"column-1\"><input type='checkbox' value='Fixe Rich Sca Ecru' onclick='tratarsubjectpedido();' \/><\/td><td class=\"column-2\">Fixe Rich Sca Ecru<\/td><td class=\"column-3\">2\/70<\/td><td class=\"column-4\">Sirospun<\/td><td class=\"column-5\">60%WO,40%PES<\/td><td class=\"column-6\"><\/td>\n<\/tr>\n<tr class=\"row-10\">\n\t<td class=\"column-1\"><input type='checkbox' value='Him N'  onclick='tratarsubjectpedido();' \/><\/td><td class=\"column-2\">Him N<\/td><td class=\"column-3\">2\/80<\/td><td class=\"column-4\">Sirospun<\/td><td class=\"column-5\">60%WO,40%PES<\/td><td class=\"column-6\"><\/td>\n<\/tr>\n<tr class=\"row-11\">\n\t<td class=\"column-1\"><input type='checkbox' value='Ebene 2\/70' onclick='tratarsubjectpedido();' \/><\/td><td class=\"column-2\">Ebene 2\/70<\/td><td class=\"column-3\">2\/70<\/td><td class=\"column-4\">Sirospun<\/td><td class=\"column-5\">70%WO,30%CV<\/td><td class=\"column-6\"><\/td>\n<\/tr>\n<tr class=\"row-12\">\n\t<td class=\"column-1\"><input type='checkbox' value='2\/76 LPA'  onclick='tratarsubjectpedido();' \/><\/td><td class=\"column-2\">2\/76 LPA<\/td><td class=\"column-3\">2\/80<\/td><td class=\"column-4\">Sirospun<\/td><td class=\"column-5\">70%WO,30%PA<\/td><td class=\"column-6\"><\/td>\n<\/tr>\n<tr class=\"row-13\">\n\t<td class=\"column-1\"><input type='checkbox' value='AB Lane 2\/52'  onclick='tratarsubjectpedido();' \/><\/td><td class=\"column-2\">AB Lane 2\/52<\/td><td class=\"column-3\">2\/52<\/td><td class=\"column-4\">Conventional<\/td><td class=\"column-5\">70%WO,30%PES<\/td><td class=\"column-6\"><\/td>\n<\/tr>\n<tr class=\"row-14\">\n\t<td class=\"column-1\"><input type='checkbox' value='Vas 2\/60'  onclick='tratarsubjectpedido();' \/><\/td><td class=\"column-2\">Vas 2\/60<\/td><td class=\"column-3\">2\/60<\/td><td class=\"column-4\">Sirospun<\/td><td class=\"column-5\">70%WO,30%PES<\/td><td class=\"column-6\"><\/td>\n<\/tr>\n<tr class=\"row-15\">\n\t<td class=\"column-1\"><input type='checkbox' value='K Celio 2\/60'  onclick='tratarsubjectpedido();' \/><\/td><td class=\"column-2\">K Celio 2\/60<\/td><td class=\"column-3\">2\/60<\/td><td class=\"column-4\">Compact Sirospun<\/td><td class=\"column-5\">80%WO,20%PA<\/td><td class=\"column-6\"><\/td>\n<\/tr>\n<tr class=\"row-16\">\n\t<td class=\"column-1\"><input type='checkbox' value='Siro 2\/70 WP'  onclick='tratarsubjectpedido();' \/><\/td><td class=\"column-2\">Siro 2\/70 WP<\/td><td class=\"column-3\">2\/70<\/td><td class=\"column-4\">Sirospun<\/td><td class=\"column-5\">80%WO,20%PES<\/td><td class=\"column-6\"><\/td>\n<\/tr>\n<tr class=\"row-17\">\n\t<td class=\"column-1\"><input type='checkbox' value='AB K Siro 2\/64'  onclick='tratarsubjectpedido();' \/><\/td><td class=\"column-2\">AB K Siro 2\/64<\/td><td class=\"column-3\">2\/64<\/td><td class=\"column-4\">Compact Sirospun<\/td><td class=\"column-5\">80%WO,20%SE<\/td><td class=\"column-6\"><\/td>\n<\/tr>\n<tr class=\"row-18\">\n\t<td class=\"column-1\"><input type='checkbox' value='Laimho'  onclick='tratarsubjectpedido();' \/><\/td><td class=\"column-2\">Laimho<\/td><td class=\"column-3\">1\/36<\/td><td class=\"column-4\">Single<\/td><td class=\"column-5\">80%WO,20%WM<\/td><td class=\"column-6\"><\/td>\n<\/tr>\n<tr class=\"row-19\">\n\t<td class=\"column-1\"><input type='checkbox' value='Cape'  onclick='tratarsubjectpedido();' \/><\/td><td class=\"column-2\">Cape<\/td><td class=\"column-3\">2\/48<\/td><td class=\"column-4\">Sirospun<\/td><td class=\"column-5\">80%WO,20%WM<\/td><td class=\"column-6\"><\/td>\n<\/tr>\n<tr class=\"row-20\">\n\t<td class=\"column-1\"><input type='checkbox' value='Jam 2\/54'  onclick='tratarsubjectpedido();' \/><\/td><td class=\"column-2\">Jam 2\/54<\/td><td class=\"column-3\">2\/54<\/td><td class=\"column-4\">Conventional<\/td><td class=\"column-5\">90%WO,10%PA<\/td><td class=\"column-6\"><\/td>\n<\/tr>\n<tr class=\"row-21\">\n\t<td class=\"column-1\"><input type='checkbox' value='AB Single 1\/29'  onclick='tratarsubjectpedido();' \/><\/td><td class=\"column-2\">AB Single 1\/29<\/td><td class=\"column-3\">1\/30<\/td><td class=\"column-4\">Single<\/td><td class=\"column-5\">90%WO,10%WM<\/td><td class=\"column-6\"><\/td>\n<\/tr>\n<\/tbody>\n<\/table>\n<!-- #tablepress-2 from cache -->\n<div class=\"clearboth\"><\/div><\/div> <div class=\"mk-button-align left\"><a href=\"\" target=\"_self\"  class=\"mk-button dark button-69d015a8c40b8 light-color  three-dimension medium pointed   pedirinformacoes pedirinformacoesit\"><span>\nChiedi informazioni\n<\/span><\/a><\/div>\n\n<div id=\"ajax-69d015a8c40b8\" class=\"mk-dynamic-styles\"> .button-69d015a8c40b8 { margin-bottom: 40px; margin-top: 10px; min-width: 0px !important; } .button-69d015a8c40b8 { background-color:#f97352; } .button-69d015a8c40b8:hover { background-color:#e86b4c; } .button-69d015a8c40b8.three-dimension { box-shadow: 0px 3px 0px 0px #c75c42; } .button-69d015a8c40b8.three-dimension:active { box-shadow: 0px 1px 0px 0px #c75c42; } <\/div>\n\t<\/div><\/div>\n","protected":false},"excerpt":{"rendered":"{:pt} Produtos \/ Weaving \/ Wool Rich Selec\u00e7\u00e3oNome do ArtigoNmTecnologiaComposi\u00e7\u00e3oObserva\u00e7\u00f5es Var1\/32Single60%WO,20%PA,20%WM Wo\/Ten 2\/60 750T2\/60Sirospun60%WO,40%CLY Dili 2\/702\/70Sirospun60%WO,40%PA Nil 2\/482\/48Sirospun60%WO,40%PES Cric2\/56Sirospun60%WO,40%PES Rip2\/60Sirospun60%WO,40%PES AB Laine 2\/602\/60Conventional60%WO,40%PES Fixe Rich Sca Ecru2\/70Sirospun60%WO,40%PES Him N2\/80Sirospun60%WO,40%PES Ebene 2\/702\/70Sirospun70%WO,30%CV 2\/76 LPA2\/80Sirospun70%WO,30%PA AB Lane 2\/522\/52Conventional70%WO,30%PES Vas 2\/602\/60Sirospun70%WO,30%PES K Celio 2\/602\/60Compact Sirospun80%WO,20%PA Siro 2\/70 WP2\/70Sirospun80%WO,20%PES AB K Siro 2\/642\/64Compact Sirospun80%WO,20%SE Laimho1\/36Single80%WO,20%WM Cape2\/48Sirospun80%WO,20%WM Jam 2\/542\/54Conventional90%WO,10%PA AB [...]","protected":false},"author":1,"featured_media":0,"parent":7065,"menu_order":2,"comment_status":"closed","ping_status":"closed","template":"","meta":{"_exactmetrics_skip_tracking":false,"_exactmetrics_sitenote_active":false,"_exactmetrics_sitenote_note":"","_exactmetrics_sitenote_category":0,"footnotes":""},"class_list":["post-7115","page","type-page","status-publish","hentry"],"translation":{"provider":"WPGlobus","version":"3.0.2","language":"it","enabled_languages":["pt","en","fr","it"],"languages":{"pt":{"title":true,"content":true,"excerpt":false},"en":{"title":true,"content":true,"excerpt":false},"fr":{"title":true,"content":true,"excerpt":false},"it":{"title":true,"content":true,"excerpt":false}}},"aioseo_notices":[],"yoast_head":"<!-- This site is optimized with the Yoast SEO plugin v27.3 - https:\/\/yoast.com\/product\/yoast-seo-wordpress\/ -->\n<title>Wool Rich - FDG - Fia\u00e7\u00e3o da Gra\u00e7a<\/title>\n<meta name=\"robots\" content=\"index, follow, max-snippet:-1, max-image-preview:large, max-video-preview:-1\" \/>\n<link rel=\"canonical\" href=\"https:\/\/fdg.pt\/produtos\/weaving\/wool-rich\/\" \/>\n<meta property=\"og:locale\" content=\"it_IT\" \/>\n<meta property=\"og:type\" content=\"article\" \/>\n<meta property=\"og:title\" content=\"Wool Rich - FDG - Fia\u00e7\u00e3o da Gra\u00e7a\" \/>\n<meta property=\"og:url\" content=\"https:\/\/fdg.pt\/produtos\/weaving\/wool-rich\/\" \/>\n<meta property=\"og:site_name\" content=\"FDG - Fia\u00e7\u00e3o da Gra\u00e7a\" \/>\n<meta property=\"article:modified_time\" content=\"2019-01-14T09:58:46+00:00\" \/>\n<meta name=\"twitter:card\" content=\"summary_large_image\" \/>\n<meta name=\"twitter:label1\" content=\"Est. reading time\" \/>\n\t<meta name=\"twitter:data1\" content=\"3 minutes\" \/>\n<script type=\"application\/ld+json\" class=\"yoast-schema-graph\">{\"@context\":\"https:\\\/\\\/schema.org\",\"@graph\":[{\"@type\":\"WebPage\",\"@id\":\"https:\\\/\\\/fdg.pt\\\/produtos\\\/weaving\\\/wool-rich\\\/\",\"url\":\"https:\\\/\\\/fdg.pt\\\/produtos\\\/weaving\\\/wool-rich\\\/\",\"name\":\"Wool Rich - FDG - Fia\u00e7\u00e3o da Gra\u00e7a\",\"isPartOf\":{\"@id\":\"https:\\\/\\\/fdg.pt\\\/fr\\\/#website\"},\"datePublished\":\"2017-07-17T13:48:44+00:00\",\"dateModified\":\"2019-01-14T09:58:46+00:00\",\"breadcrumb\":{\"@id\":\"https:\\\/\\\/fdg.pt\\\/produtos\\\/weaving\\\/wool-rich\\\/#breadcrumb\"},\"inLanguage\":\"it-IT\",\"potentialAction\":[{\"@type\":\"ReadAction\",\"target\":[\"https:\\\/\\\/fdg.pt\\\/produtos\\\/weaving\\\/wool-rich\\\/\"]}]},{\"@type\":\"BreadcrumbList\",\"@id\":\"https:\\\/\\\/fdg.pt\\\/produtos\\\/weaving\\\/wool-rich\\\/#breadcrumb\",\"itemListElement\":[{\"@type\":\"ListItem\",\"position\":1,\"name\":\"In\u00edcio\",\"item\":\"https:\\\/\\\/fdg.pt\\\/\"},{\"@type\":\"ListItem\",\"position\":2,\"name\":\"Produtos\",\"item\":\"https:\\\/\\\/fdg.pt\\\/produtos\\\/\"},{\"@type\":\"ListItem\",\"position\":3,\"name\":\"Weaving\",\"item\":\"https:\\\/\\\/fdg.pt\\\/produtos\\\/weaving\\\/\"},{\"@type\":\"ListItem\",\"position\":4,\"name\":\"Wool Rich\"}]},{\"@type\":\"WebSite\",\"@id\":\"https:\\\/\\\/fdg.pt\\\/fr\\\/#website\",\"url\":\"https:\\\/\\\/fdg.pt\\\/fr\\\/\",\"name\":\"FDG - Fia\u00e7\u00e3o da Gra\u00e7a\",\"description\":\"Inovadores fios penteados, em puro merino ou evolu\u00eddas misturas. Das cl\u00e1ssicas \u00e0s mais modernas tecnologias de fia\u00e7\u00e3o.\",\"potentialAction\":[{\"@type\":\"SearchAction\",\"target\":{\"@type\":\"EntryPoint\",\"urlTemplate\":\"https:\\\/\\\/fdg.pt\\\/fr\\\/?s={search_term_string}\"},\"query-input\":{\"@type\":\"PropertyValueSpecification\",\"valueRequired\":true,\"valueName\":\"search_term_string\"}}],\"inLanguage\":\"it-IT\"}]}<\/script>\n<!-- \/ Yoast SEO plugin. -->","yoast_head_json":{"title":"Wool Rich - FDG - Fia\u00e7\u00e3o da Gra\u00e7a","robots":{"index":"index","follow":"follow","max-snippet":"max-snippet:-1","max-image-preview":"max-image-preview:large","max-video-preview":"max-video-preview:-1"},"canonical":"https:\/\/fdg.pt\/produtos\/weaving\/wool-rich\/","og_locale":"it_IT","og_type":"article","og_title":"Wool Rich - FDG - Fia\u00e7\u00e3o da Gra\u00e7a","og_url":"https:\/\/fdg.pt\/produtos\/weaving\/wool-rich\/","og_site_name":"FDG - Fia\u00e7\u00e3o da Gra\u00e7a","article_modified_time":"2019-01-14T09:58:46+00:00","twitter_card":"summary_large_image","twitter_misc":{"Est. reading time":"3 minutes"},"schema":{"@context":"https:\/\/schema.org","@graph":[{"@type":"WebPage","@id":"https:\/\/fdg.pt\/produtos\/weaving\/wool-rich\/","url":"https:\/\/fdg.pt\/produtos\/weaving\/wool-rich\/","name":"Wool Rich - FDG - Fia\u00e7\u00e3o da Gra\u00e7a","isPartOf":{"@id":"https:\/\/fdg.pt\/fr\/#website"},"datePublished":"2017-07-17T13:48:44+00:00","dateModified":"2019-01-14T09:58:46+00:00","breadcrumb":{"@id":"https:\/\/fdg.pt\/produtos\/weaving\/wool-rich\/#breadcrumb"},"inLanguage":"it-IT","potentialAction":[{"@type":"ReadAction","target":["https:\/\/fdg.pt\/produtos\/weaving\/wool-rich\/"]}]},{"@type":"BreadcrumbList","@id":"https:\/\/fdg.pt\/produtos\/weaving\/wool-rich\/#breadcrumb","itemListElement":[{"@type":"ListItem","position":1,"name":"In\u00edcio","item":"https:\/\/fdg.pt\/"},{"@type":"ListItem","position":2,"name":"Produtos","item":"https:\/\/fdg.pt\/produtos\/"},{"@type":"ListItem","position":3,"name":"Weaving","item":"https:\/\/fdg.pt\/produtos\/weaving\/"},{"@type":"ListItem","position":4,"name":"Wool Rich"}]},{"@type":"WebSite","@id":"https:\/\/fdg.pt\/fr\/#website","url":"https:\/\/fdg.pt\/fr\/","name":"FDG - Fia\u00e7\u00e3o da Gra\u00e7a","description":"Inovadores fios penteados, em puro merino ou evolu\u00eddas misturas. Das cl\u00e1ssicas \u00e0s mais modernas tecnologias de fia\u00e7\u00e3o.","potentialAction":[{"@type":"SearchAction","target":{"@type":"EntryPoint","urlTemplate":"https:\/\/fdg.pt\/fr\/?s={search_term_string}"},"query-input":{"@type":"PropertyValueSpecification","valueRequired":true,"valueName":"search_term_string"}}],"inLanguage":"it-IT"}]}},"_links":{"self":[{"href":"https:\/\/fdg.pt\/it\/wp-json\/wp\/v2\/pages\/7115","targetHints":{"allow":["GET"]}}],"collection":[{"href":"https:\/\/fdg.pt\/it\/wp-json\/wp\/v2\/pages"}],"about":[{"href":"https:\/\/fdg.pt\/it\/wp-json\/wp\/v2\/types\/page"}],"author":[{"embeddable":true,"href":"https:\/\/fdg.pt\/it\/wp-json\/wp\/v2\/users\/1"}],"replies":[{"embeddable":true,"href":"https:\/\/fdg.pt\/it\/wp-json\/wp\/v2\/comments?post=7115"}],"version-history":[{"count":19,"href":"https:\/\/fdg.pt\/it\/wp-json\/wp\/v2\/pages\/7115\/revisions"}],"predecessor-version":[{"id":9963,"href":"https:\/\/fdg.pt\/it\/wp-json\/wp\/v2\/pages\/7115\/revisions\/9963"}],"up":[{"embeddable":true,"href":"https:\/\/fdg.pt\/it\/wp-json\/wp\/v2\/pages\/7065"}],"wp:attachment":[{"href":"https:\/\/fdg.pt\/it\/wp-json\/wp\/v2\/media?parent=7115"}],"curies":[{"name":"wp","href":"https:\/\/api.w.org\/{rel}","templated":true}]}}