{"id":4858,"date":"2014-09-01T18:08:31","date_gmt":"2014-09-01T18:08:31","guid":{"rendered":"http:\/\/artbees.net\/themes\/jupiter\/?page_id=4858"},"modified":"2024-08-26T06:45:47","modified_gmt":"2024-08-26T06:45:47","slug":"apresentacao","status":"publish","type":"page","link":"https:\/\/fdg.pt\/it\/apresentacao\/","title":{"rendered":"Chi Siamo"},"content":{"rendered":"<div class=\"clearboth\"><\/div><\/div><\/div><\/div><div id=\"mk-page-section-69d000f44591a\" data-intro-effect=\"false\" class=\"full-width-69d000f44591a mk-background-stretch  full-height-false mk-page-section self-hosted mk-blur-parent mk-shortcode  slidertop\" ><div style=\"background-color:#000000;opacity:0.4; -ms-filter:'progid:DXImageTransform.Microsoft.Alpha(Opacity=40)';\" class=\"mk-video-color-mask\"><\/div><div class=\"background-clipper\"><div id=\"background-layer--69d000f44591a\" class=\"background-layer mk-background-stretch  clipper-false parallax-false\" data-speedFactor=\"0\"><\/div><\/div><div class=\"mk-grid vc_row-fluid page-section-content\"><div class=\"mk-padding-wrapper\">\n\t<div style=\"\" class=\"vc_col-sm-12 wpb_column column_container \">\n\t\t\t<span style=\"color:#fff\" class=\"mk-highlight mk-shortcode \"><\/span>\n\t<\/div><\/div><div class=\"clearboth\"><\/div><\/div><div class=\"clearboth\"><\/div><\/div><div class=\"mk-main-wrapper-holder\"><div class=\"theme-page-wrapper  -layout mk-grid vc_row-fluid row-fluid\"><div class=\"theme-content \"><div id=\"ajax-69d000f44591a\" class=\"mk-dynamic-styles\"> .full-width-69d000f44591a { min-height:360px; padding:140px 0 80px; margin-bottom:0px; background-color:#ffffff; } #background-layer--69d000f44591a { background-image:url(https:\/\/fdg.pt\/wp-content\/uploads\/2014\/09\/apresentacao.jpg); background-position:center bottom; background-repeat:no-repeat; ; } .full-width-69d000f44591a .mk-fancy-title.pattern-style span, .full-width-69d000f44591a .mk-blog-view-all { background-color: #ffffff !important; }<\/div><div class=\"wpb_row vc_row  vc_row-fluid  mk-fullwidth-false  attched-false vc_row-fluid\">\n\t<div style=\"\" class=\"vc_col-sm-12 wpb_column column_container \">\n\t\t\t<div style=\"padding: 0px 0 60px;\" class=\"mk-divider mk-shortcode divider_full_width center padding_space \"><div class=\"divider-inner\" style=\"\"><\/div><\/div><div class=\"clearboth\"><\/div>\n\t<\/div><\/div><div class=\"wpb_row vc_row  vc_row-fluid  mk-fullwidth-false  attched-false vc_row-fluid\">\n\t<div style=\"\" class=\"vc_col-sm-6 vc_col-xs-12 wpb_column column_container vc_custom_1498842867631 \">\n\t\t\t\t<div style=\" margin-bottom:0px;text-align: left;\" class=\"mk-text-block  \"><p><b>FDG\u00a0<\/b>\u00e8 molto pi\u00f9 che un\u2019azienda di filati pettinati&#8230; significa convinzione, perseveranza ed ottimismo.<\/p>\n<p>Significa affidabilit\u00e0, passione e dinamismo, per rinnovarsi continuamente ed essere sempre all\u2019altezza delle aspettative&#8230; Venite a conoscerci<\/p>\n<p>L\u2019attuale societ\u00e0 F.D.G. &#8211; Fia\u00e7\u00e3o da Gra\u00e7a nasce nel 2003, ma l\u2019attivit\u00e0 di filatura comincia molto prima, nel 1974&#8230;<\/p>\n<p>Nella<strong> FDG<\/strong> troverete la competenza derivante da anni di esperienza, ma sentirete anche lo slancio e l\u2019energia di una nuova generazione, impegnata nella quotidiana ricerca di nuovi partner ma anche nella fidelizzazione e piena soddisfazione dei clienti e dei soci di sempre&#8230;<\/p>\n<p>Nella <strong>FDG<\/strong> potete sentire ed ascoltare, nei 340 giorni di lavoro all\u2019anno, il ritmo di 14.000 fusi, collegati a quattro linee di preparazione indipendenti, che producono circa 1.600 tonnellate di filo all\u2019anno&#8230; dietro ogni grammo di filo creato vi \u00e8 un intero team che lavora incessantemente per ottimizzare l\u2019Efficienza, Innovare i processi e i prodotti, interagire a miglioramento della Qualit\u00e0, e rispettare gli impegni assunti con Seriet\u00e0 ed Affidabilit\u00e0!<\/p>\n<div class=\"clearboth\"><\/div><\/div> \n\t<\/div>\n\t<div style=\"\" class=\"vc_col-sm-6 vc_col-xs-12 wpb_column column_container vc_custom_1499867502869 \">\n\t\t\t\t<div style=\" margin-bottom:0px;text-align: left;\" class=\"mk-text-block  \"><p class=\"p1\">Nella <strong>FDG<\/strong> trovate un\u2019ampia gamma di articoli: Per Tessitura a navetta tradizionale o Tessitura Circolare a Maglia. Applicazioni diverse come abbigliamento formale, informale ed intimo, sportivo, indumenti tecnici e protettivi, tessuti per arredamento tradizionali e velluti&#8230;<\/p>\n<p class=\"p1\">Tra i nostri filati Bestsellers sono disponibili in stock service alcuni colori, con consegna rapida (da 2 a 3 settimane). Per tutti i nostri filati abbiamo una vasta gamma di colori ricettati, compreso&#8230; il colore che cercate! (riproduzioni di colori a campione in un massimo di 10 giorni).<\/p>\n<p class=\"p1\">Abbiamo un\u2019ampia gamma di prodotti, ma soprattutto abbiamo la flessibilit\u00e0 necessaria a realizzare ci\u00f2 che desiderate, creando:\u00a0Valore aggiunto, Personalizzazione e Successo!<\/p>\n<p class=\"p1\">Nella <strong>FDG<\/strong> siamo autenticamente impegnati nei confronti di tutto ci\u00f2 che ci circonda: il contesto Sociale, Ambientale e Culturale&#8230; per questo siamo orgogliosi di avere ed essere degli Amici Speciali&#8230;<\/p>\n<div class=\"clearboth\"><\/div><\/div> \n\t<\/div><\/div><div class=\"wpb_row vc_row  vc_row-fluid  mk-fullwidth-false  attched-false vc_row-fluid\">\n\t<div style=\"\" class=\"vc_col-sm-12 wpb_column column_container \">\n\t\t\t\t<div style=\" margin-bottom:0px;text-align: left;\" class=\"mk-text-block  \"><p><strong>MISSION FDG<\/strong><\/p>\n<p>Produzione e commercializzazione di <strong>filati pettinati lanieri<\/strong>. Articoli personalizzati, competitivi, e con elevati standard di qualit\u00e0 e servizio. Filati per Tessitura e Maglieria circolare, per uso Abbigliamento, Tecnico, Arredamento ed Automotive.<\/p>\n<div class=\"clearboth\"><\/div><\/div> \n\t<\/div><\/div><div class=\"wpb_row vc_row  vc_row-fluid  mk-fullwidth-false  attched-false vc_row-fluid\">\n\t<div style=\"\" class=\"vc_col-sm-12 wpb_column column_container \">\n\t\t\t\t<div style=\" margin-bottom:0px;text-align: left;\" class=\"mk-text-block  \"><p><strong>VISION FDG<\/strong><\/p>\n<p>Essere il partner perfetto e la migliore filatura pettinata per i principali attori europei, nella Tessitura e Maglieria circolare, per uso Abbigliamento, Tecnico, Arredamento ed Automotive.<\/p>\n<div class=\"clearboth\"><\/div><\/div> \n\t<\/div><\/div><div class=\"wpb_row vc_row  vc_row-fluid  mk-fullwidth-false  attched-false vc_row-fluid\">\n\t<div style=\"\" class=\"vc_col-sm-12 wpb_column column_container \">\n\t\t\t<h3 style=\"font-size: 15px;text-align:left;color: #393836;font-weight:inherit;letter-spacing:0px;margin-top:0px;margin-bottom:18px;\" id=\"fancy-title-69d000f446a47\" class=\"mk-shortcode mk-title-box  \"><span style=\"line-height:34px\"><strong>VALORI FDG<\/strong><\/span><\/h3><div class=\"clearboth\"><\/div>\n\t<\/div><\/div><div class=\"wpb_row vc_row  vc_row-fluid  mk-fullwidth-false  attched-false vc_row-fluid\">\n\t<div style=\"\" class=\"vc_col-sm-12 wpb_column column_container \">\n\t\t\t<div id=\"ajax-69d000f446c30\" class=\"mk-dynamic-styles\"> #mk-imagebox-69d000f446c30 .item-holder, #mk-imagebox-69d000f446c30 .swiper-navigation{ margin: 0 10px; }<\/div><div id=\"mk-imagebox-69d000f446c30\" class=\"mk-imagebox-shortcode column-style\"><div class=\"imagebox-five-column\"><div id=\"ajax-69d000f446cfb\" class=\"mk-dynamic-styles\"> #imagebox-item-69d000f446cfb .mk-imagebox-item-title{ font-size:16px;} #imagebox-item-69d000f446cfb .mk-imagebox-item-text, #imagebox-item-69d000f446cfb .mk-imagebox-item-text p {} #imagebox-item-69d000f446cfb .mk-imagebox-item-button a {} #imagebox-item-69d000f446cfb .mk-imagebox-item-button a:hover{}<\/div><div class=\"swiper-slide\"><div id=\"imagebox-item-69d000f446cfb\" class=\"mk-imagebox-item\"><div class=\"item-holder\"><div class=\"mk-imagebox-item-content\" style=\"background-color:#ffffff;\"><div class=\"mk-imagebox-item-image padding-false\"><img decoding=\"async\" src=\"https:\/\/fdg.pt\/wp-content\/uploads\/2014\/09\/Flexibilidade2.jpg\" alt=\"\" \/><\/div><div class=\"mk-imagebox-item-title\"><h5 style=\"font-weight:inherit;\">Flessibilit\u00e0<\/h5><\/div><\/div><\/div><\/div><\/div><div id=\"ajax-69d000f446d61\" class=\"mk-dynamic-styles\"> #imagebox-item-69d000f446d61 .mk-imagebox-item-title{ font-size:16px;} #imagebox-item-69d000f446d61 .mk-imagebox-item-text, #imagebox-item-69d000f446d61 .mk-imagebox-item-text p {} #imagebox-item-69d000f446d61 .mk-imagebox-item-button a {} #imagebox-item-69d000f446d61 .mk-imagebox-item-button a:hover{}<\/div><div class=\"swiper-slide\"><div id=\"imagebox-item-69d000f446d61\" class=\"mk-imagebox-item\"><div class=\"item-holder\"><div class=\"mk-imagebox-item-content\" style=\"background-color:#ffffff;\"><div class=\"mk-imagebox-item-image padding-false\"><img decoding=\"async\" src=\"https:\/\/fdg.pt\/wp-content\/uploads\/2014\/09\/business-time-clock-clocks-48770.jpg\" alt=\"\" \/><\/div><div class=\"mk-imagebox-item-title\"><h5 style=\"font-weight:inherit;\">PUNTUALIT\u00c0 NELLE SCADENZE<\/h5><\/div><\/div><\/div><\/div><\/div><div id=\"ajax-69d000f446dbe\" class=\"mk-dynamic-styles\"> #imagebox-item-69d000f446dbe .mk-imagebox-item-title{ font-size:16px;} #imagebox-item-69d000f446dbe .mk-imagebox-item-text, #imagebox-item-69d000f446dbe .mk-imagebox-item-text p {} #imagebox-item-69d000f446dbe .mk-imagebox-item-button a {} #imagebox-item-69d000f446dbe .mk-imagebox-item-button a:hover{}<\/div><div class=\"swiper-slide\"><div id=\"imagebox-item-69d000f446dbe\" class=\"mk-imagebox-item\"><div class=\"item-holder\"><div class=\"mk-imagebox-item-content\" style=\"background-color:#ffffff;\"><div class=\"mk-imagebox-item-image padding-false\"><img decoding=\"async\" src=\"https:\/\/fdg.pt\/wp-content\/uploads\/2014\/09\/Inovacao.jpg\" alt=\"\" \/><\/div><div class=\"mk-imagebox-item-title\"><h5 style=\"font-weight:inherit;\">INNOVAZIONE<\/h5><\/div><\/div><\/div><\/div><\/div><div id=\"ajax-69d000f446e1a\" class=\"mk-dynamic-styles\"> #imagebox-item-69d000f446e1a .mk-imagebox-item-title{ font-size:16px;} #imagebox-item-69d000f446e1a .mk-imagebox-item-text, #imagebox-item-69d000f446e1a .mk-imagebox-item-text p {} #imagebox-item-69d000f446e1a .mk-imagebox-item-button a {} #imagebox-item-69d000f446e1a .mk-imagebox-item-button a:hover{}<\/div><div class=\"swiper-slide\"><div id=\"imagebox-item-69d000f446e1a\" class=\"mk-imagebox-item\"><div class=\"item-holder\"><div class=\"mk-imagebox-item-content\" style=\"background-color:#ffffff;\"><div class=\"mk-imagebox-item-image padding-false\"><img decoding=\"async\" src=\"https:\/\/fdg.pt\/wp-content\/uploads\/2014\/09\/DSC_2145.jpg\" alt=\"\" \/><\/div><div class=\"mk-imagebox-item-title\"><h5 style=\"font-weight:inherit;\">QUALIT\u00c0<\/h5><\/div><\/div><\/div><\/div><\/div><div id=\"ajax-69d000f446e73\" class=\"mk-dynamic-styles\"> #imagebox-item-69d000f446e73 .mk-imagebox-item-title{ font-size:16px;} #imagebox-item-69d000f446e73 .mk-imagebox-item-text, #imagebox-item-69d000f446e73 .mk-imagebox-item-text p {} #imagebox-item-69d000f446e73 .mk-imagebox-item-button a {} #imagebox-item-69d000f446e73 .mk-imagebox-item-button a:hover{}<\/div><div class=\"swiper-slide\"><div id=\"imagebox-item-69d000f446e73\" class=\"mk-imagebox-item\"><div class=\"item-holder\"><div class=\"mk-imagebox-item-content\" style=\"background-color:#ffffff;\"><div class=\"mk-imagebox-item-image padding-false\"><img decoding=\"async\" src=\"https:\/\/fdg.pt\/wp-content\/uploads\/2014\/09\/classic-blends.jpg\" alt=\"\" \/><\/div><div class=\"mk-imagebox-item-title\"><h5 style=\"font-weight:inherit;\">PARTENARIATO<\/h5><\/div><\/div><\/div><\/div><\/div>\n<\/div><div class=\"clearboth\"><\/div><\/div>\n\t<\/div><\/div>\n","protected":false},"excerpt":{"rendered":"{:pt} .full-width-69d000f4473ae { min-height:360px; padding:140px 0 80px; margin-bottom:0px; background-color:#ffffff; } #background-layer--69d000f4473ae { background-image:url(https:\/\/fdg.pt\/wp-content\/uploads\/2014\/09\/apresentacao.jpg); background-position:center bottom; background-repeat:no-repeat; ; } .full-width-69d000f4473ae .mk-fancy-title.pattern-style span, .full-width-69d000f4473ae .mk-blog-view-all { background-color: #ffffff !important; } FDG,\u2026 significa, muito mais do que uma fia\u00e7\u00e3o de penteados de fibras longas,\u2026 significa convic\u00e7\u00e3o, perseveran\u00e7a e otimismo. Significa atitude, paix\u00e3o e dinamismo de se renovar constantemente [...]","protected":false},"author":1,"featured_media":0,"parent":0,"menu_order":0,"comment_status":"open","ping_status":"open","template":"","meta":{"_exactmetrics_skip_tracking":false,"_exactmetrics_sitenote_active":false,"_exactmetrics_sitenote_note":"","_exactmetrics_sitenote_category":0,"footnotes":""},"class_list":["post-4858","page","type-page","status-publish","hentry"],"translation":{"provider":"WPGlobus","version":"3.0.2","language":"it","enabled_languages":["pt","en","fr","it"],"languages":{"pt":{"title":true,"content":true,"excerpt":false},"en":{"title":true,"content":true,"excerpt":false},"fr":{"title":true,"content":true,"excerpt":false},"it":{"title":true,"content":true,"excerpt":false}}},"aioseo_notices":[],"yoast_head":"<!-- This site is optimized with the Yoast SEO plugin v27.3 - https:\/\/yoast.com\/product\/yoast-seo-wordpress\/ -->\n<title>Chi Siamo - FDG - Fia\u00e7\u00e3o da Gra\u00e7a<\/title>\n<meta name=\"robots\" content=\"index, follow, max-snippet:-1, max-image-preview:large, max-video-preview:-1\" \/>\n<link rel=\"canonical\" href=\"https:\/\/fdg.pt\/apresentacao\/\" \/>\n<meta property=\"og:locale\" content=\"it_IT\" \/>\n<meta property=\"og:type\" content=\"article\" \/>\n<meta property=\"og:title\" content=\"Chi Siamo - FDG - Fia\u00e7\u00e3o da Gra\u00e7a\" \/>\n<meta property=\"og:url\" content=\"https:\/\/fdg.pt\/apresentacao\/\" \/>\n<meta property=\"og:site_name\" content=\"FDG - Fia\u00e7\u00e3o da Gra\u00e7a\" \/>\n<meta property=\"article:modified_time\" content=\"2024-08-26T06:45:47+00:00\" \/>\n<meta name=\"twitter:card\" content=\"summary_large_image\" \/>\n<meta name=\"twitter:label1\" content=\"Est. reading time\" \/>\n\t<meta name=\"twitter:data1\" content=\"3 minutes\" \/>\n<script type=\"application\/ld+json\" class=\"yoast-schema-graph\">{\"@context\":\"https:\\\/\\\/schema.org\",\"@graph\":[{\"@type\":\"WebPage\",\"@id\":\"https:\\\/\\\/fdg.pt\\\/apresentacao\\\/\",\"url\":\"https:\\\/\\\/fdg.pt\\\/apresentacao\\\/\",\"name\":\"Chi Siamo - FDG - Fia\u00e7\u00e3o da Gra\u00e7a\",\"isPartOf\":{\"@id\":\"https:\\\/\\\/fdg.pt\\\/fr\\\/#website\"},\"datePublished\":\"2014-09-01T18:08:31+00:00\",\"dateModified\":\"2024-08-26T06:45:47+00:00\",\"breadcrumb\":{\"@id\":\"https:\\\/\\\/fdg.pt\\\/apresentacao\\\/#breadcrumb\"},\"inLanguage\":\"it-IT\",\"potentialAction\":[{\"@type\":\"ReadAction\",\"target\":[\"https:\\\/\\\/fdg.pt\\\/apresentacao\\\/\"]}]},{\"@type\":\"BreadcrumbList\",\"@id\":\"https:\\\/\\\/fdg.pt\\\/apresentacao\\\/#breadcrumb\",\"itemListElement\":[{\"@type\":\"ListItem\",\"position\":1,\"name\":\"In\u00edcio\",\"item\":\"https:\\\/\\\/fdg.pt\\\/\"},{\"@type\":\"ListItem\",\"position\":2,\"name\":\"Apresenta\u00e7\u00e3o\"}]},{\"@type\":\"WebSite\",\"@id\":\"https:\\\/\\\/fdg.pt\\\/fr\\\/#website\",\"url\":\"https:\\\/\\\/fdg.pt\\\/fr\\\/\",\"name\":\"FDG - Fia\u00e7\u00e3o da Gra\u00e7a\",\"description\":\"Inovadores fios penteados, em puro merino ou evolu\u00eddas misturas. Das cl\u00e1ssicas \u00e0s mais modernas tecnologias de fia\u00e7\u00e3o.\",\"potentialAction\":[{\"@type\":\"SearchAction\",\"target\":{\"@type\":\"EntryPoint\",\"urlTemplate\":\"https:\\\/\\\/fdg.pt\\\/fr\\\/?s={search_term_string}\"},\"query-input\":{\"@type\":\"PropertyValueSpecification\",\"valueRequired\":true,\"valueName\":\"search_term_string\"}}],\"inLanguage\":\"it-IT\"}]}<\/script>\n<!-- \/ Yoast SEO plugin. -->","yoast_head_json":{"title":"Chi Siamo - FDG - Fia\u00e7\u00e3o da Gra\u00e7a","robots":{"index":"index","follow":"follow","max-snippet":"max-snippet:-1","max-image-preview":"max-image-preview:large","max-video-preview":"max-video-preview:-1"},"canonical":"https:\/\/fdg.pt\/apresentacao\/","og_locale":"it_IT","og_type":"article","og_title":"Chi Siamo - FDG - Fia\u00e7\u00e3o da Gra\u00e7a","og_url":"https:\/\/fdg.pt\/apresentacao\/","og_site_name":"FDG - Fia\u00e7\u00e3o da Gra\u00e7a","article_modified_time":"2024-08-26T06:45:47+00:00","twitter_card":"summary_large_image","twitter_misc":{"Est. reading time":"3 minutes"},"schema":{"@context":"https:\/\/schema.org","@graph":[{"@type":"WebPage","@id":"https:\/\/fdg.pt\/apresentacao\/","url":"https:\/\/fdg.pt\/apresentacao\/","name":"Chi Siamo - FDG - Fia\u00e7\u00e3o da Gra\u00e7a","isPartOf":{"@id":"https:\/\/fdg.pt\/fr\/#website"},"datePublished":"2014-09-01T18:08:31+00:00","dateModified":"2024-08-26T06:45:47+00:00","breadcrumb":{"@id":"https:\/\/fdg.pt\/apresentacao\/#breadcrumb"},"inLanguage":"it-IT","potentialAction":[{"@type":"ReadAction","target":["https:\/\/fdg.pt\/apresentacao\/"]}]},{"@type":"BreadcrumbList","@id":"https:\/\/fdg.pt\/apresentacao\/#breadcrumb","itemListElement":[{"@type":"ListItem","position":1,"name":"In\u00edcio","item":"https:\/\/fdg.pt\/"},{"@type":"ListItem","position":2,"name":"Apresenta\u00e7\u00e3o"}]},{"@type":"WebSite","@id":"https:\/\/fdg.pt\/fr\/#website","url":"https:\/\/fdg.pt\/fr\/","name":"FDG - Fia\u00e7\u00e3o da Gra\u00e7a","description":"Inovadores fios penteados, em puro merino ou evolu\u00eddas misturas. Das cl\u00e1ssicas \u00e0s mais modernas tecnologias de fia\u00e7\u00e3o.","potentialAction":[{"@type":"SearchAction","target":{"@type":"EntryPoint","urlTemplate":"https:\/\/fdg.pt\/fr\/?s={search_term_string}"},"query-input":{"@type":"PropertyValueSpecification","valueRequired":true,"valueName":"search_term_string"}}],"inLanguage":"it-IT"}]}},"_links":{"self":[{"href":"https:\/\/fdg.pt\/it\/wp-json\/wp\/v2\/pages\/4858","targetHints":{"allow":["GET"]}}],"collection":[{"href":"https:\/\/fdg.pt\/it\/wp-json\/wp\/v2\/pages"}],"about":[{"href":"https:\/\/fdg.pt\/it\/wp-json\/wp\/v2\/types\/page"}],"author":[{"embeddable":true,"href":"https:\/\/fdg.pt\/it\/wp-json\/wp\/v2\/users\/1"}],"replies":[{"embeddable":true,"href":"https:\/\/fdg.pt\/it\/wp-json\/wp\/v2\/comments?post=4858"}],"version-history":[{"count":157,"href":"https:\/\/fdg.pt\/it\/wp-json\/wp\/v2\/pages\/4858\/revisions"}],"predecessor-version":[{"id":11276,"href":"https:\/\/fdg.pt\/it\/wp-json\/wp\/v2\/pages\/4858\/revisions\/11276"}],"wp:attachment":[{"href":"https:\/\/fdg.pt\/it\/wp-json\/wp\/v2\/media?parent=4858"}],"curies":[{"name":"wp","href":"https:\/\/api.w.org\/{rel}","templated":true}]}}