{"id":7157,"date":"2017-07-17T14:29:24","date_gmt":"2017-07-17T14:29:24","guid":{"rendered":"http:\/\/www.fdg.pt\/?page_id=7157"},"modified":"2026-04-14T06:09:02","modified_gmt":"2026-04-14T06:09:02","slug":"parceiros-e-certificados","status":"publish","type":"page","link":"https:\/\/fdg.pt\/fr\/parceiros-e-certificados\/","title":{"rendered":"Partenaires e Certificats"},"content":{"rendered":"<div class=\"wpb_row vc_row  vc_row-fluid  mk-fullwidth-false  attched-false vc_row-fluid\">\n\t<div style=\"\" class=\"vc_col-sm-8 wpb_column column_container \">\n\t\t\t<h3 style=\"font-size: 18px;text-align:left;color: #393836;font-weight:inherit;letter-spacing:0px;margin-top:0px;margin-bottom:18px;\" id=\"fancy-title-69e0428a7a65d\" class=\"mk-shortcode mk-title-box  \"><span style=\"line-height:44px\">\n<p>Partenaires :<\/p>\n<\/span><\/h3><div class=\"clearboth\"><\/div><div id=\"ajax-69e0428a7a6eb\" class=\"mk-dynamic-styles\"> #mk-imagebox-69e0428a7a6eb .item-holder, #mk-imagebox-69e0428a7a6eb .swiper-navigation{ margin: 0 10px; }<\/div><div id=\"mk-imagebox-69e0428a7a6eb\" class=\"mk-imagebox-shortcode column-style\"><div class=\"imagebox-four-column\"><div id=\"ajax-69e0428a7a7fa\" class=\"mk-dynamic-styles\"> #imagebox-item-69e0428a7a7fa .mk-imagebox-item-title{ font-size:16px;} #imagebox-item-69e0428a7a7fa .mk-imagebox-item-text, #imagebox-item-69e0428a7a7fa .mk-imagebox-item-text p {} #imagebox-item-69e0428a7a7fa .mk-imagebox-item-button a {} #imagebox-item-69e0428a7a7fa .mk-imagebox-item-button a:hover{}<\/div><div class=\"swiper-slide\"><div id=\"imagebox-item-69e0428a7a7fa\" class=\"mk-imagebox-item\"><div class=\"item-holder\"><div class=\"mk-imagebox-item-content\" style=\"\"><div class=\"mk-imagebox-item-image padding-true\"><a href=\"http:\/\/www.trevira.com\/en\/startseite.html\" target=\"_blank\"><img decoding=\"async\" src=\"https:\/\/fdg.pt\/wp-content\/uploads\/2024\/09\/indorama.jpg\" alt=\"\" \/><\/a><\/div><div class=\"mk-imagebox-item-text\"><span><p><\/p>\n<\/span><\/div><\/div><\/div><\/div><\/div><div id=\"ajax-69e0428a7a88f\" class=\"mk-dynamic-styles\"> #imagebox-item-69e0428a7a88f .mk-imagebox-item-title{ font-size:16px;} #imagebox-item-69e0428a7a88f .mk-imagebox-item-text, #imagebox-item-69e0428a7a88f .mk-imagebox-item-text p {} #imagebox-item-69e0428a7a88f .mk-imagebox-item-button a {} #imagebox-item-69e0428a7a88f .mk-imagebox-item-button a:hover{}<\/div><div class=\"swiper-slide\"><div id=\"imagebox-item-69e0428a7a88f\" class=\"mk-imagebox-item\"><div class=\"item-holder\"><div class=\"mk-imagebox-item-content\" style=\"\"><div class=\"mk-imagebox-item-image padding-false\"><a href=\"https:\/\/www.lenzing.com\/home.html\" target=\"_blank\"><img decoding=\"async\" src=\"https:\/\/fdg.pt\/wp-content\/uploads\/2017\/07\/logo_leading_hg_weiss_einfach.jpg\" alt=\"\" \/><\/a><\/div><div class=\"mk-imagebox-item-text\"><span><p><\/p>\n<\/span><\/div><\/div><\/div><\/div><\/div><div id=\"ajax-69e0428a7a913\" class=\"mk-dynamic-styles\"> #imagebox-item-69e0428a7a913 .mk-imagebox-item-title{ font-size:16px;} #imagebox-item-69e0428a7a913 .mk-imagebox-item-text, #imagebox-item-69e0428a7a913 .mk-imagebox-item-text p {} #imagebox-item-69e0428a7a913 .mk-imagebox-item-button a {} #imagebox-item-69e0428a7a913 .mk-imagebox-item-button a:hover{}<\/div><div class=\"swiper-slide\"><div id=\"imagebox-item-69e0428a7a913\" class=\"mk-imagebox-item\"><div class=\"item-holder\"><div class=\"mk-imagebox-item-content\" style=\"\"><div class=\"mk-imagebox-item-image padding-true\"><a href=\"http:\/\/www.creora.com\/en\/index.do\" target=\"_blank\"><img decoding=\"async\" src=\"https:\/\/fdg.pt\/wp-content\/uploads\/2021\/03\/Creora-e1616762644659.jpg\" alt=\"\" \/><\/a><\/div><div class=\"mk-imagebox-item-text\"><span><p><\/p>\n<\/span><\/div><\/div><\/div><\/div><\/div><div id=\"ajax-69e0428a7a996\" class=\"mk-dynamic-styles\"> #imagebox-item-69e0428a7a996 .mk-imagebox-item-title{ font-size:16px;} #imagebox-item-69e0428a7a996 .mk-imagebox-item-text, #imagebox-item-69e0428a7a996 .mk-imagebox-item-text p {} #imagebox-item-69e0428a7a996 .mk-imagebox-item-button a {} #imagebox-item-69e0428a7a996 .mk-imagebox-item-button a:hover{}<\/div><div class=\"swiper-slide\"><div id=\"imagebox-item-69e0428a7a996\" class=\"mk-imagebox-item\"><div class=\"item-holder\"><div class=\"mk-imagebox-item-content\" style=\"\"><div class=\"mk-imagebox-item-image padding-false\"><a href=\"http:\/\/www.kelheim-fibres.com\/home\/index_uk.php\" target=\"_blank\"><img decoding=\"async\" src=\"https:\/\/fdg.pt\/wp-content\/uploads\/2017\/07\/logo_kf.jpg\" alt=\"\" \/><\/a><\/div><div class=\"mk-imagebox-item-text\"><span><p><\/p>\n<\/span><\/div><\/div><\/div><\/div><\/div><div id=\"ajax-69e0428a7aa15\" class=\"mk-dynamic-styles\"> #imagebox-item-69e0428a7aa15 .mk-imagebox-item-title{ font-size:16px;} #imagebox-item-69e0428a7aa15 .mk-imagebox-item-text, #imagebox-item-69e0428a7aa15 .mk-imagebox-item-text p {} #imagebox-item-69e0428a7aa15 .mk-imagebox-item-button a {} #imagebox-item-69e0428a7aa15 .mk-imagebox-item-button a:hover{}<\/div><div class=\"swiper-slide\"><div id=\"imagebox-item-69e0428a7aa15\" class=\"mk-imagebox-item\"><div class=\"item-holder\"><div class=\"mk-imagebox-item-content\" style=\"\"><div class=\"mk-imagebox-item-image padding-false\"><a href=\"http:\/\/www.ascendmaterials.com\/\" target=\"_blank\"><img decoding=\"async\" src=\"https:\/\/fdg.pt\/wp-content\/uploads\/2017\/07\/logo_apm.png\" alt=\"\" \/><\/a><\/div><div class=\"mk-imagebox-item-text\"><span><p><\/p>\n<\/span><\/div><\/div><\/div><\/div><\/div><div id=\"ajax-69e0428a7aa92\" class=\"mk-dynamic-styles\"> #imagebox-item-69e0428a7aa92 .mk-imagebox-item-title{ font-size:16px;} #imagebox-item-69e0428a7aa92 .mk-imagebox-item-text, #imagebox-item-69e0428a7aa92 .mk-imagebox-item-text p {} #imagebox-item-69e0428a7aa92 .mk-imagebox-item-button a {} #imagebox-item-69e0428a7aa92 .mk-imagebox-item-button a:hover{}<\/div><div class=\"swiper-slide\"><div id=\"imagebox-item-69e0428a7aa92\" class=\"mk-imagebox-item\"><div class=\"item-holder\"><div class=\"mk-imagebox-item-content\" style=\"\"><div class=\"mk-imagebox-item-image padding-true\"><a href=\"http:\/\/www.chori.co.jp\/english\/\" target=\"_blank\"><img decoding=\"async\" src=\"https:\/\/fdg.pt\/wp-content\/uploads\/2017\/07\/chori_logo.png\" alt=\"\" \/><\/a><\/div><div class=\"mk-imagebox-item-text\"><span><p><\/p>\n<\/span><\/div><\/div><\/div><\/div><\/div><div id=\"ajax-69e0428a7ab0e\" class=\"mk-dynamic-styles\"> #imagebox-item-69e0428a7ab0e .mk-imagebox-item-title{ font-size:16px;} #imagebox-item-69e0428a7ab0e .mk-imagebox-item-text, #imagebox-item-69e0428a7ab0e .mk-imagebox-item-text p {} #imagebox-item-69e0428a7ab0e .mk-imagebox-item-button a {} #imagebox-item-69e0428a7ab0e .mk-imagebox-item-button a:hover{}<\/div><div class=\"swiper-slide\"><div id=\"imagebox-item-69e0428a7ab0e\" class=\"mk-imagebox-item\"><div class=\"item-holder\"><div class=\"mk-imagebox-item-content\" style=\"\"><div class=\"mk-imagebox-item-image padding-true\"><a href=\"http:\/\/www.invista.com\/\" target=\"_blank\"><img decoding=\"async\" src=\"https:\/\/fdg.pt\/wp-content\/uploads\/2017\/07\/invista-logo.jpg\" alt=\"\" \/><\/a><\/div><div class=\"mk-imagebox-item-text\"><span><p><\/p>\n<\/span><\/div><\/div><\/div><\/div><\/div><div id=\"ajax-69e0428a7ab89\" class=\"mk-dynamic-styles\"> #imagebox-item-69e0428a7ab89 .mk-imagebox-item-title{ font-size:16px;} #imagebox-item-69e0428a7ab89 .mk-imagebox-item-text, #imagebox-item-69e0428a7ab89 .mk-imagebox-item-text p {} #imagebox-item-69e0428a7ab89 .mk-imagebox-item-button a {} #imagebox-item-69e0428a7ab89 .mk-imagebox-item-button a:hover{}<\/div><div class=\"swiper-slide\"><div id=\"imagebox-item-69e0428a7ab89\" class=\"mk-imagebox-item\"><div class=\"item-holder\"><div class=\"mk-imagebox-item-content\" style=\"\"><div class=\"mk-imagebox-item-image padding-true\"><a href=\"https:\/\/hyosung.pt\/\" target=\"_blank\"><img decoding=\"async\" src=\"https:\/\/fdg.pt\/wp-content\/uploads\/2021\/03\/Hyosung-1.png\" alt=\"\" \/><\/a><\/div><div class=\"mk-imagebox-item-text\"><span><p><\/p>\n<\/span><\/div><\/div><\/div><\/div><\/div><div id=\"ajax-69e0428a7ac06\" class=\"mk-dynamic-styles\"> #imagebox-item-69e0428a7ac06 .mk-imagebox-item-title{ font-size:6px;} #imagebox-item-69e0428a7ac06 .mk-imagebox-item-text, #imagebox-item-69e0428a7ac06 .mk-imagebox-item-text p {} #imagebox-item-69e0428a7ac06 .mk-imagebox-item-button a {} #imagebox-item-69e0428a7ac06 .mk-imagebox-item-button a:hover{}<\/div><div class=\"swiper-slide\"><div id=\"imagebox-item-69e0428a7ac06\" class=\"mk-imagebox-item\"><div class=\"item-holder\"><div class=\"mk-imagebox-item-content\" style=\"background-color:#ffffff;\"><div class=\"mk-imagebox-item-image padding-false\"><a href=\"https:\/\/www.thirtysevenfive.com\/\" target=\"_blank\"><img decoding=\"async\" src=\"https:\/\/fdg.pt\/wp-content\/uploads\/2017\/07\/logo_375.jpg\" alt=\"\" \/><\/a><\/div><div class=\"mk-imagebox-item-text\"><span><p><\/p>\n<\/span><\/div><\/div><\/div><\/div><\/div><div id=\"ajax-69e0428a7ac83\" class=\"mk-dynamic-styles\"> #imagebox-item-69e0428a7ac83 .mk-imagebox-item-title{ font-size:6px;} #imagebox-item-69e0428a7ac83 .mk-imagebox-item-text, #imagebox-item-69e0428a7ac83 .mk-imagebox-item-text p {} #imagebox-item-69e0428a7ac83 .mk-imagebox-item-button a {} #imagebox-item-69e0428a7ac83 .mk-imagebox-item-button a:hover{}<\/div><div class=\"swiper-slide\"><div id=\"imagebox-item-69e0428a7ac83\" class=\"mk-imagebox-item\"><div class=\"item-holder\"><div class=\"mk-imagebox-item-content\" style=\"background-color:#ffffff;\"><div class=\"mk-imagebox-item-image padding-false\"><a href=\"https:\/\/www.linkedin.com\/company\/tops-fray-marcos\/?original_referer=https%3A%2F%2Fwww%2Egoogle%2Ecom%2F&amp;originalSubdomain=uy\" target=\"_blank\"><img decoding=\"async\" src=\"https:\/\/fdg.pt\/wp-content\/uploads\/2025\/03\/Tops-Transparente.png\" alt=\"\" \/><\/a><\/div><div class=\"mk-imagebox-item-text\"><span><p><\/p>\n<\/span><\/div><\/div><\/div><\/div><\/div><div id=\"ajax-69e0428a7ad00\" class=\"mk-dynamic-styles\"> #imagebox-item-69e0428a7ad00 .mk-imagebox-item-title{ font-size:6px;} #imagebox-item-69e0428a7ad00 .mk-imagebox-item-text, #imagebox-item-69e0428a7ad00 .mk-imagebox-item-text p {} #imagebox-item-69e0428a7ad00 .mk-imagebox-item-button a {} #imagebox-item-69e0428a7ad00 .mk-imagebox-item-button a:hover{}<\/div><div class=\"swiper-slide\"><div id=\"imagebox-item-69e0428a7ad00\" class=\"mk-imagebox-item\"><div class=\"item-holder\"><div class=\"mk-imagebox-item-content\" style=\"background-color:#ffffff;\"><div class=\"mk-imagebox-item-image padding-false\"><img decoding=\"async\" src=\"https:\/\/fdg.pt\/wp-content\/uploads\/2025\/03\/LOGO-2.png\" alt=\"\" \/><\/div><div class=\"mk-imagebox-item-text\"><span><p><\/p>\n<\/span><\/div><\/div><\/div><\/div><\/div>\n<\/div><div class=\"clearboth\"><\/div><\/div>\n\t<\/div>\n\t<div style=\"\" class=\"vc_col-sm-4 wpb_column column_container \">\n\t\t\t<h3 style=\"font-size: 18px;text-align:left;color: #393836;font-weight:inherit;letter-spacing:0px;margin-top:0px;margin-bottom:18px;\" id=\"fancy-title-69e0428a7ae1f\" class=\"mk-shortcode mk-title-box  \"><span style=\"line-height:34px\">\n<p>Entreprise Certifi\u00e9e :<\/p>\n\n\t<div style=\"\" class=\"vc_col-sm-8 wpb_column column_container \">\n\t\t\t\n\t<\/div><h3 style=\"font-size: 18px;text-align:left;color: #393836;font-weight:inherit;letter-spacing:0px;margin-top:0px;margin-bottom:18px;\" id=\"fancy-title-69e0428a7af31\" class=\"mk-shortcode mk-title-box  \"><span style=\"line-height:44px\"><\/span><\/h3><div class=\"clearboth\"><\/div>\n<\/span><\/h3><div class=\"clearboth\"><\/div><div id=\"ajax-69e0428a7af9d\" class=\"mk-dynamic-styles\"> #mk-imagebox-69e0428a7af9d .item-holder, #mk-imagebox-69e0428a7af9d .swiper-navigation{ margin: 0 10px; }<\/div><div id=\"mk-imagebox-69e0428a7af9d\" class=\"mk-imagebox-shortcode column-style\"><div class=\"imagebox-two-column\"><div id=\"ajax-69e0428a7b047\" class=\"mk-dynamic-styles\"> #imagebox-item-69e0428a7b047 .mk-imagebox-item-title{ font-size:14px;} #imagebox-item-69e0428a7b047 .mk-imagebox-item-text, #imagebox-item-69e0428a7b047 .mk-imagebox-item-text p {} #imagebox-item-69e0428a7b047 .mk-imagebox-item-button a {} #imagebox-item-69e0428a7b047 .mk-imagebox-item-button a:hover{}<\/div><div class=\"swiper-slide\"><div id=\"imagebox-item-69e0428a7b047\" class=\"mk-imagebox-item\"><div class=\"item-holder\"><div class=\"mk-imagebox-item-content\" style=\"background-color:#ffffff;\"><div class=\"mk-imagebox-item-image padding-true\"><a href=\"http:\/\/www.oeko-tex.com\/\" target=\"_blank\"><img decoding=\"async\" src=\"https:\/\/fdg.pt\/wp-content\/uploads\/2020\/06\/OEKO-TEX-1-e1600266877935.png\" alt=\"\" \/><\/a><\/div><\/div><\/div><\/div><\/div><div id=\"ajax-69e0428a7b0a8\" class=\"mk-dynamic-styles\"> #imagebox-item-69e0428a7b0a8 .mk-imagebox-item-title{ font-size:14px;} #imagebox-item-69e0428a7b0a8 .mk-imagebox-item-text, #imagebox-item-69e0428a7b0a8 .mk-imagebox-item-text p {} #imagebox-item-69e0428a7b0a8 .mk-imagebox-item-button a {} #imagebox-item-69e0428a7b0a8 .mk-imagebox-item-button a:hover{}<\/div><div class=\"swiper-slide\"><div id=\"imagebox-item-69e0428a7b0a8\" class=\"mk-imagebox-item\"><div class=\"item-holder\"><div class=\"mk-imagebox-item-content\" style=\"background-color:#ffffff;\"><div class=\"mk-imagebox-item-image padding-true\"><a href=\"https:\/\/www.sgs.com\/en\/certified-clients-and-products\/certified-client-directory\" target=\"_blank\"><img decoding=\"async\" src=\"https:\/\/fdg.pt\/wp-content\/uploads\/2017\/07\/Imagem1.png\" alt=\"\" \/><\/a><\/div><\/div><\/div><\/div><\/div><br \/>\n<div id=\"ajax-69e0428a7b104\" class=\"mk-dynamic-styles\"> #imagebox-item-69e0428a7b104 .mk-imagebox-item-title{ font-size:14px;} #imagebox-item-69e0428a7b104 .mk-imagebox-item-text, #imagebox-item-69e0428a7b104 .mk-imagebox-item-text p {} #imagebox-item-69e0428a7b104 .mk-imagebox-item-button a {} #imagebox-item-69e0428a7b104 .mk-imagebox-item-button a:hover{}<\/div><div class=\"swiper-slide\"><div id=\"imagebox-item-69e0428a7b104\" class=\"mk-imagebox-item\"><div class=\"item-holder\"><div class=\"mk-imagebox-item-content\" style=\"background-color:#ffffff;\"><div class=\"mk-imagebox-item-image padding-false\"><a href=\"http:\/\/globalrecycled.org\" target=\"_blank\"><img decoding=\"async\" src=\"https:\/\/fdg.pt\/wp-content\/uploads\/2026\/04\/GRS-2-scaled.jpg\" alt=\"\" \/><\/a><\/div><\/div><\/div><\/div><\/div><div id=\"ajax-69e0428a7b15e\" class=\"mk-dynamic-styles\"> #imagebox-item-69e0428a7b15e .mk-imagebox-item-title{ font-size:14px;} #imagebox-item-69e0428a7b15e .mk-imagebox-item-text, #imagebox-item-69e0428a7b15e .mk-imagebox-item-text p {} #imagebox-item-69e0428a7b15e .mk-imagebox-item-button a {} #imagebox-item-69e0428a7b15e .mk-imagebox-item-button a:hover{}<\/div><div class=\"swiper-slide\"><div id=\"imagebox-item-69e0428a7b15e\" class=\"mk-imagebox-item\"><div class=\"item-holder\"><div class=\"mk-imagebox-item-content\" style=\"background-color:#ffffff;\"><div class=\"mk-imagebox-item-image padding-true\"><a href=\"https:\/\/textileexchange.org\/responsible-wool\" target=\"_blank\"><img decoding=\"async\" src=\"https:\/\/fdg.pt\/wp-content\/uploads\/2026\/04\/RWS.jpg\" alt=\"\" \/><\/a><\/div><\/div><\/div><\/div><\/div> <div id=\"ajax-69e0428a7b1bb\" class=\"mk-dynamic-styles\"> #imagebox-item-69e0428a7b1bb .mk-imagebox-item-title{ font-size:14px;} #imagebox-item-69e0428a7b1bb .mk-imagebox-item-text, #imagebox-item-69e0428a7b1bb .mk-imagebox-item-text p {} #imagebox-item-69e0428a7b1bb .mk-imagebox-item-button a {} #imagebox-item-69e0428a7b1bb .mk-imagebox-item-button a:hover{}<\/div><div class=\"swiper-slide\"><div id=\"imagebox-item-69e0428a7b1bb\" class=\"mk-imagebox-item\"><div class=\"item-holder\"><div class=\"mk-imagebox-item-content\" style=\"background-color:#ffffff;\"><div class=\"mk-imagebox-item-image padding-true\"><a href=\"https:\/\/pt.fsc.org\/pt-pt\" target=\"_blank\"><img decoding=\"async\" src=\"https:\/\/fdg.pt\/wp-content\/uploads\/2024\/09\/FSC-1.png\" alt=\"\" \/><\/a><\/div><\/div><\/div><\/div><\/div>\n<\/div><div class=\"clearboth\"><\/div><\/div>\n\t<\/div>\n\t<div style=\"\" class=\"vc_col-sm-6 wpb_column column_container \">\n\t\t\t\n\t<\/div><\/div>\n\n\n\n<p><\/p>\n","protected":false},"excerpt":{"rendered":"{:pt} Partenaires : #mk-imagebox-69e0428a7ba09 .item-holder, #mk-imagebox-69e0428a7ba09 .swiper-navigation{ margin: 0 10px; } #imagebox-item-69e0428a7bac9 .mk-imagebox-item-title{ font-size:16px;} #imagebox-item-69e0428a7bac9 .mk-imagebox-item-text, #imagebox-item-69e0428a7bac9 .mk-imagebox-item-text p {} #imagebox-item-69e0428a7bac9 .mk-imagebox-item-button a {} #imagebox-item-69e0428a7bac9 .mk-imagebox-item-button a:hover{} #imagebox-item-69e0428a7bb4e .mk-imagebox-item-title{ font-size:16px;} #imagebox-item-69e0428a7bb4e .mk-imagebox-item-text, #imagebox-item-69e0428a7bb4e .mk-imagebox-item-text p {} #imagebox-item-69e0428a7bb4e .mk-imagebox-item-button a {} #imagebox-item-69e0428a7bb4e .mk-imagebox-item-button a:hover{} #imagebox-item-69e0428a7bbcf .mk-imagebox-item-title{ font-size:16px;} #imagebox-item-69e0428a7bbcf .mk-imagebox-item-text, #imagebox-item-69e0428a7bbcf .mk-imagebox-item-text p {} #imagebox-item-69e0428a7bbcf .mk-imagebox-item-button a [...]","protected":false},"author":1,"featured_media":0,"parent":0,"menu_order":0,"comment_status":"closed","ping_status":"closed","template":"","meta":{"_exactmetrics_skip_tracking":false,"_exactmetrics_sitenote_active":false,"_exactmetrics_sitenote_note":"","_exactmetrics_sitenote_category":0,"footnotes":""},"class_list":["post-7157","page","type-page","status-publish","hentry"],"translation":{"provider":"WPGlobus","version":"3.0.2","language":"fr","enabled_languages":["pt","en","fr","it"],"languages":{"pt":{"title":true,"content":true,"excerpt":false},"en":{"title":true,"content":true,"excerpt":false},"fr":{"title":true,"content":true,"excerpt":false},"it":{"title":true,"content":true,"excerpt":false}}},"aioseo_notices":[],"yoast_head":"<!-- This site is optimized with the Yoast SEO plugin v27.4 - https:\/\/yoast.com\/product\/yoast-seo-wordpress\/ -->\n<title>Partenaires e Certificats - FDG - Fia\u00e7\u00e3o da Gra\u00e7a<\/title>\n<meta name=\"robots\" content=\"index, follow, max-snippet:-1, max-image-preview:large, max-video-preview:-1\" \/>\n<link rel=\"canonical\" href=\"https:\/\/fdg.pt\/parceiros-e-certificados\/\" \/>\n<meta property=\"og:locale\" content=\"fr_FR\" \/>\n<meta property=\"og:type\" content=\"article\" \/>\n<meta property=\"og:title\" content=\"Partenaires e Certificats - FDG - Fia\u00e7\u00e3o da Gra\u00e7a\" \/>\n<meta property=\"og:url\" content=\"https:\/\/fdg.pt\/parceiros-e-certificados\/\" \/>\n<meta property=\"og:site_name\" content=\"FDG - Fia\u00e7\u00e3o da Gra\u00e7a\" \/>\n<meta property=\"article:modified_time\" content=\"2026-04-14T06:09:02+00:00\" \/>\n<meta name=\"twitter:card\" content=\"summary_large_image\" \/>\n<meta name=\"twitter:label1\" content=\"Est. reading time\" \/>\n\t<meta name=\"twitter:data1\" content=\"1 minute\" \/>\n<script type=\"application\/ld+json\" class=\"yoast-schema-graph\">{\"@context\":\"https:\\\/\\\/schema.org\",\"@graph\":[{\"@type\":\"WebPage\",\"@id\":\"https:\\\/\\\/fdg.pt\\\/parceiros-e-certificados\\\/\",\"url\":\"https:\\\/\\\/fdg.pt\\\/parceiros-e-certificados\\\/\",\"name\":\"Partenaires e Certificats - FDG - Fia\u00e7\u00e3o da Gra\u00e7a\",\"isPartOf\":{\"@id\":\"https:\\\/\\\/fdg.pt\\\/fr\\\/#website\"},\"datePublished\":\"2017-07-17T14:29:24+00:00\",\"dateModified\":\"2026-04-14T06:09:02+00:00\",\"breadcrumb\":{\"@id\":\"https:\\\/\\\/fdg.pt\\\/parceiros-e-certificados\\\/#breadcrumb\"},\"inLanguage\":\"fr-FR\",\"potentialAction\":[{\"@type\":\"ReadAction\",\"target\":[\"https:\\\/\\\/fdg.pt\\\/parceiros-e-certificados\\\/\"]}]},{\"@type\":\"BreadcrumbList\",\"@id\":\"https:\\\/\\\/fdg.pt\\\/parceiros-e-certificados\\\/#breadcrumb\",\"itemListElement\":[{\"@type\":\"ListItem\",\"position\":1,\"name\":\"In\u00edcio\",\"item\":\"https:\\\/\\\/fdg.pt\\\/\"},{\"@type\":\"ListItem\",\"position\":2,\"name\":\"Parceiros e Certificados\"}]},{\"@type\":\"WebSite\",\"@id\":\"https:\\\/\\\/fdg.pt\\\/fr\\\/#website\",\"url\":\"https:\\\/\\\/fdg.pt\\\/fr\\\/\",\"name\":\"FDG - Fia\u00e7\u00e3o da Gra\u00e7a\",\"description\":\"Innovateurs fils peign\u00e9s, de pure laine m\u00e9rinos ou developp\u00e9s m\u00e9langes. Technologies de filature du classique aux plus modernes.\",\"potentialAction\":[{\"@type\":\"SearchAction\",\"target\":{\"@type\":\"EntryPoint\",\"urlTemplate\":\"https:\\\/\\\/fdg.pt\\\/fr\\\/?s={search_term_string}\"},\"query-input\":{\"@type\":\"PropertyValueSpecification\",\"valueRequired\":true,\"valueName\":\"search_term_string\"}}],\"inLanguage\":\"fr-FR\"}]}<\/script>\n<!-- \/ Yoast SEO plugin. -->","yoast_head_json":{"title":"Partenaires e Certificats - FDG - Fia\u00e7\u00e3o da Gra\u00e7a","robots":{"index":"index","follow":"follow","max-snippet":"max-snippet:-1","max-image-preview":"max-image-preview:large","max-video-preview":"max-video-preview:-1"},"canonical":"https:\/\/fdg.pt\/parceiros-e-certificados\/","og_locale":"fr_FR","og_type":"article","og_title":"Partenaires e Certificats - FDG - Fia\u00e7\u00e3o da Gra\u00e7a","og_url":"https:\/\/fdg.pt\/parceiros-e-certificados\/","og_site_name":"FDG - Fia\u00e7\u00e3o da Gra\u00e7a","article_modified_time":"2026-04-14T06:09:02+00:00","twitter_card":"summary_large_image","twitter_misc":{"Est. reading time":"1 minute"},"schema":{"@context":"https:\/\/schema.org","@graph":[{"@type":"WebPage","@id":"https:\/\/fdg.pt\/parceiros-e-certificados\/","url":"https:\/\/fdg.pt\/parceiros-e-certificados\/","name":"Partenaires e Certificats - FDG - Fia\u00e7\u00e3o da Gra\u00e7a","isPartOf":{"@id":"https:\/\/fdg.pt\/fr\/#website"},"datePublished":"2017-07-17T14:29:24+00:00","dateModified":"2026-04-14T06:09:02+00:00","breadcrumb":{"@id":"https:\/\/fdg.pt\/parceiros-e-certificados\/#breadcrumb"},"inLanguage":"fr-FR","potentialAction":[{"@type":"ReadAction","target":["https:\/\/fdg.pt\/parceiros-e-certificados\/"]}]},{"@type":"BreadcrumbList","@id":"https:\/\/fdg.pt\/parceiros-e-certificados\/#breadcrumb","itemListElement":[{"@type":"ListItem","position":1,"name":"In\u00edcio","item":"https:\/\/fdg.pt\/"},{"@type":"ListItem","position":2,"name":"Parceiros e Certificados"}]},{"@type":"WebSite","@id":"https:\/\/fdg.pt\/fr\/#website","url":"https:\/\/fdg.pt\/fr\/","name":"FDG - Fia\u00e7\u00e3o da Gra\u00e7a","description":"Innovateurs fils peign\u00e9s, de pure laine m\u00e9rinos ou developp\u00e9s m\u00e9langes. Technologies de filature du classique aux plus modernes.","potentialAction":[{"@type":"SearchAction","target":{"@type":"EntryPoint","urlTemplate":"https:\/\/fdg.pt\/fr\/?s={search_term_string}"},"query-input":{"@type":"PropertyValueSpecification","valueRequired":true,"valueName":"search_term_string"}}],"inLanguage":"fr-FR"}]}},"_links":{"self":[{"href":"https:\/\/fdg.pt\/fr\/wp-json\/wp\/v2\/pages\/7157","targetHints":{"allow":["GET"]}}],"collection":[{"href":"https:\/\/fdg.pt\/fr\/wp-json\/wp\/v2\/pages"}],"about":[{"href":"https:\/\/fdg.pt\/fr\/wp-json\/wp\/v2\/types\/page"}],"author":[{"embeddable":true,"href":"https:\/\/fdg.pt\/fr\/wp-json\/wp\/v2\/users\/1"}],"replies":[{"embeddable":true,"href":"https:\/\/fdg.pt\/fr\/wp-json\/wp\/v2\/comments?post=7157"}],"version-history":[{"count":421,"href":"https:\/\/fdg.pt\/fr\/wp-json\/wp\/v2\/pages\/7157\/revisions"}],"predecessor-version":[{"id":11736,"href":"https:\/\/fdg.pt\/fr\/wp-json\/wp\/v2\/pages\/7157\/revisions\/11736"}],"wp:attachment":[{"href":"https:\/\/fdg.pt\/fr\/wp-json\/wp\/v2\/media?parent=7157"}],"curies":[{"name":"wp","href":"https:\/\/api.w.org\/{rel}","templated":true}]}}