{"id":7118,"date":"2017-07-17T13:49:12","date_gmt":"2017-07-17T13:49:12","guid":{"rendered":"http:\/\/www.fdg.pt\/?page_id=7118"},"modified":"2019-01-14T09:59:59","modified_gmt":"2019-01-14T09:59:59","slug":"classic-blends","status":"publish","type":"page","link":"https:\/\/fdg.pt\/fr\/produtos\/weaving\/classic-blends\/","title":{"rendered":"Classic Blends"},"content":{"rendered":"<div class=\"wpb_row vc_row  vc_row-fluid  mk-fullwidth-false  attched-false vc_row-fluid\">\n\t<div style=\"\" class=\"vc_col-sm-12 wpb_column column_container \">\n\t\t\t<h3 style=\"font-size: 18px;text-align:left;color: #393836;font-weight:inherit;letter-spacing:0px;margin-top:0px;margin-bottom:18px;\" id=\"fancy-title-69d015d5c50a1\" class=\"mk-shortcode mk-title-box  \"><span style=\"line-height:34px\">\n<p><a href=\"https:\/\/fdg.pt\/fr\/produtos\">Produits<\/a> \/ <a href=\"https:\/\/fdg.pt\/fr\/produtos\/weaving\">Weaving<\/a> \/ Classic Blends<\/p>\n<\/span><\/h3><div class=\"clearboth\"><\/div>\n\t<\/div><\/div><div class=\"wpb_row vc_row  vc_row-fluid  mk-fullwidth-false  attched-false vc_row-fluid\">\n\t<div style=\"\" class=\"vc_col-sm-12 wpb_column column_container \">\n\t\t\t<div class=\"clearboth\"><\/div><div class=\"mk-shortcode mk-padding-shortcode\" style=\"height:20px\"><\/div><div class=\"clearboth\"><\/div>\n\t<\/div><\/div><div class=\"wpb_row vc_row  vc_row-fluid  mk-fullwidth-false  attched-false vc_row-fluid\">\n\t<div style=\"\" class=\"vc_col-sm-12 wpb_column column_container \">\n\t\t\t\t<div style=\" margin-bottom:0px;text-align: left;\" class=\"mk-text-block  \">\n<table id=\"tablepress-3\" class=\"tablepress tablepress-id-3\">\n<thead>\n<tr class=\"row-1\">\n\t<th class=\"column-1\">Selec\u00e7\u00e3o<\/th><th class=\"column-2\">Nome do Artigo<\/th><th class=\"column-3\">Nm<\/th><th class=\"column-4\">Tecnologia<\/th><th class=\"column-5\">Composi\u00e7\u00e3o<\/th><th class=\"column-6\">Observa\u00e7\u00f5es<\/th>\n<\/tr>\n<\/thead>\n<tbody class=\"row-striping row-hover\">\n<tr class=\"row-2\">\n\t<td class=\"column-1\"><input type='checkbox' value='KCL'  onclick='tratarsubjectpedido();' \/><\/td><td class=\"column-2\">KCL<\/td><td class=\"column-3\">1\/40<\/td><td class=\"column-4\">Compact Single<\/td><td class=\"column-5\">55%PES,45%WO<\/td><td class=\"column-6\"><\/td>\n<\/tr>\n<tr class=\"row-3\">\n\t<td class=\"column-1\"><input type='checkbox' value='Recor'  onclick='tratarsubjectpedido();' \/><\/td><td class=\"column-2\">Recor<\/td><td class=\"column-3\">2\/48<\/td><td class=\"column-4\">Conventional<\/td><td class=\"column-5\">55%PES,45%WO<\/td><td class=\"column-6\"><\/td>\n<\/tr>\n<tr class=\"row-4\">\n\t<td class=\"column-1\"><input type='checkbox' value='Renom'  onclick='tratarsubjectpedido();' \/><\/td><td class=\"column-2\">Renom<\/td><td class=\"column-3\">2\/56<\/td><td class=\"column-4\">Conventional<\/td><td class=\"column-5\">55%PES,45%WO<\/td><td class=\"column-6\"><\/td>\n<\/tr>\n<tr class=\"row-5\">\n\t<td class=\"column-1\"><input type='checkbox' value='Port'  onclick='tratarsubjectpedido();' \/><\/td><td class=\"column-2\">Port<\/td><td class=\"column-3\">2\/40<\/td><td class=\"column-4\">Sirospun<\/td><td class=\"column-5\">55%PES,45%WO<\/td><td class=\"column-6\"><\/td>\n<\/tr>\n<tr class=\"row-6\">\n\t<td class=\"column-1\"><input type='checkbox' value='Roc'  onclick='tratarsubjectpedido();' \/><\/td><td class=\"column-2\">Roc<\/td><td class=\"column-3\">2\/48<\/td><td class=\"column-4\">Sirospun<\/td><td class=\"column-5\">55%PES,45%WO<\/td><td class=\"column-6\"><\/td>\n<\/tr>\n<tr class=\"row-7\">\n\t<td class=\"column-1\"><input type='checkbox' value='Bac'  onclick='tratarsubjectpedido();' \/><\/td><td class=\"column-2\">Bac<\/td><td class=\"column-3\">2\/56<\/td><td class=\"column-4\">Sirospun<\/td><td class=\"column-5\">55%PES,45%WO<\/td><td class=\"column-6\"><\/td>\n<\/tr>\n<tr class=\"row-8\">\n\t<td class=\"column-1\"><input type='checkbox' value='Lac'  onclick='tratarsubjectpedido();' \/><\/td><td class=\"column-2\">Lac<\/td><td class=\"column-3\">2\/60<\/td><td class=\"column-4\">Sirospun<\/td><td class=\"column-5\">55%PES,45%WO<\/td><td class=\"column-6\"><\/td>\n<\/tr>\n<tr class=\"row-9\">\n\t<td class=\"column-1\"><input type='checkbox' value='Sca'  onclick='tratarsubjectpedido();' \/><\/td><td class=\"column-2\">Sca<\/td><td class=\"column-3\">2\/70<\/td><td class=\"column-4\">Sirospun<\/td><td class=\"column-5\">55%PES,45%WO<\/td><td class=\"column-6\"><\/td>\n<\/tr>\n<tr class=\"row-10\">\n\t<td class=\"column-1\"><input type='checkbox' value='Fit'  onclick='tratarsubjectpedido();' \/><\/td><td class=\"column-2\">Fit<\/td><td class=\"column-3\">2\/80<\/td><td class=\"column-4\">Sirospun<\/td><td class=\"column-5\">55%PES,45%WO<\/td><td class=\"column-6\"><\/td>\n<\/tr>\n<tr class=\"row-11\">\n\t<td class=\"column-1\"><input type='checkbox' value='Finest'  onclick='tratarsubjectpedido();' \/><\/td><td class=\"column-2\">Finest<\/td><td class=\"column-3\">2\/90<\/td><td class=\"column-4\">Sirospun<\/td><td class=\"column-5\">55%PES,45%WO<\/td><td class=\"column-6\"><\/td>\n<\/tr>\n<tr class=\"row-12\">\n\t<td class=\"column-1\"><input type='checkbox' value='KMPT'  onclick='tratarsubjectpedido();' \/><\/td><td class=\"column-2\">KMPT<\/td><td class=\"column-3\">2\/100<\/td><td class=\"column-4\">Compact Sirospun<\/td><td class=\"column-5\">55%PES,45%WO<\/td><td class=\"column-6\"><\/td>\n<\/tr>\n<tr class=\"row-13\">\n\t<td class=\"column-1\"><input type='checkbox' value='Ecrepon'  onclick='tratarsubjectpedido();' \/><\/td><td class=\"column-2\">Ecrepon<\/td><td class=\"column-3\">1\/27<\/td><td class=\"column-4\">Single<\/td><td class=\"column-5\">55%PES,45%WO<\/td><td class=\"column-6\"><\/td>\n<\/tr>\n<\/tbody>\n<\/table>\n<!-- #tablepress-3 from cache -->\n<div class=\"clearboth\"><\/div><\/div> <div class=\"mk-button-align left\"><a href=\"\" target=\"_self\"  class=\"mk-button dark button-69d015d5c59e4 light-color  three-dimension medium pointed   pedirinformacoes pedirinformacoesfr\"><span>\nDemande d&#8217;information\n<\/span><\/a><\/div>\n\n<div id=\"ajax-69d015d5c59e4\" class=\"mk-dynamic-styles\"> .button-69d015d5c59e4 { margin-bottom: 40px; margin-top: 10px; min-width: 0px !important; } .button-69d015d5c59e4 { background-color:#f97352; } .button-69d015d5c59e4:hover { background-color:#e86b4c; } .button-69d015d5c59e4.three-dimension { box-shadow: 0px 3px 0px 0px #c75c42; } .button-69d015d5c59e4.three-dimension:active { box-shadow: 0px 1px 0px 0px #c75c42; } <\/div>\n\t<\/div><\/div>\n","protected":false},"excerpt":{"rendered":"{:pt} Produtos \/ Weaving \/ Classic Blends Selec\u00e7\u00e3oNome do ArtigoNmTecnologiaComposi\u00e7\u00e3oObserva\u00e7\u00f5es KCL1\/40Compact Single55%PES,45%WO Recor2\/48Conventional55%PES,45%WO Renom2\/56Conventional55%PES,45%WO Port2\/40Sirospun55%PES,45%WO Roc2\/48Sirospun55%PES,45%WO Bac2\/56Sirospun55%PES,45%WO Lac2\/60Sirospun55%PES,45%WO Sca2\/70Sirospun55%PES,45%WO Fit2\/80Sirospun55%PES,45%WO Finest2\/90Sirospun55%PES,45%WO KMPT2\/100Compact Sirospun55%PES,45%WO Ecrepon1\/27Single55%PES,45%WO Pedir informa\u00e7\u00f5es .button-69d015d5c6fd5 { margin-bottom: 40px; margin-top: 10px; min-width: 0px !important; } .button-69d015d5c6fd5 { background-color:#f97352; } .button-69d015d5c6fd5:hover { background-color:#e86b4c; } .button-69d015d5c6fd5.three-dimension { box-shadow: 0px 3px 0px 0px #c75c42; } .button-69d015d5c6fd5.three-dimension:active { [...]","protected":false},"author":1,"featured_media":0,"parent":7065,"menu_order":3,"comment_status":"closed","ping_status":"closed","template":"","meta":{"_exactmetrics_skip_tracking":false,"_exactmetrics_sitenote_active":false,"_exactmetrics_sitenote_note":"","_exactmetrics_sitenote_category":0,"footnotes":""},"class_list":["post-7118","page","type-page","status-publish","hentry"],"translation":{"provider":"WPGlobus","version":"3.0.2","language":"fr","enabled_languages":["pt","en","fr","it"],"languages":{"pt":{"title":true,"content":true,"excerpt":false},"en":{"title":true,"content":true,"excerpt":false},"fr":{"title":true,"content":true,"excerpt":false},"it":{"title":true,"content":true,"excerpt":false}}},"aioseo_notices":[],"yoast_head":"<!-- This site is optimized with the Yoast SEO plugin v27.3 - https:\/\/yoast.com\/product\/yoast-seo-wordpress\/ -->\n<title>Classic Blends - FDG - Fia\u00e7\u00e3o da Gra\u00e7a<\/title>\n<meta name=\"robots\" content=\"index, follow, max-snippet:-1, max-image-preview:large, max-video-preview:-1\" \/>\n<link rel=\"canonical\" href=\"https:\/\/fdg.pt\/produtos\/weaving\/classic-blends\/\" \/>\n<meta property=\"og:locale\" content=\"fr_FR\" \/>\n<meta property=\"og:type\" content=\"article\" \/>\n<meta property=\"og:title\" content=\"Classic Blends - FDG - Fia\u00e7\u00e3o da Gra\u00e7a\" \/>\n<meta property=\"og:url\" content=\"https:\/\/fdg.pt\/produtos\/weaving\/classic-blends\/\" \/>\n<meta property=\"og:site_name\" content=\"FDG - Fia\u00e7\u00e3o da Gra\u00e7a\" \/>\n<meta property=\"article:modified_time\" content=\"2019-01-14T09:59:59+00:00\" \/>\n<meta name=\"twitter:card\" content=\"summary_large_image\" \/>\n<meta name=\"twitter:label1\" content=\"Est. reading time\" \/>\n\t<meta name=\"twitter:data1\" content=\"3 minutes\" \/>\n<script type=\"application\/ld+json\" class=\"yoast-schema-graph\">{\"@context\":\"https:\\\/\\\/schema.org\",\"@graph\":[{\"@type\":\"WebPage\",\"@id\":\"https:\\\/\\\/fdg.pt\\\/produtos\\\/weaving\\\/classic-blends\\\/\",\"url\":\"https:\\\/\\\/fdg.pt\\\/produtos\\\/weaving\\\/classic-blends\\\/\",\"name\":\"Classic Blends - FDG - Fia\u00e7\u00e3o da Gra\u00e7a\",\"isPartOf\":{\"@id\":\"https:\\\/\\\/fdg.pt\\\/fr\\\/#website\"},\"datePublished\":\"2017-07-17T13:49:12+00:00\",\"dateModified\":\"2019-01-14T09:59:59+00:00\",\"breadcrumb\":{\"@id\":\"https:\\\/\\\/fdg.pt\\\/produtos\\\/weaving\\\/classic-blends\\\/#breadcrumb\"},\"inLanguage\":\"fr-FR\",\"potentialAction\":[{\"@type\":\"ReadAction\",\"target\":[\"https:\\\/\\\/fdg.pt\\\/produtos\\\/weaving\\\/classic-blends\\\/\"]}]},{\"@type\":\"BreadcrumbList\",\"@id\":\"https:\\\/\\\/fdg.pt\\\/produtos\\\/weaving\\\/classic-blends\\\/#breadcrumb\",\"itemListElement\":[{\"@type\":\"ListItem\",\"position\":1,\"name\":\"In\u00edcio\",\"item\":\"https:\\\/\\\/fdg.pt\\\/\"},{\"@type\":\"ListItem\",\"position\":2,\"name\":\"Produtos\",\"item\":\"https:\\\/\\\/fdg.pt\\\/produtos\\\/\"},{\"@type\":\"ListItem\",\"position\":3,\"name\":\"Weaving\",\"item\":\"https:\\\/\\\/fdg.pt\\\/produtos\\\/weaving\\\/\"},{\"@type\":\"ListItem\",\"position\":4,\"name\":\"Classic Blends\"}]},{\"@type\":\"WebSite\",\"@id\":\"https:\\\/\\\/fdg.pt\\\/fr\\\/#website\",\"url\":\"https:\\\/\\\/fdg.pt\\\/fr\\\/\",\"name\":\"FDG - Fia\u00e7\u00e3o da Gra\u00e7a\",\"description\":\"Innovateurs fils peign\u00e9s, de pure laine m\u00e9rinos ou developp\u00e9s m\u00e9langes. Technologies de filature du classique aux plus modernes.\",\"potentialAction\":[{\"@type\":\"SearchAction\",\"target\":{\"@type\":\"EntryPoint\",\"urlTemplate\":\"https:\\\/\\\/fdg.pt\\\/fr\\\/?s={search_term_string}\"},\"query-input\":{\"@type\":\"PropertyValueSpecification\",\"valueRequired\":true,\"valueName\":\"search_term_string\"}}],\"inLanguage\":\"fr-FR\"}]}<\/script>\n<!-- \/ Yoast SEO plugin. -->","yoast_head_json":{"title":"Classic Blends - FDG - Fia\u00e7\u00e3o da Gra\u00e7a","robots":{"index":"index","follow":"follow","max-snippet":"max-snippet:-1","max-image-preview":"max-image-preview:large","max-video-preview":"max-video-preview:-1"},"canonical":"https:\/\/fdg.pt\/produtos\/weaving\/classic-blends\/","og_locale":"fr_FR","og_type":"article","og_title":"Classic Blends - FDG - Fia\u00e7\u00e3o da Gra\u00e7a","og_url":"https:\/\/fdg.pt\/produtos\/weaving\/classic-blends\/","og_site_name":"FDG - Fia\u00e7\u00e3o da Gra\u00e7a","article_modified_time":"2019-01-14T09:59:59+00:00","twitter_card":"summary_large_image","twitter_misc":{"Est. reading time":"3 minutes"},"schema":{"@context":"https:\/\/schema.org","@graph":[{"@type":"WebPage","@id":"https:\/\/fdg.pt\/produtos\/weaving\/classic-blends\/","url":"https:\/\/fdg.pt\/produtos\/weaving\/classic-blends\/","name":"Classic Blends - FDG - Fia\u00e7\u00e3o da Gra\u00e7a","isPartOf":{"@id":"https:\/\/fdg.pt\/fr\/#website"},"datePublished":"2017-07-17T13:49:12+00:00","dateModified":"2019-01-14T09:59:59+00:00","breadcrumb":{"@id":"https:\/\/fdg.pt\/produtos\/weaving\/classic-blends\/#breadcrumb"},"inLanguage":"fr-FR","potentialAction":[{"@type":"ReadAction","target":["https:\/\/fdg.pt\/produtos\/weaving\/classic-blends\/"]}]},{"@type":"BreadcrumbList","@id":"https:\/\/fdg.pt\/produtos\/weaving\/classic-blends\/#breadcrumb","itemListElement":[{"@type":"ListItem","position":1,"name":"In\u00edcio","item":"https:\/\/fdg.pt\/"},{"@type":"ListItem","position":2,"name":"Produtos","item":"https:\/\/fdg.pt\/produtos\/"},{"@type":"ListItem","position":3,"name":"Weaving","item":"https:\/\/fdg.pt\/produtos\/weaving\/"},{"@type":"ListItem","position":4,"name":"Classic Blends"}]},{"@type":"WebSite","@id":"https:\/\/fdg.pt\/fr\/#website","url":"https:\/\/fdg.pt\/fr\/","name":"FDG - Fia\u00e7\u00e3o da Gra\u00e7a","description":"Innovateurs fils peign\u00e9s, de pure laine m\u00e9rinos ou developp\u00e9s m\u00e9langes. Technologies de filature du classique aux plus modernes.","potentialAction":[{"@type":"SearchAction","target":{"@type":"EntryPoint","urlTemplate":"https:\/\/fdg.pt\/fr\/?s={search_term_string}"},"query-input":{"@type":"PropertyValueSpecification","valueRequired":true,"valueName":"search_term_string"}}],"inLanguage":"fr-FR"}]}},"_links":{"self":[{"href":"https:\/\/fdg.pt\/fr\/wp-json\/wp\/v2\/pages\/7118","targetHints":{"allow":["GET"]}}],"collection":[{"href":"https:\/\/fdg.pt\/fr\/wp-json\/wp\/v2\/pages"}],"about":[{"href":"https:\/\/fdg.pt\/fr\/wp-json\/wp\/v2\/types\/page"}],"author":[{"embeddable":true,"href":"https:\/\/fdg.pt\/fr\/wp-json\/wp\/v2\/users\/1"}],"replies":[{"embeddable":true,"href":"https:\/\/fdg.pt\/fr\/wp-json\/wp\/v2\/comments?post=7118"}],"version-history":[{"count":18,"href":"https:\/\/fdg.pt\/fr\/wp-json\/wp\/v2\/pages\/7118\/revisions"}],"predecessor-version":[{"id":9964,"href":"https:\/\/fdg.pt\/fr\/wp-json\/wp\/v2\/pages\/7118\/revisions\/9964"}],"up":[{"embeddable":true,"href":"https:\/\/fdg.pt\/fr\/wp-json\/wp\/v2\/pages\/7065"}],"wp:attachment":[{"href":"https:\/\/fdg.pt\/fr\/wp-json\/wp\/v2\/media?parent=7118"}],"curies":[{"name":"wp","href":"https:\/\/api.w.org\/{rel}","templated":true}]}}