{"id":6831,"date":"2017-07-14T10:35:10","date_gmt":"2017-07-14T10:35:10","guid":{"rendered":"http:\/\/www.fdg.pt\/?page_id=6831"},"modified":"2017-09-19T09:08:28","modified_gmt":"2017-09-19T09:08:28","slug":"produtos","status":"publish","type":"page","link":"https:\/\/fdg.pt\/fr\/produtos\/","title":{"rendered":"Produits"},"content":{"rendered":"<div class=\"wpb_row vc_row  vc_row-fluid  mk-fullwidth-false  attched-false vc_row-fluid\">\n\t<div style=\"\" class=\"vc_col-sm-12 wpb_column column_container vc_custom_1500563887151 \">\n\t\t\t<div id=\"mk-process-69d000984c766\" class=\"mk-process-steps mk-shortcode process-steps-4 \"><ul>\n<li><a href=\"https:\/\/fdg.pt\/fr\/produtos\/weaving\/\"><span class=\"mk-process-icon\"><div class=\"mk-process-shadow\">&nbsp;<\/div><div class=\"mk-process-detail\"><h3>Weaving<\/h3><\/div><\/span><\/a><\/li>\n<li><a href=\"https:\/\/fdg.pt\/fr\/produtos\/kniting\/\"><span class=\"mk-process-icon\"><div class=\"mk-process-shadow\">&nbsp;<\/div><div class=\"mk-process-detail\"><h3>Kniting<\/h3><\/div><\/span><\/a><\/li>\n<li><a href=\"https:\/\/fdg.pt\/fr\/produtos\/corporate\/\"><span class=\"mk-process-icon\"><div class=\"mk-process-shadow\">&nbsp;<\/div><div class=\"mk-process-detail\"><h3>Corporate<\/h3><\/div><\/span><\/a><\/li>\n<li><a href=\"https:\/\/fdg.pt\/fr\/produtos\/upholstery\/\"><span class=\"mk-process-icon\"><div class=\"mk-process-shadow\">&nbsp;<\/div><div class=\"mk-process-detail\"><h3>Upholstery<\/h3><\/div><\/span><\/a><\/li>\n<div class=\"clearboth\"><\/div><\/ul><\/div>\n<div id=\"ajax-69d000984c766\" class=\"mk-dynamic-styles\">#mk-process-69d000984c766 ul li:hover .mk-process-icon {background-color:#f97352;}<\/div>\n\t<\/div><\/div><div class=\"wpb_row vc_row escondercombolos vc_row-fluid  mk-fullwidth-false  attched-false vc_row-fluid\">\n\t<div style=\"\" class=\"vc_col-sm-12 wpb_column column_container vc_custom_1500563845542 \">\n\t\t\t<div class=\"vc_separator wpb_content_element vc_sep_width_100 vc_sep_pos_align_center vc_separator_no_text vc_sep_color_grey\">\n\t<span class=\"vc_sep_holder vc_sep_holder_l\"><span class=\"vc_sep_line\"><\/span><\/span>\n\t\t<span class=\"vc_sep_holder vc_sep_holder_r\"><span class=\"vc_sep_line\"><\/span><\/span>\n<\/div>\n\n\n\t<\/div><\/div><div class=\"wpb_row vc_row  vc_row-fluid  mk-fullwidth-false  attched-false vc_row-fluid\">\n\t<div style=\"\" class=\"vc_col-sm-12 wpb_column column_container \">\n\t\t\t<div class=\"clearboth\"><\/div><div class=\"mk-shortcode mk-padding-shortcode\" style=\"height:0px\"><\/div><div class=\"clearboth\"><\/div><div class=\"portfolio-grid \"><header class=\"sortable-classic-style portfolio-fiter-grid sortable-id-69d000984eb71\" id=\"mk-filter-portfolio\" style=\"margin-bottom:1px\"><div class=\"mk-grid\"><ul class=\"align-center\"><li><a class=\"current\" data-filter=\"*\" href=\"#\">Tout<\/a><\/li><li><a data-filter=\".weaving\" href=\"#\">Weaving<\/a><\/li><li><a data-filter=\".kniting\" href=\"#\">Kniting<\/a><\/li><li><a data-filter=\".corporate\" href=\"#\">Corporate<\/a><\/li><li><a data-filter=\".upholstery\" href=\"#\">Upholstery<\/a><\/li><div class=\"clearboth\"><\/div><\/ul><div class=\"clearboth\"><\/div><\/div><\/header><div class=\"portfolio-loader\"><div><div class=\"mk-preloader\"><\/div><\/div><\/div><div class=\"ajax-container\"><div class=\"ajax-controls\"><a href=\"#\" class=\"close-ajax\"><i class=\"mk-moon-close-2\"><\/i><\/a><a href=\"#\" class=\"next-ajax\"><i class=\"mk-jupiter-icon-arrow-right\"><\/i><\/a><a href=\"#\" class=\"prev-ajax\"><i class=\"mk-jupiter-icon-arrow-left\"><\/i><\/a><\/div><\/div><div class=\"loop-main-wrapper\"><section data-style=\"grid\" data-uniqid=\"1500452537-596f16b988b9d\" id=\"mk-portfolio-loop-69d000984eb71\" class=\"mk-portfolio-container mk-theme-loop mk-portfolio-grid page-nav-style backgroundcinza\" >\n<article id=\"274\" class=\"mk-portfolio-item mk-portfolio-grid-item grid-1500452537-596f16b988b9d mk-isotop-item light-zoomin-hover portfolio-four-column portfolio-with-sidebar portfolio-image weaving\"><div style=\"margin:0 0.5px 1px;\" class=\"item-holder\"><a class=\"permalink-badge project-load\" data-fancybox-group=\"portfolio-grid\" data-post-id=\"274\" rel=\"portfolio-grid\" target=\"_self\" href=\"https:\/\/fdg.pt\/fr\/produtos\/weaving\/100-wool\/\"><div class=\"featured-image \"><img decoding=\"async\" alt=\"100% Wool\" title=\"100% Wool\" src=\"https:\/\/fdg.pt\/wp-content\/uploads\/bfi_thumb\/100-wool-rj2081scst5b90wathiu2ijb6euhbiwu8tiefv2reo.jpg\"  \/><div class=\"image-hover-overlay\"><\/div><div class=\"grid-hover-icons\"><\/div><div class=\"portfolio-meta\"><h3 class=\"the-title\">100% Wool<\/h3><div class=\"clearboth\"><\/div><time class=\"portfolio-date\" datetime=\"August 20, 2014\">August 20, 2014<\/time><\/div><!-- Portfolio meta --><\/div><!-- Featured Image --><\/div><\/article><!-- item holder + article -->\n\n\n<article id=\"266\" class=\"mk-portfolio-item mk-portfolio-grid-item grid-1500452537-596f16b988b9d mk-isotop-item light-zoomin-hover portfolio-four-column portfolio-with-sidebar portfolio-image weaving\"><div style=\"margin:0 0.5px 1px;\" class=\"item-holder\"><a class=\"permalink-badge project-load\" data-fancybox-group=\"portfolio-grid\" data-post-id=\"266\" rel=\"portfolio-grid\" target=\"_self\" href=\"https:\/\/fdg.pt\/fr\/produtos\/weaving\/wool-rich\/\"><div class=\"featured-image \"><img decoding=\"async\" alt=\"Wool Rich\" title=\"Wool Rich\" src=\"https:\/\/fdg.pt\/wp-content\/uploads\/bfi_thumb\/whool-rich-rj2082q6zn6lkmuxnzxgn0arrspuj80kky5vx51d8g.jpg\"  \/><div class=\"image-hover-overlay\"><\/div><div class=\"grid-hover-icons\"><\/div><div class=\"portfolio-meta\"><h3 class=\"the-title\">Wool Rich<\/h3><div class=\"clearboth\"><\/div><time class=\"portfolio-date\" datetime=\"August 20, 2014\">August 20, 2014<\/time><\/div><!-- Portfolio meta --><\/div><!-- Featured Image --><\/div><\/article><!-- item holder + article -->\n\n\n<article id=\"265\" class=\"mk-portfolio-item mk-portfolio-grid-item grid-1500452537-596f16b988b9d mk-isotop-item light-zoomin-hover portfolio-four-column portfolio-with-sidebar portfolio-image weaving\"><div style=\"margin:0 0.5px 1px;\" class=\"item-holder\"><a class=\"permalink-badge project-load\" data-fancybox-group=\"portfolio-grid\" data-post-id=\"265\" rel=\"portfolio-grid\" target=\"_self\" href=\"https:\/\/fdg.pt\/fr\/produtos\/weaving\/classic-blends\/\"><div class=\"featured-image \"><img decoding=\"async\" alt=\"Classic Blends\" title=\"Classic Blends\" src=\"https:\/\/fdg.pt\/wp-content\/uploads\/bfi_thumb\/classic-blends-rj2081scst5b90wathiu2ijb6euhbiwu8tiefv2reo.jpg\"  \/><div class=\"image-hover-overlay\"><\/div><div class=\"grid-hover-icons\"><\/div><div class=\"portfolio-meta\"><h3 class=\"the-title\">Classic Blends<\/h3><div class=\"clearboth\"><\/div><time class=\"portfolio-date\" datetime=\"August 20, 2014\">August 20, 2014<\/time><\/div><!-- Portfolio meta --><\/div><!-- Featured Image --><\/div><\/article><!-- item holder + article -->\n\n\n<article id=\"264\" class=\"mk-portfolio-item mk-portfolio-grid-item grid-1500452537-596f16b988b9d mk-isotop-item light-zoomin-hover portfolio-four-column portfolio-with-sidebar portfolio-image weaving\"><div style=\"margin:0 0.5px 1px;\" class=\"item-holder\"><a class=\"permalink-badge project-load\" data-fancybox-group=\"portfolio-grid\" data-post-id=\"264\" rel=\"portfolio-grid\" target=\"_self\" href=\"https:\/\/fdg.pt\/fr\/produtos\/weaving\/agile-blends\/\"><div class=\"featured-image \"><img decoding=\"async\" alt=\"Agile Blends\" title=\"Agile Blends\" src=\"https:\/\/fdg.pt\/wp-content\/uploads\/bfi_thumb\/agile_blends-rj2081scst5b90wathiu2ijb6euhbiwu8tiefv2reo.jpg\"  \/><div class=\"image-hover-overlay\"><\/div><div class=\"grid-hover-icons\"><\/div><div class=\"portfolio-meta\"><h3 class=\"the-title\">Agile Blends<\/h3><div class=\"clearboth\"><\/div><time class=\"portfolio-date\" datetime=\"August 20, 2014\">August 20, 2014<\/time><\/div><!-- Portfolio meta --><\/div><!-- Featured Image --><\/div><\/article><!-- item holder + article -->\n\n\n<article id=\"248\" class=\"mk-portfolio-item mk-portfolio-grid-item grid-1500452537-596f16b988b9d mk-isotop-item light-zoomin-hover portfolio-four-column portfolio-with-sidebar portfolio-image kniting\"><div style=\"margin:0 0.5px 1px;\" class=\"item-holder\"><a class=\"permalink-badge project-load\" data-fancybox-group=\"portfolio-grid\" data-post-id=\"248\" rel=\"portfolio-grid\" target=\"_self\" href=\"https:\/\/fdg.pt\/fr\/produtos\/kniting\/glow\/\"><div class=\"featured-image \"><img decoding=\"async\" alt=\"Glow\" title=\"Glow\" src=\"https:\/\/fdg.pt\/wp-content\/uploads\/bfi_thumb\/glow-rj2081scst5b90wathiu2ijb6euhbiwu8tiefv2reo.jpg\"  \/><div class=\"image-hover-overlay\"><\/div><div class=\"grid-hover-icons\"><\/div><div class=\"portfolio-meta\"><h3 class=\"the-title\">Glow<\/h3><div class=\"clearboth\"><\/div><time class=\"portfolio-date\" datetime=\"August 20, 2014\">August 20, 2014<\/time><\/div><!-- Portfolio meta --><\/div><!-- Featured Image --><\/div><\/article><!-- item holder + article -->\n\n\n<article id=\"8823\" class=\"mk-portfolio-item mk-portfolio-grid-item grid-1500452537-596f16b988b9d mk-isotop-item light-zoomin-hover portfolio-four-column portfolio-with-sidebar portfolio-image blankspace\"><div style=\"margin:0 0.5px 1px;\" class=\"item-holder\"><a class=\"permalink-badge project-load\" data-fancybox-group=\"portfolio-grid\" data-post-id=\"8823\" rel=\"portfolio-grid\" target=\"_self\" href=\"#\"><div class=\"featured-image \"><img decoding=\"async\" alt=\"&nbsp;\" title=\"&nbsp;\" src=\"https:\/\/fdg.pt\/wp-content\/uploads\/bfi_thumb\/blankportfolio-rj2081scst5b90wathiu2ijb6euhbiwu8tiefv2reo.png\"  \/><div class=\"image-hover-overlay\"><\/div><div class=\"grid-hover-icons\"><\/div><div class=\"portfolio-meta\"><h3 class=\"the-title\">&nbsp;<\/h3><div class=\"clearboth\"><\/div><time class=\"portfolio-date\" datetime=\"August 30, 2017\">August 30, 2017<\/time><\/div><!-- Portfolio meta --><\/div><!-- Featured Image --><\/div><\/article><!-- item holder + article -->\n\n\n<article id=\"263\" class=\"mk-portfolio-item mk-portfolio-grid-item grid-1500452537-596f16b988b9d mk-isotop-item light-zoomin-hover portfolio-four-column portfolio-with-sidebar portfolio-image kniting\"><div style=\"margin:0 0.5px 1px;\" class=\"item-holder\"><a class=\"permalink-badge project-load\" data-fancybox-group=\"portfolio-grid\" data-post-id=\"263\" rel=\"portfolio-grid\" target=\"_self\" href=\"https:\/\/fdg.pt\/fr\/produtos\/kniting\/pure\/\"><div class=\"featured-image \"><img decoding=\"async\" alt=\"Pure\" title=\"Pure\" src=\"https:\/\/fdg.pt\/wp-content\/uploads\/bfi_thumb\/pure-rj2081scst5b90wathiu2ijb6euhbiwu8tiefv2reo.jpg\"  \/><div class=\"image-hover-overlay\"><\/div><div class=\"grid-hover-icons\"><\/div><div class=\"portfolio-meta\"><h3 class=\"the-title\">Pure<\/h3><div class=\"clearboth\"><\/div><time class=\"portfolio-date\" datetime=\"August 20, 2014\">August 20, 2014<\/time><\/div><!-- Portfolio meta --><\/div><!-- Featured Image --><\/div><\/article><!-- item holder + article -->\n\n\n<article id=\"249\" class=\"mk-portfolio-item mk-portfolio-grid-item grid-1500452537-596f16b988b9d mk-isotop-item light-zoomin-hover portfolio-four-column portfolio-with-sidebar portfolio-image kniting\"><div style=\"margin:0 0.5px 1px;\" class=\"item-holder\"><a class=\"permalink-badge project-load\" data-fancybox-group=\"portfolio-grid\" data-post-id=\"249\" rel=\"portfolio-grid\" target=\"_self\" href=\"https:\/\/fdg.pt\/fr\/produtos\/kniting\/active\/\"><div class=\"featured-image \"><img decoding=\"async\" alt=\"Active\" title=\"Active\" src=\"https:\/\/fdg.pt\/wp-content\/uploads\/bfi_thumb\/active-rj2081scst5b90wathiu2ijb6euhbiwu8tiefv2reo.jpg\"  \/><div class=\"image-hover-overlay\"><\/div><div class=\"grid-hover-icons\"><\/div><div class=\"portfolio-meta\"><h3 class=\"the-title\">Active<\/h3><div class=\"clearboth\"><\/div><time class=\"portfolio-date\" datetime=\"August 20, 2014\">August 20, 2014<\/time><\/div><!-- Portfolio meta --><\/div><!-- Featured Image --><\/div><\/article><!-- item holder + article -->\n\n\n<article id=\"247\" class=\"mk-portfolio-item mk-portfolio-grid-item grid-1500452537-596f16b988b9d mk-isotop-item light-zoomin-hover portfolio-four-column portfolio-with-sidebar portfolio-image kniting\"><div style=\"margin:0 0.5px 1px;\" class=\"item-holder\"><a class=\"permalink-badge project-load\" data-fancybox-group=\"portfolio-grid\" data-post-id=\"247\" rel=\"portfolio-grid\" target=\"_self\" href=\"https:\/\/fdg.pt\/fr\/produtos\/kniting\/fluffy\/\"><div class=\"featured-image \"><img decoding=\"async\" alt=\"Fluffy\" title=\"Fluffy\" src=\"https:\/\/fdg.pt\/wp-content\/uploads\/bfi_thumb\/fluffy-e1568273255732-rj2081scst5b90wathiu2ijb6euhbiwu8tiefv2reo.jpg\"  \/><div class=\"image-hover-overlay\"><\/div><div class=\"grid-hover-icons\"><\/div><div class=\"portfolio-meta\"><h3 class=\"the-title\">Fluffy<\/h3><div class=\"clearboth\"><\/div><time class=\"portfolio-date\" datetime=\"August 20, 2014\">August 20, 2014<\/time><\/div><!-- Portfolio meta --><\/div><!-- Featured Image --><\/div><\/article><!-- item holder + article -->\n\n\n<article id=\"245\" class=\"mk-portfolio-item mk-portfolio-grid-item grid-1500452537-596f16b988b9d mk-isotop-item light-zoomin-hover portfolio-four-column portfolio-with-sidebar portfolio-image corporate\"><div style=\"margin:0 0.5px 1px;\" class=\"item-holder\"><a class=\"permalink-badge project-load\" data-fancybox-group=\"portfolio-grid\" data-post-id=\"245\" rel=\"portfolio-grid\" target=\"_self\" href=\"https:\/\/fdg.pt\/fr\/produtos\/corporate\/performance\/\"><div class=\"featured-image \"><img decoding=\"async\" alt=\"Performance\" title=\"Performance\" src=\"https:\/\/fdg.pt\/wp-content\/uploads\/bfi_thumb\/performance_2-rj2082q6zn6lkmuxnzxgn0arrspuj80kky5vx51d8g.jpg\"  \/><div class=\"image-hover-overlay\"><\/div><div class=\"grid-hover-icons\"><\/div><div class=\"portfolio-meta\"><h3 class=\"the-title\">Performance<\/h3><div class=\"clearboth\"><\/div><time class=\"portfolio-date\" datetime=\"August 20, 2014\">August 20, 2014<\/time><\/div><!-- Portfolio meta --><\/div><!-- Featured Image --><\/div><\/article><!-- item holder + article -->\n\n\n<article id=\"8827\" class=\"mk-portfolio-item mk-portfolio-grid-item grid-1500452537-596f16b988b9d mk-isotop-item light-zoomin-hover portfolio-four-column portfolio-with-sidebar portfolio-image blankspace\"><div style=\"margin:0 0.5px 1px;\" class=\"item-holder\"><a class=\"permalink-badge project-load\" data-fancybox-group=\"portfolio-grid\" data-post-id=\"8827\" rel=\"portfolio-grid\" target=\"_self\" href=\"#\"><div class=\"featured-image \"><img decoding=\"async\" alt=\"\u00a0\" title=\"\u00a0\" src=\"https:\/\/fdg.pt\/wp-content\/uploads\/bfi_thumb\/blankportfolio-rj2081scst5b90wathiu2ijb6euhbiwu8tiefv2reo.png\"  \/><div class=\"image-hover-overlay\"><\/div><div class=\"grid-hover-icons\"><\/div><div class=\"portfolio-meta\"><h3 class=\"the-title\">\u00a0<\/h3><div class=\"clearboth\"><\/div><time class=\"portfolio-date\" datetime=\"August 30, 2017\">August 30, 2017<\/time><\/div><!-- Portfolio meta --><\/div><!-- Featured Image --><\/div><\/article><!-- item holder + article -->\n\n\n<article id=\"246\" class=\"mk-portfolio-item mk-portfolio-grid-item grid-1500452537-596f16b988b9d mk-isotop-item light-zoomin-hover portfolio-four-column portfolio-with-sidebar portfolio-image corporate\"><div style=\"margin:0 0.5px 1px;\" class=\"item-holder\"><a class=\"permalink-badge project-load\" data-fancybox-group=\"portfolio-grid\" data-post-id=\"246\" rel=\"portfolio-grid\" target=\"_self\" href=\"https:\/\/fdg.pt\/fr\/produtos\/corporate\/elegant\/\"><div class=\"featured-image \"><img decoding=\"async\" alt=\"Elegant\" title=\"Elegant\" src=\"https:\/\/fdg.pt\/wp-content\/uploads\/bfi_thumb\/elegant-rj2081scst5b90wathiu2ijb6euhbiwu8tiefv2reo.jpg\"  \/><div class=\"image-hover-overlay\"><\/div><div class=\"grid-hover-icons\"><\/div><div class=\"portfolio-meta\"><h3 class=\"the-title\">Elegant<\/h3><div class=\"clearboth\"><\/div><time class=\"portfolio-date\" datetime=\"August 20, 2014\">August 20, 2014<\/time><\/div><!-- Portfolio meta --><\/div><!-- Featured Image --><\/div><\/article><!-- item holder + article -->\n\n\n<article id=\"244\" class=\"mk-portfolio-item mk-portfolio-grid-item grid-1500452537-596f16b988b9d mk-isotop-item light-zoomin-hover portfolio-four-column portfolio-with-sidebar portfolio-image corporate\"><div style=\"margin:0 0.5px 1px;\" class=\"item-holder\"><a class=\"permalink-badge project-load\" data-fancybox-group=\"portfolio-grid\" data-post-id=\"244\" rel=\"portfolio-grid\" target=\"_self\" href=\"https:\/\/fdg.pt\/fr\/produtos\/corporate\/comfort\/\"><div class=\"featured-image \"><img decoding=\"async\" alt=\"Comfort\" title=\"Comfort\" src=\"https:\/\/fdg.pt\/wp-content\/uploads\/bfi_thumb\/comfort-rj2082q6zn6lkmuxnzxgn0arrspuj80kky5vx51d8g.jpg\"  \/><div class=\"image-hover-overlay\"><\/div><div class=\"grid-hover-icons\"><\/div><div class=\"portfolio-meta\"><h3 class=\"the-title\">Comfort<\/h3><div class=\"clearboth\"><\/div><time class=\"portfolio-date\" datetime=\"August 20, 2014\">August 20, 2014<\/time><\/div><!-- Portfolio meta --><\/div><!-- Featured Image --><\/div><\/article><!-- item holder + article -->\n\n\n<article id=\"6946\" class=\"mk-portfolio-item mk-portfolio-grid-item grid-1500452537-596f16b988b9d mk-isotop-item light-zoomin-hover portfolio-four-column portfolio-with-sidebar portfolio-image upholstery\"><div style=\"margin:0 0.5px 1px;\" class=\"item-holder\"><a class=\"permalink-badge project-load\" data-fancybox-group=\"portfolio-grid\" data-post-id=\"6946\" rel=\"portfolio-grid\" target=\"_self\" href=\"https:\/\/fdg.pt\/fr\/produtos\/upholstery\/econic\/\"><div class=\"featured-image \"><img decoding=\"async\" alt=\"Econic\" title=\"Econic\" src=\"https:\/\/fdg.pt\/wp-content\/uploads\/bfi_thumb\/econic-rj2082q6zn6lkmuxnzxgn0arrspuj80kky5vx51d8g.jpg\"  \/><div class=\"image-hover-overlay\"><\/div><div class=\"grid-hover-icons\"><\/div><div class=\"portfolio-meta\"><h3 class=\"the-title\">Econic<\/h3><div class=\"clearboth\"><\/div><time class=\"portfolio-date\" datetime=\"July 17, 2017\">July 17, 2017<\/time><\/div><!-- Portfolio meta --><\/div><!-- Featured Image --><\/div><\/article><!-- item holder + article -->\n\n\n<article id=\"6950\" class=\"mk-portfolio-item mk-portfolio-grid-item grid-1500452537-596f16b988b9d mk-isotop-item light-zoomin-hover portfolio-four-column portfolio-with-sidebar portfolio-image upholstery\"><div style=\"margin:0 0.5px 1px;\" class=\"item-holder\"><a class=\"permalink-badge project-load\" data-fancybox-group=\"portfolio-grid\" data-post-id=\"6950\" rel=\"portfolio-grid\" target=\"_self\" href=\"https:\/\/fdg.pt\/fr\/produtos\/upholstery\/reliable\/\"><div class=\"featured-image \"><img decoding=\"async\" alt=\"Reliable\" title=\"Reliable\" src=\"https:\/\/fdg.pt\/wp-content\/uploads\/bfi_thumb\/reliable-rj2082q6zn6lkmuxnzxgn0arrspuj80kky5vx51d8g.jpg\"  \/><div class=\"image-hover-overlay\"><\/div><div class=\"grid-hover-icons\"><\/div><div class=\"portfolio-meta\"><h3 class=\"the-title\">Reliable<\/h3><div class=\"clearboth\"><\/div><time class=\"portfolio-date\" datetime=\"July 17, 2017\">July 17, 2017<\/time><\/div><!-- Portfolio meta --><\/div><!-- Featured Image --><\/div><\/article><!-- item holder + article -->\n\n\n<article id=\"225\" class=\"mk-portfolio-item mk-portfolio-grid-item grid-1500452537-596f16b988b9d mk-isotop-item light-zoomin-hover portfolio-four-column portfolio-with-sidebar portfolio-image upholstery\"><div style=\"margin:0 0.5px 1px;\" class=\"item-holder\"><a class=\"permalink-badge project-load\" data-fancybox-group=\"portfolio-grid\" data-post-id=\"225\" rel=\"portfolio-grid\" target=\"_self\" href=\"https:\/\/fdg.pt\/fr\/produtos\/upholstery\/soft\/\"><div class=\"featured-image \"><img decoding=\"async\" alt=\"Soft\" title=\"Soft\" src=\"https:\/\/fdg.pt\/wp-content\/uploads\/bfi_thumb\/soft-rj2081scst5b90wathiu2ijb6euhbiwu8tiefv2reo.jpg\"  \/><div class=\"image-hover-overlay\"><\/div><div class=\"grid-hover-icons\"><\/div><div class=\"portfolio-meta\"><h3 class=\"the-title\">Soft<\/h3><div class=\"clearboth\"><\/div><time class=\"portfolio-date\" datetime=\"August 20, 2014\">August 20, 2014<\/time><\/div><!-- Portfolio meta --><\/div><!-- Featured Image --><\/div><\/article><!-- item holder + article -->\n\n\n<\/section><div class=\"clearboth\"><\/div>\n\n<a class=\"mk-loadmore-button page-nav-style-btn\" style=\"display:none;\" href=\"#\"><i class=\"mk-moon-loop-4\"><\/i><i class=\"mk-moon-arrow-down-4\"><\/i>Load More<\/a><div class=\"mk-preloader\"><\/div><\/div><\/div><div id=\"ajax-69d000984eb71\" class=\"mk-dynamic-styles\"> .sortable-id-69d000984eb71.sortable-outline-style { background-color:#1a1a1a; } .sortable-id-69d000984eb71.sortable-outline-style a { color:#cccccc; } .sortable-id-69d000984eb71.sortable-outline-style a.current { border-color:#cccccc !important; }<\/div><div class=\"clearboth\"><\/div><div class=\"mk-shortcode mk-padding-shortcode\" style=\"height:50px\"><\/div><div class=\"clearboth\"><\/div>\n\t<\/div><\/div>\n","protected":false},"excerpt":{"rendered":"","protected":false},"author":1,"featured_media":0,"parent":0,"menu_order":0,"comment_status":"closed","ping_status":"closed","template":"","meta":{"_exactmetrics_skip_tracking":false,"_exactmetrics_sitenote_active":false,"_exactmetrics_sitenote_note":"","_exactmetrics_sitenote_category":0,"footnotes":""},"class_list":["post-6831","page","type-page","status-publish","hentry"],"translation":{"provider":"WPGlobus","version":"3.0.2","language":"fr","enabled_languages":["pt","en","fr","it"],"languages":{"pt":{"title":true,"content":true,"excerpt":false},"en":{"title":true,"content":true,"excerpt":false},"fr":{"title":true,"content":true,"excerpt":false},"it":{"title":false,"content":false,"excerpt":false}}},"aioseo_notices":[],"yoast_head":"<!-- This site is optimized with the Yoast SEO plugin v27.3 - https:\/\/yoast.com\/product\/yoast-seo-wordpress\/ -->\n<title>Produits - FDG - Fia\u00e7\u00e3o da Gra\u00e7a<\/title>\n<meta name=\"robots\" content=\"index, follow, max-snippet:-1, max-image-preview:large, max-video-preview:-1\" \/>\n<link rel=\"canonical\" href=\"https:\/\/fdg.pt\/produtos\/\" \/>\n<meta property=\"og:locale\" content=\"fr_FR\" \/>\n<meta property=\"og:type\" content=\"article\" \/>\n<meta property=\"og:title\" content=\"Produits - FDG - Fia\u00e7\u00e3o da Gra\u00e7a\" \/>\n<meta property=\"og:url\" content=\"https:\/\/fdg.pt\/produtos\/\" \/>\n<meta property=\"og:site_name\" content=\"FDG - Fia\u00e7\u00e3o da Gra\u00e7a\" \/>\n<meta property=\"article:modified_time\" content=\"2017-09-19T09:08:28+00:00\" \/>\n<meta name=\"twitter:card\" content=\"summary_large_image\" \/>\n<meta name=\"twitter:label1\" content=\"Est. reading time\" \/>\n\t<meta name=\"twitter:data1\" content=\"3 minutes\" \/>\n<script type=\"application\/ld+json\" class=\"yoast-schema-graph\">{\"@context\":\"https:\\\/\\\/schema.org\",\"@graph\":[{\"@type\":\"WebPage\",\"@id\":\"https:\\\/\\\/fdg.pt\\\/produtos\\\/\",\"url\":\"https:\\\/\\\/fdg.pt\\\/produtos\\\/\",\"name\":\"Produits - FDG - Fia\u00e7\u00e3o da Gra\u00e7a\",\"isPartOf\":{\"@id\":\"https:\\\/\\\/fdg.pt\\\/fr\\\/#website\"},\"datePublished\":\"2017-07-14T10:35:10+00:00\",\"dateModified\":\"2017-09-19T09:08:28+00:00\",\"breadcrumb\":{\"@id\":\"https:\\\/\\\/fdg.pt\\\/produtos\\\/#breadcrumb\"},\"inLanguage\":\"fr-FR\",\"potentialAction\":[{\"@type\":\"ReadAction\",\"target\":[\"https:\\\/\\\/fdg.pt\\\/produtos\\\/\"]}]},{\"@type\":\"BreadcrumbList\",\"@id\":\"https:\\\/\\\/fdg.pt\\\/produtos\\\/#breadcrumb\",\"itemListElement\":[{\"@type\":\"ListItem\",\"position\":1,\"name\":\"In\u00edcio\",\"item\":\"https:\\\/\\\/fdg.pt\\\/\"},{\"@type\":\"ListItem\",\"position\":2,\"name\":\"Produtos\"}]},{\"@type\":\"WebSite\",\"@id\":\"https:\\\/\\\/fdg.pt\\\/fr\\\/#website\",\"url\":\"https:\\\/\\\/fdg.pt\\\/fr\\\/\",\"name\":\"FDG - Fia\u00e7\u00e3o da Gra\u00e7a\",\"description\":\"Innovateurs fils peign\u00e9s, de pure laine m\u00e9rinos ou developp\u00e9s m\u00e9langes. Technologies de filature du classique aux plus modernes.\",\"potentialAction\":[{\"@type\":\"SearchAction\",\"target\":{\"@type\":\"EntryPoint\",\"urlTemplate\":\"https:\\\/\\\/fdg.pt\\\/fr\\\/?s={search_term_string}\"},\"query-input\":{\"@type\":\"PropertyValueSpecification\",\"valueRequired\":true,\"valueName\":\"search_term_string\"}}],\"inLanguage\":\"fr-FR\"}]}<\/script>\n<!-- \/ Yoast SEO plugin. -->","yoast_head_json":{"title":"Produits - FDG - Fia\u00e7\u00e3o da Gra\u00e7a","robots":{"index":"index","follow":"follow","max-snippet":"max-snippet:-1","max-image-preview":"max-image-preview:large","max-video-preview":"max-video-preview:-1"},"canonical":"https:\/\/fdg.pt\/produtos\/","og_locale":"fr_FR","og_type":"article","og_title":"Produits - FDG - Fia\u00e7\u00e3o da Gra\u00e7a","og_url":"https:\/\/fdg.pt\/produtos\/","og_site_name":"FDG - Fia\u00e7\u00e3o da Gra\u00e7a","article_modified_time":"2017-09-19T09:08:28+00:00","twitter_card":"summary_large_image","twitter_misc":{"Est. reading time":"3 minutes"},"schema":{"@context":"https:\/\/schema.org","@graph":[{"@type":"WebPage","@id":"https:\/\/fdg.pt\/produtos\/","url":"https:\/\/fdg.pt\/produtos\/","name":"Produits - FDG - Fia\u00e7\u00e3o da Gra\u00e7a","isPartOf":{"@id":"https:\/\/fdg.pt\/fr\/#website"},"datePublished":"2017-07-14T10:35:10+00:00","dateModified":"2017-09-19T09:08:28+00:00","breadcrumb":{"@id":"https:\/\/fdg.pt\/produtos\/#breadcrumb"},"inLanguage":"fr-FR","potentialAction":[{"@type":"ReadAction","target":["https:\/\/fdg.pt\/produtos\/"]}]},{"@type":"BreadcrumbList","@id":"https:\/\/fdg.pt\/produtos\/#breadcrumb","itemListElement":[{"@type":"ListItem","position":1,"name":"In\u00edcio","item":"https:\/\/fdg.pt\/"},{"@type":"ListItem","position":2,"name":"Produtos"}]},{"@type":"WebSite","@id":"https:\/\/fdg.pt\/fr\/#website","url":"https:\/\/fdg.pt\/fr\/","name":"FDG - Fia\u00e7\u00e3o da Gra\u00e7a","description":"Innovateurs fils peign\u00e9s, de pure laine m\u00e9rinos ou developp\u00e9s m\u00e9langes. Technologies de filature du classique aux plus modernes.","potentialAction":[{"@type":"SearchAction","target":{"@type":"EntryPoint","urlTemplate":"https:\/\/fdg.pt\/fr\/?s={search_term_string}"},"query-input":{"@type":"PropertyValueSpecification","valueRequired":true,"valueName":"search_term_string"}}],"inLanguage":"fr-FR"}]}},"_links":{"self":[{"href":"https:\/\/fdg.pt\/fr\/wp-json\/wp\/v2\/pages\/6831","targetHints":{"allow":["GET"]}}],"collection":[{"href":"https:\/\/fdg.pt\/fr\/wp-json\/wp\/v2\/pages"}],"about":[{"href":"https:\/\/fdg.pt\/fr\/wp-json\/wp\/v2\/types\/page"}],"author":[{"embeddable":true,"href":"https:\/\/fdg.pt\/fr\/wp-json\/wp\/v2\/users\/1"}],"replies":[{"embeddable":true,"href":"https:\/\/fdg.pt\/fr\/wp-json\/wp\/v2\/comments?post=6831"}],"version-history":[{"count":36,"href":"https:\/\/fdg.pt\/fr\/wp-json\/wp\/v2\/pages\/6831\/revisions"}],"predecessor-version":[{"id":9847,"href":"https:\/\/fdg.pt\/fr\/wp-json\/wp\/v2\/pages\/6831\/revisions\/9847"}],"wp:attachment":[{"href":"https:\/\/fdg.pt\/fr\/wp-json\/wp\/v2\/media?parent=6831"}],"curies":[{"name":"wp","href":"https:\/\/api.w.org\/{rel}","templated":true}]}}