{"id":4858,"date":"2014-09-01T18:08:31","date_gmt":"2014-09-01T18:08:31","guid":{"rendered":"http:\/\/artbees.net\/themes\/jupiter\/?page_id=4858"},"modified":"2024-08-26T06:45:47","modified_gmt":"2024-08-26T06:45:47","slug":"apresentacao","status":"publish","type":"page","link":"https:\/\/fdg.pt\/fr\/apresentacao\/","title":{"rendered":"Pr\u00e9sentation"},"content":{"rendered":"<div class=\"clearboth\"><\/div><\/div><\/div><\/div><div id=\"mk-page-section-69d0009b100e6\" data-intro-effect=\"false\" class=\"full-width-69d0009b100e6 mk-background-stretch  full-height-false mk-page-section self-hosted mk-blur-parent mk-shortcode  slidertop\" ><div style=\"background-color:#000000;opacity:0.4; -ms-filter:'progid:DXImageTransform.Microsoft.Alpha(Opacity=40)';\" class=\"mk-video-color-mask\"><\/div><div class=\"background-clipper\"><div id=\"background-layer--69d0009b100e6\" class=\"background-layer mk-background-stretch  clipper-false parallax-false\" data-speedFactor=\"0\"><\/div><\/div><div class=\"mk-grid vc_row-fluid page-section-content\"><div class=\"mk-padding-wrapper\">\n\t<div style=\"\" class=\"vc_col-sm-12 wpb_column column_container \">\n\t\t\t<span style=\"color:#fff\" class=\"mk-highlight mk-shortcode \"><\/span>\n\t<\/div><\/div><div class=\"clearboth\"><\/div><\/div><div class=\"clearboth\"><\/div><\/div><div class=\"mk-main-wrapper-holder\"><div class=\"theme-page-wrapper  -layout mk-grid vc_row-fluid row-fluid\"><div class=\"theme-content \"><div id=\"ajax-69d0009b100e6\" class=\"mk-dynamic-styles\"> .full-width-69d0009b100e6 { min-height:360px; padding:140px 0 80px; margin-bottom:0px; background-color:#ffffff; } #background-layer--69d0009b100e6 { background-image:url(https:\/\/fdg.pt\/wp-content\/uploads\/2014\/09\/apresentacao.jpg); background-position:center bottom; background-repeat:no-repeat; ; } .full-width-69d0009b100e6 .mk-fancy-title.pattern-style span, .full-width-69d0009b100e6 .mk-blog-view-all { background-color: #ffffff !important; }<\/div><div class=\"wpb_row vc_row  vc_row-fluid  mk-fullwidth-false  attched-false vc_row-fluid\">\n\t<div style=\"\" class=\"vc_col-sm-12 wpb_column column_container \">\n\t\t\t<div style=\"padding: 0px 0 60px;\" class=\"mk-divider mk-shortcode divider_full_width center padding_space \"><div class=\"divider-inner\" style=\"\"><\/div><\/div><div class=\"clearboth\"><\/div>\n\t<\/div><\/div><div class=\"wpb_row vc_row  vc_row-fluid  mk-fullwidth-false  attched-false vc_row-fluid\">\n\t<div style=\"\" class=\"vc_col-sm-6 vc_col-xs-12 wpb_column column_container vc_custom_1498842867631 \">\n\t\t\t\t<div style=\" margin-bottom:0px;text-align: left;\" class=\"mk-text-block  \"><p class=\"p1\"><b>FDG<\/b>,\u2026 signifie beaucoup plus qu\u2019une filature de fibres longues peign\u00e9s,\u2026 signifie conviction, pers\u00e9v\u00e9rance e optimisme.<\/p>\n<p class=\"p1\">Signifie, attitude, passion e dynamisme de se renouveler constamment e \u00eatre toujours devant les expectatives\u2026\u00a0<span class=\"s1\"><b>Venez nous conna\u00eetre<\/b><\/span>\u00a0\u2026<\/p>\n<p>Cette d\u00e9signation social\u00a0:\u00a0F.D.G. Fia\u00e7\u00e3o da Gra\u00e7a\u00a0emise en 2003, mais l\u2019activit\u00e9 de filature d\u00e9bute beaucoup avant, en 1974\u2026<\/p>\n<p class=\"p1\">Chez<b>\u00a0FDG<\/b>\u00a0vous pouvez ressentir l\u2019exp\u00e9rience de plusieurs ann\u00e9es de connaissance et m\u00e9tier, mais aussi ressentir la pulsation et l\u2019\u00e9nergie d\u2019une nouvelle g\u00e9n\u00e9ration, cherchant \u00e0 chaque jour nouveaux partenaires et la fid\u00e9lisation et pleine satisfaction de nos clients et partenaires de toujours\u2026<\/p>\n<p>Chez FDG c\u2019est possible entendre et percevoir en 340 jours de travail par an le rythme de 14.000 broches de filature aliment\u00e9s par quatre lignes de pr\u00e9paration ind\u00e9pendantes, qui produisent environs 1.600 Ton. de fil par an,\u2026 \u00e0 chaque gramme de fil produit, vous apercevez le travail de toute une \u00e9quipe qui cherche incessamment d\u2019optimiser l\u2019efficience, d\u2019 innover dans les proc\u00e8s et dans les produits, d\u2019interagir et faire \u00e9voluer la Qualit\u00e9, d\u2019assumer engagements et honorer les compromis avec rigueur et fiabilit\u00e9.<\/p>\n<div class=\"clearboth\"><\/div><\/div> \n\t<\/div>\n\t<div style=\"\" class=\"vc_col-sm-6 wpb_column column_container vc_custom_1498842874311 \">\n\t\t\t\t<div style=\" margin-bottom:0px;text-align: left;\" class=\"mk-text-block  \"><p>Chez\u00a0<b>FDG<\/b>, vous pouvez trouver une vaste liste de fils\u00a0: Pour tissage ou pour maille. Pour applications tellement diverses comme\u00a0: V\u00eatement formel et informel. Sport, habillement de protection ou corporatif, d\u00e9coration, sellerie, architecture, \u2026 etc.<\/p>\n<p class=\"p1\">Chez\u00a0<b>FDG<\/b>\u00a0dans certains de nos fils\u00a0<i>Bestsellers\u00a0<\/i>nous avons disponibles certaines coloris en stock service, avec livraison rapide ( 2 \u00e0 3 semaines ). \u00a0Nous avons pour tous les fils une ample gamme de coloris disponibles, notamment \u2026 votre couleur ( reproduction de coloris\u00a0: jusqu\u2019\u00e0 10 jours ouvrables ).<\/p>\n<p class=\"p1\">Nous avons un portfolio \u00e9largi de produits,\u2026 mais nous avons surtout la flexibilit\u00e9 de d\u00e9velopper avec vous, celui que vous int\u00e9resse pour\u00a0<span class=\"s1\">g\u00e9n\u00e9rer\u00a0: Plus-value, diff\u00e9rentiation et r\u00e9ussite.<\/span><\/p>\n<p class=\"p1\">Chez\u00a0<b>FDG<\/b>\u00a0nous sommes intrins\u00e8quement engag\u00e9s avec notre environnement\u00a0: Social, Naturel et Culturel,\u2026 c\u2019est pour \u00e7a que nous sommes fi\u00e8res \u00a0d\u2019avoir et \u00a0d\u2019\u00eatre\u00a0:\u00a0<b><i>Amis Sp\u00e9ciaux<\/i><\/b>,\u2026<\/p>\n<div class=\"clearboth\"><\/div><\/div> \n\t<\/div><\/div><div class=\"wpb_row vc_row  vc_row-fluid  mk-fullwidth-false  attched-false vc_row-fluid\">\n\t<div style=\"\" class=\"vc_col-sm-12 wpb_column column_container \">\n\t\t\t\t<div style=\" margin-bottom:0px;text-align: left;\" class=\"mk-text-block  \"><p><strong><span id=\"result_box\" class=\"short_text\" lang=\"fr\">MISSION FDG<\/span><\/strong><\/p>\n<div id=\"gt-res-dir-ctr\" class=\"trans-verified-button-small\" dir=\"ltr\"><span id=\"gt-res-error\"><\/span>Production et commercialisation de fils \u00e0 base de longues fibres peign\u00e9es. Articles diff\u00e9renci\u00e9s et comp\u00e9titifs, avec des normes \u00e9lev\u00e9es de qualit\u00e9 et de service. Pour tissage et tricotage, secteur: mode, corporate, technique, d\u00e9coratif et automotive.<\/div>\n<div class=\"clearboth\"><\/div><\/div> \n\t<\/div><\/div><div class=\"wpb_row vc_row  vc_row-fluid  mk-fullwidth-false  attched-false vc_row-fluid\">\n\t<div style=\"\" class=\"vc_col-sm-12 wpb_column column_container \">\n\t\t\t\t<div style=\" margin-bottom:0px;text-align: left;\" class=\"mk-text-block  \"><p><strong><span id=\"result_box\" class=\"short_text\" lang=\"fr\" tabindex=\"-1\">VISION FDG<\/span><\/strong><\/p>\n<p>\u00catre le partenaire choisi et la filature le plus r\u00e9put\u00e9 des fibres longues par les principaux acteurs europ\u00e9ens, dans les domaines du tissage et du tricot, secteur: Mode, Corporate, Technique, Automobile et D\u00e9coration.<\/p>\n<div class=\"clearboth\"><\/div><\/div> \n\t<\/div><\/div><div class=\"wpb_row vc_row  vc_row-fluid  mk-fullwidth-false  attched-false vc_row-fluid\">\n\t<div style=\"\" class=\"vc_col-sm-12 wpb_column column_container \">\n\t\t\t\t<div style=\" margin-bottom:0px;text-align: left;\" class=\"mk-text-block  \"><p><strong><span id=\"result_box\" class=\"short_text\" lang=\"fr\" tabindex=\"-1\">VALEURS FDG<\/span><\/strong><\/p>\n<div class=\"clearboth\"><\/div><\/div> \n\t<\/div><\/div><div class=\"wpb_row vc_row  vc_row-fluid  mk-fullwidth-false  attched-false vc_row-fluid\">\n\t<div style=\"\" class=\"vc_col-sm-12 wpb_column column_container \">\n\t\t\t<div id=\"ajax-69d0009b11400\" class=\"mk-dynamic-styles\"> #mk-imagebox-69d0009b11400 .item-holder, #mk-imagebox-69d0009b11400 .swiper-navigation{ margin: 0 10px; }<\/div><div id=\"mk-imagebox-69d0009b11400\" class=\"mk-imagebox-shortcode column-style\"><div class=\"imagebox-five-column\"><div id=\"ajax-69d0009b114cd\" class=\"mk-dynamic-styles\"> #imagebox-item-69d0009b114cd .mk-imagebox-item-title{ font-size:16px;} #imagebox-item-69d0009b114cd .mk-imagebox-item-text, #imagebox-item-69d0009b114cd .mk-imagebox-item-text p {} #imagebox-item-69d0009b114cd .mk-imagebox-item-button a {} #imagebox-item-69d0009b114cd .mk-imagebox-item-button a:hover{}<\/div><div class=\"swiper-slide\"><div id=\"imagebox-item-69d0009b114cd\" class=\"mk-imagebox-item\"><div class=\"item-holder\"><div class=\"mk-imagebox-item-content\" style=\"background-color:#ffffff;\"><div class=\"mk-imagebox-item-image padding-false\"><img decoding=\"async\" src=\"https:\/\/fdg.pt\/wp-content\/uploads\/2014\/09\/Flexibilidade2.jpg\" alt=\"\" \/><\/div><div class=\"mk-imagebox-item-title\"><h5 style=\"font-weight:inherit;\">Flexibilit\u00e9<\/h5><\/div><div class=\"mk-imagebox-item-text\"><span><p><\/p>\n<\/span><\/div><\/div><\/div><\/div><\/div><div id=\"ajax-69d0009b1155e\" class=\"mk-dynamic-styles\"> #imagebox-item-69d0009b1155e .mk-imagebox-item-title{ font-size:16px;} #imagebox-item-69d0009b1155e .mk-imagebox-item-text, #imagebox-item-69d0009b1155e .mk-imagebox-item-text p {} #imagebox-item-69d0009b1155e .mk-imagebox-item-button a {} #imagebox-item-69d0009b1155e .mk-imagebox-item-button a:hover{}<\/div><div class=\"swiper-slide\"><div id=\"imagebox-item-69d0009b1155e\" class=\"mk-imagebox-item\"><div class=\"item-holder\"><div class=\"mk-imagebox-item-content\" style=\"background-color:#ffffff;\"><div class=\"mk-imagebox-item-image padding-false\"><img decoding=\"async\" src=\"https:\/\/fdg.pt\/wp-content\/uploads\/2014\/09\/business-time-clock-clocks-48770.jpg\" alt=\"\" \/><\/div><div class=\"mk-imagebox-item-title\"><h5 style=\"font-weight:inherit;\">Riguer en d\u00e9lai<\/h5><\/div><div class=\"mk-imagebox-item-text\"><span><p><\/p>\n<\/span><\/div><\/div><\/div><\/div><\/div><div id=\"ajax-69d0009b115e3\" class=\"mk-dynamic-styles\"> #imagebox-item-69d0009b115e3 .mk-imagebox-item-title{ font-size:16px;} #imagebox-item-69d0009b115e3 .mk-imagebox-item-text, #imagebox-item-69d0009b115e3 .mk-imagebox-item-text p {} #imagebox-item-69d0009b115e3 .mk-imagebox-item-button a {} #imagebox-item-69d0009b115e3 .mk-imagebox-item-button a:hover{}<\/div><div class=\"swiper-slide\"><div id=\"imagebox-item-69d0009b115e3\" class=\"mk-imagebox-item\"><div class=\"item-holder\"><div class=\"mk-imagebox-item-content\" style=\"background-color:#ffffff;\"><div class=\"mk-imagebox-item-image padding-false\"><img decoding=\"async\" src=\"https:\/\/fdg.pt\/wp-content\/uploads\/2014\/09\/Inovacao.jpg\" alt=\"\" \/><\/div><div class=\"mk-imagebox-item-title\"><h5 style=\"font-weight:inherit;\">Innovation<\/h5><\/div><div class=\"mk-imagebox-item-text\"><span><p><\/p>\n<\/span><\/div><\/div><\/div><\/div><\/div><div id=\"ajax-69d0009b11666\" class=\"mk-dynamic-styles\"> #imagebox-item-69d0009b11666 .mk-imagebox-item-title{ font-size:16px;} #imagebox-item-69d0009b11666 .mk-imagebox-item-text, #imagebox-item-69d0009b11666 .mk-imagebox-item-text p {} #imagebox-item-69d0009b11666 .mk-imagebox-item-button a {} #imagebox-item-69d0009b11666 .mk-imagebox-item-button a:hover{}<\/div><div class=\"swiper-slide\"><div id=\"imagebox-item-69d0009b11666\" class=\"mk-imagebox-item\"><div class=\"item-holder\"><div class=\"mk-imagebox-item-content\" style=\"background-color:#ffffff;\"><div class=\"mk-imagebox-item-image padding-false\"><img decoding=\"async\" src=\"https:\/\/fdg.pt\/wp-content\/uploads\/2014\/09\/DSC_2145.jpg\" alt=\"\" \/><\/div><div class=\"mk-imagebox-item-title\"><h5 style=\"font-weight:inherit;\">Qualit\u00e9<\/h5><\/div><div class=\"mk-imagebox-item-text\"><span><p><\/p>\n<\/span><\/div><\/div><\/div><\/div><\/div><div id=\"ajax-69d0009b116e8\" class=\"mk-dynamic-styles\"> #imagebox-item-69d0009b116e8 .mk-imagebox-item-title{ font-size:16px;} #imagebox-item-69d0009b116e8 .mk-imagebox-item-text, #imagebox-item-69d0009b116e8 .mk-imagebox-item-text p {} #imagebox-item-69d0009b116e8 .mk-imagebox-item-button a {} #imagebox-item-69d0009b116e8 .mk-imagebox-item-button a:hover{}<\/div><div class=\"swiper-slide\"><div id=\"imagebox-item-69d0009b116e8\" class=\"mk-imagebox-item\"><div class=\"item-holder\"><div class=\"mk-imagebox-item-content\" style=\"background-color:#ffffff;\"><div class=\"mk-imagebox-item-image padding-false\"><img decoding=\"async\" src=\"https:\/\/fdg.pt\/wp-content\/uploads\/2014\/09\/classic-blends.jpg\" alt=\"\" \/><\/div><div class=\"mk-imagebox-item-title\"><h5 style=\"font-weight:inherit;\">Partenariat<\/h5><\/div><div class=\"mk-imagebox-item-text\"><span><p><\/p>\n<\/span><\/div><\/div><\/div><\/div><\/div>\n<\/div><div class=\"clearboth\"><\/div><\/div>\n\t<\/div><\/div>\n","protected":false},"excerpt":{"rendered":"{:pt} .full-width-69d0009b11d08 { min-height:360px; padding:140px 0 80px; margin-bottom:0px; background-color:#ffffff; } #background-layer--69d0009b11d08 { background-image:url(https:\/\/fdg.pt\/wp-content\/uploads\/2014\/09\/apresentacao.jpg); background-position:center bottom; background-repeat:no-repeat; ; } .full-width-69d0009b11d08 .mk-fancy-title.pattern-style span, .full-width-69d0009b11d08 .mk-blog-view-all { background-color: #ffffff !important; } FDG,\u2026 significa, muito mais do que uma fia\u00e7\u00e3o de penteados de fibras longas,\u2026 significa convic\u00e7\u00e3o, perseveran\u00e7a e otimismo. Significa atitude, paix\u00e3o e dinamismo de se renovar constantemente [...]","protected":false},"author":1,"featured_media":0,"parent":0,"menu_order":0,"comment_status":"open","ping_status":"open","template":"","meta":{"_exactmetrics_skip_tracking":false,"_exactmetrics_sitenote_active":false,"_exactmetrics_sitenote_note":"","_exactmetrics_sitenote_category":0,"footnotes":""},"class_list":["post-4858","page","type-page","status-publish","hentry"],"translation":{"provider":"WPGlobus","version":"3.0.2","language":"fr","enabled_languages":["pt","en","fr","it"],"languages":{"pt":{"title":true,"content":true,"excerpt":false},"en":{"title":true,"content":true,"excerpt":false},"fr":{"title":true,"content":true,"excerpt":false},"it":{"title":true,"content":true,"excerpt":false}}},"aioseo_notices":[],"yoast_head":"<!-- This site is optimized with the Yoast SEO plugin v27.3 - https:\/\/yoast.com\/product\/yoast-seo-wordpress\/ -->\n<title>Pr\u00e9sentation - FDG - Fia\u00e7\u00e3o da Gra\u00e7a<\/title>\n<meta name=\"robots\" content=\"index, follow, max-snippet:-1, max-image-preview:large, max-video-preview:-1\" \/>\n<link rel=\"canonical\" href=\"https:\/\/fdg.pt\/apresentacao\/\" \/>\n<meta property=\"og:locale\" content=\"fr_FR\" \/>\n<meta property=\"og:type\" content=\"article\" \/>\n<meta property=\"og:title\" content=\"Pr\u00e9sentation - FDG - Fia\u00e7\u00e3o da Gra\u00e7a\" \/>\n<meta property=\"og:url\" content=\"https:\/\/fdg.pt\/apresentacao\/\" \/>\n<meta property=\"og:site_name\" content=\"FDG - Fia\u00e7\u00e3o da Gra\u00e7a\" \/>\n<meta property=\"article:modified_time\" content=\"2024-08-26T06:45:47+00:00\" \/>\n<meta name=\"twitter:card\" content=\"summary_large_image\" \/>\n<meta name=\"twitter:label1\" content=\"Est. reading time\" \/>\n\t<meta name=\"twitter:data1\" content=\"3 minutes\" \/>\n<script type=\"application\/ld+json\" class=\"yoast-schema-graph\">{\"@context\":\"https:\\\/\\\/schema.org\",\"@graph\":[{\"@type\":\"WebPage\",\"@id\":\"https:\\\/\\\/fdg.pt\\\/apresentacao\\\/\",\"url\":\"https:\\\/\\\/fdg.pt\\\/apresentacao\\\/\",\"name\":\"Pr\u00e9sentation - FDG - Fia\u00e7\u00e3o da Gra\u00e7a\",\"isPartOf\":{\"@id\":\"https:\\\/\\\/fdg.pt\\\/fr\\\/#website\"},\"datePublished\":\"2014-09-01T18:08:31+00:00\",\"dateModified\":\"2024-08-26T06:45:47+00:00\",\"breadcrumb\":{\"@id\":\"https:\\\/\\\/fdg.pt\\\/apresentacao\\\/#breadcrumb\"},\"inLanguage\":\"fr-FR\",\"potentialAction\":[{\"@type\":\"ReadAction\",\"target\":[\"https:\\\/\\\/fdg.pt\\\/apresentacao\\\/\"]}]},{\"@type\":\"BreadcrumbList\",\"@id\":\"https:\\\/\\\/fdg.pt\\\/apresentacao\\\/#breadcrumb\",\"itemListElement\":[{\"@type\":\"ListItem\",\"position\":1,\"name\":\"In\u00edcio\",\"item\":\"https:\\\/\\\/fdg.pt\\\/\"},{\"@type\":\"ListItem\",\"position\":2,\"name\":\"Apresenta\u00e7\u00e3o\"}]},{\"@type\":\"WebSite\",\"@id\":\"https:\\\/\\\/fdg.pt\\\/fr\\\/#website\",\"url\":\"https:\\\/\\\/fdg.pt\\\/fr\\\/\",\"name\":\"FDG - Fia\u00e7\u00e3o da Gra\u00e7a\",\"description\":\"Innovateurs fils peign\u00e9s, de pure laine m\u00e9rinos ou developp\u00e9s m\u00e9langes. Technologies de filature du classique aux plus modernes.\",\"potentialAction\":[{\"@type\":\"SearchAction\",\"target\":{\"@type\":\"EntryPoint\",\"urlTemplate\":\"https:\\\/\\\/fdg.pt\\\/fr\\\/?s={search_term_string}\"},\"query-input\":{\"@type\":\"PropertyValueSpecification\",\"valueRequired\":true,\"valueName\":\"search_term_string\"}}],\"inLanguage\":\"fr-FR\"}]}<\/script>\n<!-- \/ Yoast SEO plugin. -->","yoast_head_json":{"title":"Pr\u00e9sentation - FDG - Fia\u00e7\u00e3o da Gra\u00e7a","robots":{"index":"index","follow":"follow","max-snippet":"max-snippet:-1","max-image-preview":"max-image-preview:large","max-video-preview":"max-video-preview:-1"},"canonical":"https:\/\/fdg.pt\/apresentacao\/","og_locale":"fr_FR","og_type":"article","og_title":"Pr\u00e9sentation - FDG - Fia\u00e7\u00e3o da Gra\u00e7a","og_url":"https:\/\/fdg.pt\/apresentacao\/","og_site_name":"FDG - Fia\u00e7\u00e3o da Gra\u00e7a","article_modified_time":"2024-08-26T06:45:47+00:00","twitter_card":"summary_large_image","twitter_misc":{"Est. reading time":"3 minutes"},"schema":{"@context":"https:\/\/schema.org","@graph":[{"@type":"WebPage","@id":"https:\/\/fdg.pt\/apresentacao\/","url":"https:\/\/fdg.pt\/apresentacao\/","name":"Pr\u00e9sentation - FDG - Fia\u00e7\u00e3o da Gra\u00e7a","isPartOf":{"@id":"https:\/\/fdg.pt\/fr\/#website"},"datePublished":"2014-09-01T18:08:31+00:00","dateModified":"2024-08-26T06:45:47+00:00","breadcrumb":{"@id":"https:\/\/fdg.pt\/apresentacao\/#breadcrumb"},"inLanguage":"fr-FR","potentialAction":[{"@type":"ReadAction","target":["https:\/\/fdg.pt\/apresentacao\/"]}]},{"@type":"BreadcrumbList","@id":"https:\/\/fdg.pt\/apresentacao\/#breadcrumb","itemListElement":[{"@type":"ListItem","position":1,"name":"In\u00edcio","item":"https:\/\/fdg.pt\/"},{"@type":"ListItem","position":2,"name":"Apresenta\u00e7\u00e3o"}]},{"@type":"WebSite","@id":"https:\/\/fdg.pt\/fr\/#website","url":"https:\/\/fdg.pt\/fr\/","name":"FDG - Fia\u00e7\u00e3o da Gra\u00e7a","description":"Innovateurs fils peign\u00e9s, de pure laine m\u00e9rinos ou developp\u00e9s m\u00e9langes. Technologies de filature du classique aux plus modernes.","potentialAction":[{"@type":"SearchAction","target":{"@type":"EntryPoint","urlTemplate":"https:\/\/fdg.pt\/fr\/?s={search_term_string}"},"query-input":{"@type":"PropertyValueSpecification","valueRequired":true,"valueName":"search_term_string"}}],"inLanguage":"fr-FR"}]}},"_links":{"self":[{"href":"https:\/\/fdg.pt\/fr\/wp-json\/wp\/v2\/pages\/4858","targetHints":{"allow":["GET"]}}],"collection":[{"href":"https:\/\/fdg.pt\/fr\/wp-json\/wp\/v2\/pages"}],"about":[{"href":"https:\/\/fdg.pt\/fr\/wp-json\/wp\/v2\/types\/page"}],"author":[{"embeddable":true,"href":"https:\/\/fdg.pt\/fr\/wp-json\/wp\/v2\/users\/1"}],"replies":[{"embeddable":true,"href":"https:\/\/fdg.pt\/fr\/wp-json\/wp\/v2\/comments?post=4858"}],"version-history":[{"count":157,"href":"https:\/\/fdg.pt\/fr\/wp-json\/wp\/v2\/pages\/4858\/revisions"}],"predecessor-version":[{"id":11276,"href":"https:\/\/fdg.pt\/fr\/wp-json\/wp\/v2\/pages\/4858\/revisions\/11276"}],"wp:attachment":[{"href":"https:\/\/fdg.pt\/fr\/wp-json\/wp\/v2\/media?parent=4858"}],"curies":[{"name":"wp","href":"https:\/\/api.w.org\/{rel}","templated":true}]}}