{"id":4772,"date":"2014-09-01T11:32:02","date_gmt":"2014-09-01T11:32:02","guid":{"rendered":"http:\/\/artbees.net\/themes\/jupiter\/?page_id=4772"},"modified":"2020-06-25T15:21:40","modified_gmt":"2020-06-25T15:21:40","slug":"contactos","status":"publish","type":"page","link":"https:\/\/fdg.pt\/fr\/contactos\/","title":{"rendered":"Contacts"},"content":{"rendered":"<div class=\"clearboth\"><\/div><\/div><\/div><\/div><div id=\"mk-page-section-69d0008b52d14\" data-intro-effect=\"false\" class=\"full-width-69d0008b52d14 mk-background-stretch  full-height-true mk-page-section self-hosted mk-blur-parent mk-shortcode  \" ><div class=\"mk-page-section-loader\"><div class=\"mk-preloader\"><\/div><\/div><div class=\"mk-video-mask\"><\/div><div style=\"background-color:rgba(0,0,0,0.73);opacity:0.6; -ms-filter:'progid:DXImageTransform.Microsoft.Alpha(Opacity=60)';\" class=\"mk-video-color-mask\"><\/div><div class=\"background-clipper\"><div id=\"background-layer--69d0008b52d14\" class=\"background-layer mk-background-stretch  clipper-true parallax-false\" data-speedFactor=\"0.3\"><\/div><\/div><div class=\"vc_row-fluid page-section-fullwidth page-section-content\"><div class=\"mk-padding-wrapper\">\n\t<div style=\"\" class=\"vc_col-sm-12 wpb_column column_container \">\n\t\t\t\t<div style=\" margin-bottom:10px;text-align: center;\" class=\"mk-text-block  \"><p style=\"color: white; line-height: 26px; font-size: 14px; letter-spacing: 1px;\">FDG &#8211; Fia\u00e7\u00e3o da Gra\u00e7a, SA<br \/>\nLugar da Veiga<br \/>\n4700-670 Padim da Gra\u00e7a<br \/>\n<i class=\"fa fa-phone-square\"><\/i> (+351) 253 602 400<br \/>\n<i class=\"fa fa-fax\"><\/i> (+351) 253 602 480<br \/>\n<i class=\"fa fa-envelope\"><\/i> <span style=\"color: #ffffff;\"><a style=\"color: #ffffff;\" href=\"mailto:fdg@fdg.pt\">fdg@fdg.pt<\/a><\/span><\/p>\n<p><!--\n\n\n\n\n<p style=\"color: white; line-height: 26px; font-size: 14px; letter-spacing: 1px;\">Shareholder: Eug\u00e8ne Liagre\n\n\n\n\n--><\/p>\n<div class=\"clearboth\"><\/div><\/div> \t<div style=\"text-align: left;\" class=\"mk-text-block  \"><div class=\"clearboth\"><\/div><\/div> <div class=\"wpb_row vc_row  vc_row-fluid  mk-fullwidth-false  attched-false vc_row-fluid\">\n\t<div style=\"\" class=\"vc_col-sm-12 cmk-center-align wpb_column column_container \">\n\t\t\t<div class=\"mk-button-align left\"><a href=\"#map\" target=\"_self\"  class=\"mk-button outline-btn-light button-69d0008b538be light mk-smooth outline-dimension large rounded   \"><span>\nDIRECTIONS\n<\/span><\/a><\/div>\n\n<div id=\"ajax-69d0008b538be\" class=\"mk-dynamic-styles\"> .button-69d0008b538be { margin-bottom: 15px; margin-top: 0px; min-width: 0px !important; } <\/div><div class=\"mk-button-align left\"><a href=\"#msg\" target=\"_self\"  class=\"mk-button outline-btn-light button-69d0008b5395a light mk-smooth outline-dimension large rounded   \"><span>\nMESSAGE\n<\/span><\/a><\/div>\n\n<div id=\"ajax-69d0008b5395a\" class=\"mk-dynamic-styles\"> .button-69d0008b5395a { margin-bottom: 15px; margin-top: 0px; min-width: 0px !important; } <\/div>\n\t<\/div><\/div>\n\t<\/div><\/div><div class=\"clearboth\"><\/div><\/div><div class=\"clearboth\"><\/div><\/div><div class=\"mk-main-wrapper-holder\"><div class=\"theme-page-wrapper  -layout mk-grid vc_row-fluid row-fluid\"><div class=\"theme-content \"><div id=\"ajax-69d0008b52d14\" class=\"mk-dynamic-styles\"> .full-width-69d0008b52d14 { min-height:0px; padding:60px 0 60px; margin-bottom:0px; } #background-layer--69d0008b52d14 { background-image:url(https:\/\/fdg.pt\/wp-content\/uploads\/2014\/09\/376588063_6e9f8273c4_b.jpg); background-position:center center; background-repeat:repeat; position: fixed;; } <\/div><div class=\"wpb_row vc_row  vc_row-fluid  mk-fullwidth-false  attched-false vc_row-fluid\">\n\t<div style=\"\" class=\"vc_col-sm-12 wpb_column column_container vc_custom_1498147148357 \">\n\t\t\t<div class=\"mk-employees mk-shortcode  four-column boxed-style \"><ul><li class=\"mk-employee-item em-first-column \"><div class=\"team-thumbnail rounded-true \"><img decoding=\"async\" class=\"grayscale\" alt=\"Carla Freitas\" title=\"Carla Freitas\" src=\"https:\/\/fdg.pt\/wp-content\/uploads\/bfi_thumb\/Carla_Freitas-rj2081s5gsvp55ckjditidpsw8t5u4xl2joqc5phxk.jpg\" \/><\/div><div class=\"team-info-wrapper\"><span class=\"team-member-name\">Carla Freitas<\/span><span class=\"team-member-position\">General & Sales Manager<\/span><span class=\"team-member-desc\"><p><i class=\"fa fa-phone-square\"><\/i> (+351) 253 602 417<br \/>\n<i class=\"fa fa-envelope\"><\/i> <a href=\"mailto:cfreitas@fdg.pt\">cfreitas@fdg.pt<\/a><\/p>\n<\/span><div class=\"clearboth\"><\/div><ul class=\"mk-employeee-networks\"><\/ul><\/div><\/li><li class=\"mk-employee-item  \"><div class=\"team-thumbnail rounded-true \"><img decoding=\"async\" class=\"grayscale\" alt=\"Fernando Leal\" title=\"Fernando Leal\" src=\"https:\/\/fdg.pt\/wp-content\/uploads\/bfi_thumb\/Fernando_Leal-rj2081s5gsvp55ckjditidpsw8t5u4xl2joqc5phxk.jpg\" \/><\/div><div class=\"team-info-wrapper\"><span class=\"team-member-name\">Fernando Leal<\/span><span class=\"team-member-position\">Technical Manager<\/span><span class=\"team-member-desc\"><p><i class=\"fa fa-phone-square\"><\/i> (+351) 253 602 418<br \/>\n<i class=\"fa fa-envelope\"><\/i> <a href=\"mailto:fleal@fdg.pt\">fleal@fdg.pt<\/a><\/p>\n<\/span><div class=\"clearboth\"><\/div><ul class=\"mk-employeee-networks\"><\/ul><\/div><\/li><li class=\"mk-employee-item  \"><div class=\"team-thumbnail rounded-true \"><img decoding=\"async\" class=\"grayscale\" alt=\"Manuel Santos Silva\" title=\"Manuel Santos Silva\" src=\"https:\/\/fdg.pt\/wp-content\/uploads\/bfi_thumb\/Manuel_Santos_Silva-rj2081s5gsvp55ckjditidpsw8t5u4xl2joqc5phxk.jpg\" \/><\/div><div class=\"team-info-wrapper\"><span class=\"team-member-name\">Manuel Santos Silva<\/span><span class=\"team-member-position\">Account Manager<\/span><span class=\"team-member-desc\"><p><i class=\"fa fa-phone-square\"><\/i> (+351) 253 602 416<br \/>\n<i class=\"fa fa-envelope\"><\/i> <a href=\"mailto:msilva@fdg.pt\">msilva@fdg.pt<\/a><\/p>\n<\/span><div class=\"clearboth\"><\/div><ul class=\"mk-employeee-networks\"><\/ul><\/div><\/li><li class=\"mk-employee-item  \"><div class=\"team-thumbnail rounded-true \"><img decoding=\"async\" class=\"grayscale\" alt=\"Madalena Oliveira\" title=\"Madalena Oliveira\" src=\"https:\/\/fdg.pt\/wp-content\/uploads\/bfi_thumb\/Madalena-2-e1593185506661-rj2081s5gsvp55ckjditidpsw8t5u4xl2joqc5phxk.jpg\" \/><\/div><div class=\"team-info-wrapper\"><span class=\"team-member-name\">Madalena Oliveira<\/span><span class=\"team-member-position\">Quality Manager<\/span><span class=\"team-member-desc\"><p><i class=\"fa fa-phone-square\"><\/i> (+351) 253 602 406<br \/>\n<i class=\"fa fa-envelope\"><\/i> <a href=\"mailto:gdi@fdg.pt\">gdi@fdg.pt<\/a><\/p>\n<\/span><div class=\"clearboth\"><\/div><ul class=\"mk-employeee-networks\"><\/ul><\/div><\/li><div class=\"clearboth\"><\/div><li class=\"mk-employee-item em-first-column \"><div class=\"team-thumbnail rounded-true \"><img decoding=\"async\" class=\"grayscale\" alt=\"Jo\u00e3o Nobre\" title=\"Jo\u00e3o Nobre\" src=\"https:\/\/fdg.pt\/wp-content\/uploads\/bfi_thumb\/Imagem1-e1688800656994-rj2081s5gsvp55ckjditidpsw8t5u4xl2joqc5phxk.jpg\" \/><\/div><div class=\"team-info-wrapper\"><span class=\"team-member-name\">Jo\u00e3o Nobre<\/span><span class=\"team-member-position\">Production Manager<\/span><span class=\"team-member-desc\"><p><i class=\"fa fa-phone-square\"><\/i> (+351) 253 602 402<br \/>\n<i class=\"fa fa-envelope\"><\/i> <a href=\"mailto:jnobre@fdg.pt\">jnobre@fdg.pt<\/a><\/p>\n<\/span><div class=\"clearboth\"><\/div><ul class=\"mk-employeee-networks\"><\/ul><\/div><\/li><li class=\"mk-employee-item  \"><div class=\"team-thumbnail rounded-true \"><img decoding=\"async\" class=\"grayscale\" alt=\"Manuela Alves\" title=\"Manuela Alves\" src=\"https:\/\/fdg.pt\/wp-content\/uploads\/bfi_thumb\/Manuela_Alves-rj2081s5gsvp55ckjditidpsw8t5u4xl2joqc5phxk.jpg\" \/><\/div><div class=\"team-info-wrapper\"><span class=\"team-member-name\">Manuela Alves<\/span><span class=\"team-member-position\">Colors & Raw Materials<\/span><span class=\"team-member-desc\"><p><i class=\"fa fa-phone-square\"><\/i> (+351) 253 602 407<br \/>\n<i class=\"fa fa-envelope\"><\/i> <a href=\"mailto:mp@fdg.pt\">mp@fdg.pt<\/a><\/p>\n<\/span><div class=\"clearboth\"><\/div><ul class=\"mk-employeee-networks\"><\/ul><\/div><\/li><li class=\"mk-employee-item  \"><div class=\"team-thumbnail rounded-true \"><img decoding=\"async\" class=\"grayscale\" alt=\"Sofia Ribeiro\" title=\"Sofia Ribeiro\" src=\"https:\/\/fdg.pt\/wp-content\/uploads\/bfi_thumb\/Sofia_Ribeiro-rj2081s5gsvp55ckjditidpsw8t5u4xl2joqc5phxk.jpg\" \/><\/div><div class=\"team-info-wrapper\"><span class=\"team-member-name\">Sofia Ribeiro<\/span><span class=\"team-member-position\">Planning & Logistics<\/span><span class=\"team-member-desc\"><p><i class=\"fa fa-phone-square\"><\/i> (+351) 253 602 481<br \/>\n<i class=\"fa fa-envelope\"><\/i> <a href=\"mailto:planeamento@fdg.pt\">planeamento@fdg.pt<\/a><\/p>\n<\/span><div class=\"clearboth\"><\/div><ul class=\"mk-employeee-networks\"><\/ul><\/div><\/li><li class=\"mk-employee-item  \"><div class=\"team-thumbnail rounded-true \"><img decoding=\"async\" class=\"grayscale\" alt=\"Jade Sousa\" title=\"Jade Sousa\" src=\"https:\/\/fdg.pt\/wp-content\/uploads\/bfi_thumb\/Captura-de-ecra-2025-07-11-144158-rj2081s5gsvp55ckjditidpsw8t5u4xl2joqc5phxk.png\" \/><\/div><div class=\"team-info-wrapper\"><span class=\"team-member-name\">Jade Sousa<\/span><span class=\"team-member-position\">Product Manager<\/span><span class=\"team-member-desc\"><p><i class=\"fa fa-phone-square\"><\/i> (+351) 253 602 400<br \/>\n<i class=\"fa fa-envelope\"><\/i> <a href=\"mailto:jsousa@fdg.pt\">jsousa@fdg.pt<\/a><\/p>\n<\/span><div class=\"clearboth\"><\/div><ul class=\"mk-employeee-networks\"><\/ul><\/div><\/li><div class=\"clearboth\"><\/div><\/ul><div class=\"clearboth\"><\/div><\/div>\n\t<\/div><\/div><div class=\"clearboth\"><\/div><\/div><\/div><\/div><div id=\"msg\" data-intro-effect=\"false\" class=\"full-width-69d0008b55c43  full-height-false mk-page-section self-hosted mk-blur-parent mk-shortcode  \" ><div class=\"mk-video-color-mask\"><\/div><div class=\"background-clipper\"><\/div><div class=\"mk-grid vc_row-fluid page-section-content\"><div class=\"mk-padding-wrapper\">\n\t<div style=\"\" class=\"vc_col-sm-12 wpb_column column_container \">\n\t\t\t<h2 style=\"font-size: 20px;text-align:center;color: #ffffff;font-style:inhert;font-weight:bold;padding-top:0px;padding-bottom:0px; text-transform:uppercase;letter-spacing:2px;\" id=\"fancy-title-69d0008b55de3\" class=\"mk-shortcode mk-fancy-title fancy-title-align-center simple-style \"><span style=\"\">\n<p>CONTACTEZ NOUS<\/p>\n<\/span><\/h2><div class=\"clearboth\"><\/div><div style=\"padding: 30px 0 30px; width: 30px \" class=\"mk-divider mk-shortcode custom-width center thin_solid \"><div class=\"divider-inner\" style=\"border-top-color:#ffffff;border-top-width:3px;\"><\/div><\/div><div class=\"clearboth\"><\/div><div class=\"wpb_row vc_row  vc_row-fluid  mk-fullwidth-false  attched-false vc_row-fluid\">\n\t<div style=\"\" class=\"vc_col-sm-3 wpb_column column_container \">\n\t\t\t\n\n\t<\/div>\n\t<div style=\"\" class=\"vc_col-sm-6 wpb_column column_container \">\n\t\t\t\t<div style=\" margin-bottom:60px;text-align: center;\" class=\"mk-text-block  \"><p style=\"color: #898989;\">Si vous avez besoin d&#8217;informations suppl\u00e9mentaires, veuillez remplir le formulaire suivant et nous vous contacterons.<\/p>\n<div class=\"clearboth\"><\/div><\/div> \n\t<\/div>\n\t<div style=\"\" class=\"vc_col-sm-3 wpb_column column_container \">\n\t\t\t\n\n\t<\/div><\/div><div class=\"wpb_row vc_row  vc_row-fluid  mk-fullwidth-false  attched-false vc_row-fluid\">\n\t<div style=\"\" class=\"vc_col-sm-2 wpb_column column_container \">\n\t\t\t\n\n\t<\/div>\n\t<div style=\"\" class=\"vc_col-sm-8 wpb_column column_container \">\n\t\t\t<div class=\"mk-contact-form-wrapper mk-shortcode contact-light outline-style \"><form class=\"mk-contact-form\" method=\"post\" novalidate=\"novalidate\"><div class=\"mk-form-row\"><input placeholder=\"Nom\" type=\"text\" required=\"required\" name=\"contact_name\" class=\"text-input two-third\" value=\"\" tabindex=\"69d0008b56398\" \/><input placeholder=\"T&eacute;l&eacute;phone\" type=\"text\" required=\"required\" name=\"contact_phone\" class=\"text-input two-third\" value=\"\" tabindex=\"70\" \/><input placeholder=\"E-mail\" type=\"email\" required=\"required\" name=\"contact_email\" class=\"text-input two-third\" value=\"\" tabindex=\"71\" \/><\/div><div class=\"mk-form-row\"><textarea required=\"required\" placeholder=\"Enqu&ecirc;te\" name=\"contact_content\" class=\"mk-textarea\" tabindex=\"72\"><\/textarea><\/div><div class=\"mk-form-row\">\n                    <input placeholder=\"Entrer Captcha\" type=\"text\" name=\"captcha\" class=\"captcha-form text-input full\" required=\"required\" autocomplete=\"off\" \/>\n                    <div class=\"captcha-block\">\n                        <img decoding=\"async\" src=\"https:\/\/fdg.pt\/wp-content\/themes\/jupiter\/captcha\/captcha.php\" class=\"captcha-image\" alt=\"captcha txt\">\n                        <a href=\"#\" class=\"captcha-change-image\">Pas de lecture?<br\/>Texte de changement.<\/a>\n                    <\/div>\n                <\/div><div class=\"mk-form-row\">\n                    <button tabindex=\"73\" class=\"mk-progress-button contact-outline-submit outline-btn-light\" data-style=\"move-up\">\n                        <span class=\"mk-progress-button-content\">Envoyer<\/span>\n                        <span class=\"mk-progress\">\n                            <span class=\"mk-progress-inner\"><\/span>\n                        <\/span>\n                        <span class=\"state-success\"><i class=\"mk-moon-checkmark\"><\/i><\/span>\n                        <span class=\"state-error\"><i class=\"mk-moon-close\"><\/i><\/span>\n                    <\/button>\n                <\/div><input type=\"hidden\" value=\"i&#110;&#110;&#111;&#118;at&#105;&#111;&#110;&#64;fdg.&#112;&#116;\" name=\"contact_to\"\/><\/form><div class=\"clearboth\"><\/div><\/div><div id=\"ajax-69d0008b56398\" class=\"mk-dynamic-styles\"> .corporate-style #mk-contact-form-69d0008b56398 .text-input, .corporate-style #mk-contact-form-69d0008b56398 .mk-textarea { background-color: #f6f6f6; border-color: #f6f6f6; color: #373737; } .corporate-style #mk-contact-form-69d0008b56398 ::-webkit-input-placeholder { color: rgba(55,55,55,0.6); } .corporate-style #mk-contact-form-69d0008b56398 :-moz-placeholder { \/* Firefox 18- *\/ color: rgba(55,55,55,0.6); } .corporate-style #mk-contact-form-69d0008b56398 ::-moz-placeholder { \/* Firefox 19+ *\/ color: rgba(55,55,55,0.6); } .corporate-style #mk-contact-form-69d0008b56398 :-ms-input-placeholder { color: rgba(55,55,55,0.6); } .corporate-style #mk-contact-form-69d0008b56398 .contact-submit { background-color: #373737; color: #ffffff; } .corporate-style #mk-contact-form-69d0008b56398 .mk-progress-inner { background-color: #ffffff; opacity: .4; }<\/div>\n\t<\/div>\n\t<div style=\"\" class=\"vc_col-sm-2 wpb_column column_container \">\n\t\t\t\n\n\t<\/div><\/div>\n\t<\/div><\/div><div class=\"clearboth\"><\/div><\/div><div class=\"clearboth\"><\/div><\/div><div class=\"mk-main-wrapper-holder\"><div class=\"theme-page-wrapper  -layout mk-grid vc_row-fluid row-fluid\"><div class=\"theme-content \"><div id=\"ajax-69d0008b55c43\" class=\"mk-dynamic-styles\"> .full-width-69d0008b55c43 { min-height:0px; padding:60px 0 60px; margin-bottom:0px; background-color:#292a2d; } #background-layer--69d0008b55c43 { background-position:left top; background-repeat:repeat; ; } .full-width-69d0008b55c43 .mk-fancy-title.pattern-style span, .full-width-69d0008b55c43 .mk-blog-view-all { background-color: #292a2d !important; }<\/div><\/div><\/div><\/div><div id=\"map\" class=\"wpb_row vc_row  vc_row-fluid  mk-fullwidth-true  attched-false vc_row-fluid\">\n\t<div style=\"\" class=\"vc_col-sm-12 wpb_column column_container \">\n\t\t\t<div id=\"google-map-69d0008b5661c\" class=\"mk-advanced-gmaps full-height-map\" data-map-type=\"ROADMAP\" style=\"full-height-mapwidth:100%;\" data-zoom=\"14\" data-pin-icon=\"https:\/\/fdg.pt\/wp-content\/uploads\/2014\/09\/google-map-icon-copy.png\" data-latitude=\"41.57034\" data-longitude=\"-8.48823\" data-address=\"Lugar da Veiga, 4700-670 Padim da Gra\u00e7a\" data-latitude2=\"\" data-longitude2=\"\" data-address2=\"\" data-latitude3=\"\" data-longitude3=\"\" data-address3=\"\" data-pan-control=\"true\" data-zoom-control=\"true\" data-map-type-control=\"true\" data-scale-control=\"true\" data-draggable=\"false\" data-modify-coloring=\"true\" data-saturation=\"-100\" data-lightness=\"1\" data-hue=\"#878787\"><\/div><script src=\"https:\/\/maps.google.com\/maps\/api\/js?key=AIzaSyBghk8kcTZ5F0mvKYodcQdyoIZA0QQPQBg&sensor=false\" type=\"text\/javascript\"><\/script>\n\t<\/div><\/div><div class=\"mk-main-wrapper-holder\"><div class=\"theme-page-wrapper -layout mk-grid vc_row-fluid no-padding\"><div class=\"theme-content no-padding\">\n","protected":false},"excerpt":{"rendered":"","protected":false},"author":1,"featured_media":0,"parent":0,"menu_order":0,"comment_status":"open","ping_status":"open","template":"","meta":{"_exactmetrics_skip_tracking":false,"_exactmetrics_sitenote_active":false,"_exactmetrics_sitenote_note":"","_exactmetrics_sitenote_category":0,"footnotes":""},"class_list":["post-4772","page","type-page","status-publish","hentry"],"translation":{"provider":"WPGlobus","version":"3.0.2","language":"fr","enabled_languages":["pt","en","fr","it"],"languages":{"pt":{"title":true,"content":true,"excerpt":false},"en":{"title":true,"content":true,"excerpt":false},"fr":{"title":true,"content":true,"excerpt":false},"it":{"title":true,"content":true,"excerpt":false}}},"aioseo_notices":[],"yoast_head":"<!-- This site is optimized with the Yoast SEO plugin v27.3 - https:\/\/yoast.com\/product\/yoast-seo-wordpress\/ -->\n<title>Contacts - FDG - Fia\u00e7\u00e3o da Gra\u00e7a<\/title>\n<meta name=\"robots\" content=\"index, follow, max-snippet:-1, max-image-preview:large, max-video-preview:-1\" \/>\n<link rel=\"canonical\" href=\"https:\/\/fdg.pt\/contactos\/\" \/>\n<meta property=\"og:locale\" content=\"fr_FR\" \/>\n<meta property=\"og:type\" content=\"article\" \/>\n<meta property=\"og:title\" content=\"Contacts - FDG - Fia\u00e7\u00e3o da Gra\u00e7a\" \/>\n<meta property=\"og:url\" content=\"https:\/\/fdg.pt\/contactos\/\" \/>\n<meta property=\"og:site_name\" content=\"FDG - Fia\u00e7\u00e3o da Gra\u00e7a\" \/>\n<meta property=\"article:modified_time\" content=\"2020-06-25T15:21:40+00:00\" \/>\n<meta name=\"twitter:card\" content=\"summary_large_image\" \/>\n<meta name=\"twitter:label1\" content=\"Est. reading time\" \/>\n\t<meta name=\"twitter:data1\" content=\"13 minutes\" \/>\n<script type=\"application\/ld+json\" class=\"yoast-schema-graph\">{\"@context\":\"https:\\\/\\\/schema.org\",\"@graph\":[{\"@type\":\"WebPage\",\"@id\":\"https:\\\/\\\/fdg.pt\\\/contactos\\\/\",\"url\":\"https:\\\/\\\/fdg.pt\\\/contactos\\\/\",\"name\":\"Contacts - FDG - Fia\u00e7\u00e3o da Gra\u00e7a\",\"isPartOf\":{\"@id\":\"https:\\\/\\\/fdg.pt\\\/fr\\\/#website\"},\"datePublished\":\"2014-09-01T11:32:02+00:00\",\"dateModified\":\"2020-06-25T15:21:40+00:00\",\"breadcrumb\":{\"@id\":\"https:\\\/\\\/fdg.pt\\\/contactos\\\/#breadcrumb\"},\"inLanguage\":\"fr-FR\",\"potentialAction\":[{\"@type\":\"ReadAction\",\"target\":[\"https:\\\/\\\/fdg.pt\\\/contactos\\\/\"]}]},{\"@type\":\"BreadcrumbList\",\"@id\":\"https:\\\/\\\/fdg.pt\\\/contactos\\\/#breadcrumb\",\"itemListElement\":[{\"@type\":\"ListItem\",\"position\":1,\"name\":\"In\u00edcio\",\"item\":\"https:\\\/\\\/fdg.pt\\\/\"},{\"@type\":\"ListItem\",\"position\":2,\"name\":\"Contactos\"}]},{\"@type\":\"WebSite\",\"@id\":\"https:\\\/\\\/fdg.pt\\\/fr\\\/#website\",\"url\":\"https:\\\/\\\/fdg.pt\\\/fr\\\/\",\"name\":\"FDG - Fia\u00e7\u00e3o da Gra\u00e7a\",\"description\":\"Innovateurs fils peign\u00e9s, de pure laine m\u00e9rinos ou developp\u00e9s m\u00e9langes. Technologies de filature du classique aux plus modernes.\",\"potentialAction\":[{\"@type\":\"SearchAction\",\"target\":{\"@type\":\"EntryPoint\",\"urlTemplate\":\"https:\\\/\\\/fdg.pt\\\/fr\\\/?s={search_term_string}\"},\"query-input\":{\"@type\":\"PropertyValueSpecification\",\"valueRequired\":true,\"valueName\":\"search_term_string\"}}],\"inLanguage\":\"fr-FR\"}]}<\/script>\n<!-- \/ Yoast SEO plugin. -->","yoast_head_json":{"title":"Contacts - FDG - Fia\u00e7\u00e3o da Gra\u00e7a","robots":{"index":"index","follow":"follow","max-snippet":"max-snippet:-1","max-image-preview":"max-image-preview:large","max-video-preview":"max-video-preview:-1"},"canonical":"https:\/\/fdg.pt\/contactos\/","og_locale":"fr_FR","og_type":"article","og_title":"Contacts - FDG - Fia\u00e7\u00e3o da Gra\u00e7a","og_url":"https:\/\/fdg.pt\/contactos\/","og_site_name":"FDG - Fia\u00e7\u00e3o da Gra\u00e7a","article_modified_time":"2020-06-25T15:21:40+00:00","twitter_card":"summary_large_image","twitter_misc":{"Est. reading time":"13 minutes"},"schema":{"@context":"https:\/\/schema.org","@graph":[{"@type":"WebPage","@id":"https:\/\/fdg.pt\/contactos\/","url":"https:\/\/fdg.pt\/contactos\/","name":"Contacts - FDG - Fia\u00e7\u00e3o da Gra\u00e7a","isPartOf":{"@id":"https:\/\/fdg.pt\/fr\/#website"},"datePublished":"2014-09-01T11:32:02+00:00","dateModified":"2020-06-25T15:21:40+00:00","breadcrumb":{"@id":"https:\/\/fdg.pt\/contactos\/#breadcrumb"},"inLanguage":"fr-FR","potentialAction":[{"@type":"ReadAction","target":["https:\/\/fdg.pt\/contactos\/"]}]},{"@type":"BreadcrumbList","@id":"https:\/\/fdg.pt\/contactos\/#breadcrumb","itemListElement":[{"@type":"ListItem","position":1,"name":"In\u00edcio","item":"https:\/\/fdg.pt\/"},{"@type":"ListItem","position":2,"name":"Contactos"}]},{"@type":"WebSite","@id":"https:\/\/fdg.pt\/fr\/#website","url":"https:\/\/fdg.pt\/fr\/","name":"FDG - Fia\u00e7\u00e3o da Gra\u00e7a","description":"Innovateurs fils peign\u00e9s, de pure laine m\u00e9rinos ou developp\u00e9s m\u00e9langes. Technologies de filature du classique aux plus modernes.","potentialAction":[{"@type":"SearchAction","target":{"@type":"EntryPoint","urlTemplate":"https:\/\/fdg.pt\/fr\/?s={search_term_string}"},"query-input":{"@type":"PropertyValueSpecification","valueRequired":true,"valueName":"search_term_string"}}],"inLanguage":"fr-FR"}]}},"_links":{"self":[{"href":"https:\/\/fdg.pt\/fr\/wp-json\/wp\/v2\/pages\/4772","targetHints":{"allow":["GET"]}}],"collection":[{"href":"https:\/\/fdg.pt\/fr\/wp-json\/wp\/v2\/pages"}],"about":[{"href":"https:\/\/fdg.pt\/fr\/wp-json\/wp\/v2\/types\/page"}],"author":[{"embeddable":true,"href":"https:\/\/fdg.pt\/fr\/wp-json\/wp\/v2\/users\/1"}],"replies":[{"embeddable":true,"href":"https:\/\/fdg.pt\/fr\/wp-json\/wp\/v2\/comments?post=4772"}],"version-history":[{"count":77,"href":"https:\/\/fdg.pt\/fr\/wp-json\/wp\/v2\/pages\/4772\/revisions"}],"predecessor-version":[{"id":10458,"href":"https:\/\/fdg.pt\/fr\/wp-json\/wp\/v2\/pages\/4772\/revisions\/10458"}],"wp:attachment":[{"href":"https:\/\/fdg.pt\/fr\/wp-json\/wp\/v2\/media?parent=4772"}],"curies":[{"name":"wp","href":"https:\/\/api.w.org\/{rel}","templated":true}]}}