{"id":4374,"date":"2014-08-28T01:36:48","date_gmt":"2014-08-28T01:36:48","guid":{"rendered":"http:\/\/artbees.net\/themes\/jupiter\/?page_id=4374"},"modified":"2024-07-01T05:38:46","modified_gmt":"2024-07-01T05:38:46","slug":"noticias","status":"publish","type":"page","link":"https:\/\/fdg.pt\/fr\/noticias\/","title":{"rendered":"Nouvelles"},"content":{"rendered":"<div class=\"wpb_row vc_row  vc_row-fluid  mk-fullwidth-false  attched-false vc_row-fluid\">\n\t<div style=\"\" class=\"vc_col-sm-12 wpb_column column_container \">\n\t\t\t<div class=\"loop-main-wrapper\"><section data-style=\"newspaper\" data-uniqid=\"1500389974-596e22560b4e0\" class=\"mk-blog-container mk-theme-loop mk-newspaper-wrapper mag-one-column page-nav-style  \" >\n<article id=\"11670\" class=\"mk-blog-newspaper-item newspaper-1500389974-596e22560b4e0 mk-isotop-item three-column\"><div class=\"blog-item-holder\"><div class=\"mk-blog-meta\"><time datetime=\"January, 2026\"><a href=\"https:\/\/fdg.pt\/fr\/2026\/01\/\">January, 2026<\/a><\/time><h3 class=\"the-title\"><a href=\"https:\/\/fdg.pt\/fr\/fdg-promoveu-sessoes-de-ginastica-laboral-na-semana-do-bem-estar\/\">Semaine du bien-\u00eatre<\/a><\/h3><div class=\"the-excerpt\"><p>Dans le cadre de la Semaine du bien-\u00eatre, FDG \u2013 Fia\u00e7\u00e3o da Gra\u00e7a, S.A. (...)<\/p><\/div><\/div><div class=\"newspaper-item-footer\"><div class=\"newspaper-item-footer-holder\"><a class=\"mk-readmore\" href=\"https:\/\/fdg.pt\/fr\/fdg-promoveu-sessoes-de-ginastica-laboral-na-semana-do-bem-estar\/\"><i class=\"mk-moon-arrow-right-2\"><\/i>lire la suite<\/a><\/div><\/div><\/article>\n\n\n<article id=\"11654\" class=\"mk-blog-newspaper-item newspaper-1500389974-596e22560b4e0 mk-isotop-item three-column\"><div class=\"blog-item-holder\"><div class=\"mk-blog-meta\"><time datetime=\"December, 2025\"><a href=\"https:\/\/fdg.pt\/fr\/2025\/12\/\">December, 2025<\/a><\/time><h3 class=\"the-title\"><a href=\"https:\/\/fdg.pt\/fr\/open-day\/\">Open Day<\/a><\/h3><div class=\"the-excerpt\"><p>Le 4 d\u00e9cembre, Fia\u00e7\u00e3o da Gra\u00e7a a ouvert ses portes pour une (...)<\/p><\/div><\/div><div class=\"newspaper-item-footer\"><div class=\"newspaper-item-footer-holder\"><a class=\"mk-readmore\" href=\"https:\/\/fdg.pt\/fr\/open-day\/\"><i class=\"mk-moon-arrow-right-2\"><\/i>lire la suite<\/a><\/div><\/div><\/article>\n\n\n<article id=\"11574\" class=\"mk-blog-newspaper-item newspaper-1500389974-596e22560b4e0 mk-isotop-item three-column\"><div class=\"blog-item-holder\"><div class=\"mk-blog-meta\"><time datetime=\"November, 2025\"><a href=\"https:\/\/fdg.pt\/fr\/2025\/11\/\">November, 2025<\/a><\/time><h3 class=\"the-title\"><a href=\"https:\/\/fdg.pt\/fr\/fdg-fiacao-da-graca-distinguida-com-o-premio-pme-excelencia-2024-do-iapmei\/\">FDG \u2013 Fia\u00e7\u00e3o da Gra\u00e7a re\u00e7oit le Prix PME Excellence 2024 de l\u2019IAPMEI<\/a><\/h3><div class=\"the-excerpt\"><p>Nous sommes fiers d\u2019annoncer (...)<\/p><\/div><\/div><div class=\"newspaper-item-footer\"><div class=\"newspaper-item-footer-holder\"><a class=\"mk-readmore\" href=\"https:\/\/fdg.pt\/fr\/fdg-fiacao-da-graca-distinguida-com-o-premio-pme-excelencia-2024-do-iapmei\/\"><i class=\"mk-moon-arrow-right-2\"><\/i>lire la suite<\/a><\/div><\/div><\/article>\n\n\n<article id=\"11545\" class=\"mk-blog-newspaper-item newspaper-1500389974-596e22560b4e0 mk-isotop-item three-column\"><div class=\"blog-item-holder\"><div class=\"mk-blog-meta\"><time datetime=\"October, 2025\"><a href=\"https:\/\/fdg.pt\/fr\/2025\/10\/\">October, 2025<\/a><\/time><h3 class=\"the-title\"><a href=\"https:\/\/fdg.pt\/fr\/filo-2025\/\">FILO 2025<\/a><\/h3><div class=\"the-excerpt\"><p>Milan a accueilli une nouvelle \u00e9dition de FILO, l'un des plus importants (...)<\/p><\/div><\/div><div class=\"newspaper-item-footer\"><div class=\"newspaper-item-footer-holder\"><a class=\"mk-readmore\" href=\"https:\/\/fdg.pt\/fr\/filo-2025\/\"><i class=\"mk-moon-arrow-right-2\"><\/i>lire la suite<\/a><\/div><\/div><\/article>\n\n\n<article id=\"11435\" class=\"mk-blog-newspaper-item newspaper-1500389974-596e22560b4e0 mk-isotop-item three-column\"><div class=\"blog-item-holder\"><div class=\"mk-blog-meta\"><time datetime=\"January, 2025\"><a href=\"https:\/\/fdg.pt\/fr\/2025\/01\/\">January, 2025<\/a><\/time><h3 class=\"the-title\"><a href=\"https:\/\/fdg.pt\/fr\/lean-six-sigma\/\">Lean Six Sigma<\/a><\/h3><div class=\"the-excerpt\"><p>Avec The Lean Six Sigma Company Portugal, l'\u00e9quipe FDG (...)<\/p><\/div><\/div><div class=\"newspaper-item-footer\"><div class=\"newspaper-item-footer-holder\"><a class=\"mk-readmore\" href=\"https:\/\/fdg.pt\/fr\/lean-six-sigma\/\"><i class=\"mk-moon-arrow-right-2\"><\/i>lire la suite<\/a><\/div><\/div><\/article>\n\n\n<article id=\"11384\" class=\"mk-blog-newspaper-item newspaper-1500389974-596e22560b4e0 mk-isotop-item three-column\"><div class=\"blog-item-holder\"><div class=\"mk-blog-meta\"><time datetime=\"September, 2024\"><a href=\"https:\/\/fdg.pt\/fr\/2024\/09\/\">September, 2024<\/a><\/time><h3 class=\"the-title\"><a href=\"https:\/\/fdg.pt\/fr\/pegada-ecologica\/\">Empreinte \u00e9cologique<\/a><\/h3><div class=\"the-excerpt\"><p>La durabilit\u00e9 n\u2019est pas \u00e0 la mode, c\u2019est un engagement important (...)<\/p><\/div><\/div><div class=\"newspaper-item-footer\"><div class=\"newspaper-item-footer-holder\"><a class=\"mk-readmore\" href=\"https:\/\/fdg.pt\/fr\/pegada-ecologica\/\"><i class=\"mk-moon-arrow-right-2\"><\/i>lire la suite<\/a><\/div><\/div><\/article>\n\n\n<article id=\"10993\" class=\"mk-blog-newspaper-item newspaper-1500389974-596e22560b4e0 mk-isotop-item three-column\"><div class=\"blog-item-holder\"><div class=\"mk-blog-meta\"><time datetime=\"June, 2023\"><a href=\"https:\/\/fdg.pt\/fr\/2023\/06\/\">June, 2023<\/a><\/time><h3 class=\"the-title\"><a href=\"https:\/\/fdg.pt\/fr\/responsabilidade-ambiental\/\">Responsabilit\u00e9 Environnmentale<\/a><\/h3><div class=\"the-excerpt\"><p>FDG consid\u00e8re que les entreprises ont un r\u00f4le fondamental (...)<\/p><\/div><\/div><div class=\"newspaper-item-footer\"><div class=\"newspaper-item-footer-holder\"><a class=\"mk-readmore\" href=\"https:\/\/fdg.pt\/fr\/responsabilidade-ambiental\/\"><i class=\"mk-moon-arrow-right-2\"><\/i>lire la suite<\/a><\/div><\/div><\/article>\n\n\n<article id=\"10771\" class=\"mk-blog-newspaper-item newspaper-1500389974-596e22560b4e0 mk-isotop-item three-column\"><div class=\"blog-item-holder\"><div class=\"mk-blog-meta\"><time datetime=\"June, 2022\"><a href=\"https:\/\/fdg.pt\/fr\/2022\/06\/\">June, 2022<\/a><\/time><h3 class=\"the-title\"><a href=\"https:\/\/fdg.pt\/fr\/investir-no-conhecimento\/\">Investir dans la connaissance<\/a><\/h3><div class=\"the-excerpt\"><p>Aujourd'hui, un facteur d\u00e9cisif qui marque significativement (...)<\/p><\/div><\/div><div class=\"newspaper-item-footer\"><div class=\"newspaper-item-footer-holder\"><a class=\"mk-readmore\" href=\"https:\/\/fdg.pt\/fr\/investir-no-conhecimento\/\"><i class=\"mk-moon-arrow-right-2\"><\/i>lire la suite<\/a><\/div><\/div><\/article>\n\n\n<article id=\"10261\" class=\"mk-blog-newspaper-item newspaper-1500389974-596e22560b4e0 mk-isotop-item three-column\"><div class=\"blog-item-holder\"><div class=\"mk-blog-meta\"><time datetime=\"January, 2020\"><a href=\"https:\/\/fdg.pt\/fr\/2020\/01\/\">January, 2020<\/a><\/time><h3 class=\"the-title\"><a href=\"https:\/\/fdg.pt\/fr\/texboost-less-commodities-more-specialities\/\">TexBoost \u2013 Less Commodities more Specialities<\/a><\/h3><div class=\"the-excerpt\"><p>O projeto mobilizador TexBoost \u2013 Less Commodities more Specialities (...)<\/p><\/div><\/div><div class=\"newspaper-item-footer\"><div class=\"newspaper-item-footer-holder\"><a class=\"mk-readmore\" href=\"https:\/\/fdg.pt\/fr\/texboost-less-commodities-more-specialities\/\"><i class=\"mk-moon-arrow-right-2\"><\/i>lire la suite<\/a><\/div><\/div><\/article>\n\n\n<\/section>\n\n<div class=\"mk-preloader\"><\/div><a class=\"mk-loadmore-button page-nav-style-btn\" style=\"display:none;\" href=\"#\"><i class=\"mk-moon-loop-4\"><\/i><i class=\"mk-moon-arrow-down-4\"><\/i>Load More<\/a><\/div>\n\t<\/div><\/div>\n","protected":false},"excerpt":{"rendered":"(Projeto n.\u00ba 24523) Objetivo: O projeto mobilizador TexBoost \u2013 Less Commodities more Specialities \u00e9 um projeto estruturante do Cluster T\u00eaxtil: Tecnologia e Moda, que tem o objetivo de englobar um conjunto de iniciativas de I&amp;D de forte carater coletivo e elevado efeito indutor e demonstrador, com o envolvimento central de empresas da fileira T\u00eaxtil e [...]","protected":false},"author":1,"featured_media":0,"parent":0,"menu_order":0,"comment_status":"open","ping_status":"closed","template":"","meta":{"_exactmetrics_skip_tracking":false,"_exactmetrics_sitenote_active":false,"_exactmetrics_sitenote_note":"","_exactmetrics_sitenote_category":0,"footnotes":""},"class_list":["post-4374","page","type-page","status-publish","hentry"],"translation":{"provider":"WPGlobus","version":"3.0.2","language":"fr","enabled_languages":["pt","en","fr","it"],"languages":{"pt":{"title":true,"content":true,"excerpt":false},"en":{"title":true,"content":true,"excerpt":false},"fr":{"title":true,"content":true,"excerpt":false},"it":{"title":true,"content":true,"excerpt":false}}},"aioseo_notices":[],"yoast_head":"<!-- This site is optimized with the Yoast SEO plugin v27.3 - https:\/\/yoast.com\/product\/yoast-seo-wordpress\/ -->\n<title>Nouvelles - FDG - Fia\u00e7\u00e3o da Gra\u00e7a<\/title>\n<meta name=\"robots\" content=\"index, follow, max-snippet:-1, max-image-preview:large, max-video-preview:-1\" \/>\n<link rel=\"canonical\" href=\"https:\/\/fdg.pt\/noticias\/\" \/>\n<meta property=\"og:locale\" content=\"fr_FR\" \/>\n<meta property=\"og:type\" content=\"article\" \/>\n<meta property=\"og:title\" content=\"Nouvelles - FDG - Fia\u00e7\u00e3o da Gra\u00e7a\" \/>\n<meta property=\"og:url\" content=\"https:\/\/fdg.pt\/noticias\/\" \/>\n<meta property=\"og:site_name\" content=\"FDG - Fia\u00e7\u00e3o da Gra\u00e7a\" \/>\n<meta property=\"article:modified_time\" content=\"2024-07-01T05:38:46+00:00\" \/>\n<meta name=\"twitter:card\" content=\"summary_large_image\" \/>\n<meta name=\"twitter:label1\" content=\"Est. reading time\" \/>\n\t<meta name=\"twitter:data1\" content=\"1 minute\" \/>\n<script type=\"application\/ld+json\" class=\"yoast-schema-graph\">{\"@context\":\"https:\\\/\\\/schema.org\",\"@graph\":[{\"@type\":\"WebPage\",\"@id\":\"https:\\\/\\\/fdg.pt\\\/noticias\\\/\",\"url\":\"https:\\\/\\\/fdg.pt\\\/noticias\\\/\",\"name\":\"Nouvelles - FDG - Fia\u00e7\u00e3o da Gra\u00e7a\",\"isPartOf\":{\"@id\":\"https:\\\/\\\/fdg.pt\\\/fr\\\/#website\"},\"datePublished\":\"2014-08-28T01:36:48+00:00\",\"dateModified\":\"2024-07-01T05:38:46+00:00\",\"breadcrumb\":{\"@id\":\"https:\\\/\\\/fdg.pt\\\/noticias\\\/#breadcrumb\"},\"inLanguage\":\"fr-FR\",\"potentialAction\":[{\"@type\":\"ReadAction\",\"target\":[\"https:\\\/\\\/fdg.pt\\\/noticias\\\/\"]}]},{\"@type\":\"BreadcrumbList\",\"@id\":\"https:\\\/\\\/fdg.pt\\\/noticias\\\/#breadcrumb\",\"itemListElement\":[{\"@type\":\"ListItem\",\"position\":1,\"name\":\"In\u00edcio\",\"item\":\"https:\\\/\\\/fdg.pt\\\/\"},{\"@type\":\"ListItem\",\"position\":2,\"name\":\"Not\u00edcias\"}]},{\"@type\":\"WebSite\",\"@id\":\"https:\\\/\\\/fdg.pt\\\/fr\\\/#website\",\"url\":\"https:\\\/\\\/fdg.pt\\\/fr\\\/\",\"name\":\"FDG - Fia\u00e7\u00e3o da Gra\u00e7a\",\"description\":\"Innovateurs fils peign\u00e9s, de pure laine m\u00e9rinos ou developp\u00e9s m\u00e9langes. Technologies de filature du classique aux plus modernes.\",\"potentialAction\":[{\"@type\":\"SearchAction\",\"target\":{\"@type\":\"EntryPoint\",\"urlTemplate\":\"https:\\\/\\\/fdg.pt\\\/fr\\\/?s={search_term_string}\"},\"query-input\":{\"@type\":\"PropertyValueSpecification\",\"valueRequired\":true,\"valueName\":\"search_term_string\"}}],\"inLanguage\":\"fr-FR\"}]}<\/script>\n<!-- \/ Yoast SEO plugin. -->","yoast_head_json":{"title":"Nouvelles - FDG - Fia\u00e7\u00e3o da Gra\u00e7a","robots":{"index":"index","follow":"follow","max-snippet":"max-snippet:-1","max-image-preview":"max-image-preview:large","max-video-preview":"max-video-preview:-1"},"canonical":"https:\/\/fdg.pt\/noticias\/","og_locale":"fr_FR","og_type":"article","og_title":"Nouvelles - FDG - Fia\u00e7\u00e3o da Gra\u00e7a","og_url":"https:\/\/fdg.pt\/noticias\/","og_site_name":"FDG - Fia\u00e7\u00e3o da Gra\u00e7a","article_modified_time":"2024-07-01T05:38:46+00:00","twitter_card":"summary_large_image","twitter_misc":{"Est. reading time":"1 minute"},"schema":{"@context":"https:\/\/schema.org","@graph":[{"@type":"WebPage","@id":"https:\/\/fdg.pt\/noticias\/","url":"https:\/\/fdg.pt\/noticias\/","name":"Nouvelles - FDG - Fia\u00e7\u00e3o da Gra\u00e7a","isPartOf":{"@id":"https:\/\/fdg.pt\/fr\/#website"},"datePublished":"2014-08-28T01:36:48+00:00","dateModified":"2024-07-01T05:38:46+00:00","breadcrumb":{"@id":"https:\/\/fdg.pt\/noticias\/#breadcrumb"},"inLanguage":"fr-FR","potentialAction":[{"@type":"ReadAction","target":["https:\/\/fdg.pt\/noticias\/"]}]},{"@type":"BreadcrumbList","@id":"https:\/\/fdg.pt\/noticias\/#breadcrumb","itemListElement":[{"@type":"ListItem","position":1,"name":"In\u00edcio","item":"https:\/\/fdg.pt\/"},{"@type":"ListItem","position":2,"name":"Not\u00edcias"}]},{"@type":"WebSite","@id":"https:\/\/fdg.pt\/fr\/#website","url":"https:\/\/fdg.pt\/fr\/","name":"FDG - Fia\u00e7\u00e3o da Gra\u00e7a","description":"Innovateurs fils peign\u00e9s, de pure laine m\u00e9rinos ou developp\u00e9s m\u00e9langes. Technologies de filature du classique aux plus modernes.","potentialAction":[{"@type":"SearchAction","target":{"@type":"EntryPoint","urlTemplate":"https:\/\/fdg.pt\/fr\/?s={search_term_string}"},"query-input":{"@type":"PropertyValueSpecification","valueRequired":true,"valueName":"search_term_string"}}],"inLanguage":"fr-FR"}]}},"_links":{"self":[{"href":"https:\/\/fdg.pt\/fr\/wp-json\/wp\/v2\/pages\/4374","targetHints":{"allow":["GET"]}}],"collection":[{"href":"https:\/\/fdg.pt\/fr\/wp-json\/wp\/v2\/pages"}],"about":[{"href":"https:\/\/fdg.pt\/fr\/wp-json\/wp\/v2\/types\/page"}],"author":[{"embeddable":true,"href":"https:\/\/fdg.pt\/fr\/wp-json\/wp\/v2\/users\/1"}],"replies":[{"embeddable":true,"href":"https:\/\/fdg.pt\/fr\/wp-json\/wp\/v2\/comments?post=4374"}],"version-history":[{"count":26,"href":"https:\/\/fdg.pt\/fr\/wp-json\/wp\/v2\/pages\/4374\/revisions"}],"predecessor-version":[{"id":11247,"href":"https:\/\/fdg.pt\/fr\/wp-json\/wp\/v2\/pages\/4374\/revisions\/11247"}],"wp:attachment":[{"href":"https:\/\/fdg.pt\/fr\/wp-json\/wp\/v2\/media?parent=4374"}],"curies":[{"name":"wp","href":"https:\/\/api.w.org\/{rel}","templated":true}]}}