{"id":3956,"date":"2014-08-25T19:24:18","date_gmt":"2014-08-25T19:24:18","guid":{"rendered":"http:\/\/artbees.net\/themes\/jupiter\/?page_id=3956"},"modified":"2020-06-25T15:19:52","modified_gmt":"2020-06-25T15:19:52","slug":"recursoshumanos","status":"publish","type":"page","link":"https:\/\/fdg.pt\/fr\/recursoshumanos\/","title":{"rendered":"Ressources Humaines"},"content":{"rendered":"<div class=\"clearboth\"><\/div><\/div><\/div><\/div><div id=\"mk-page-section-69d0012f10925\" data-intro-effect=\"false\" class=\"full-width-69d0012f10925 mk-background-stretch  full-height-false mk-page-section self-hosted mk-blur-parent mk-shortcode  slidertop\" ><div style=\"background-color:#000000;opacity:0.4; -ms-filter:'progid:DXImageTransform.Microsoft.Alpha(Opacity=40)';\" class=\"mk-video-color-mask\"><\/div><div class=\"background-clipper\"><div id=\"background-layer--69d0012f10925\" class=\"background-layer mk-background-stretch  clipper-false parallax-true\" data-speedFactor=\"0.2\"><\/div><\/div><div class=\"mk-grid vc_row-fluid page-section-content\"><div class=\"mk-padding-wrapper\">\n\t<div style=\"\" class=\"vc_col-sm-12 wpb_column column_container \">\n\t\t\t<div class=\"mk-testimonial mk-script-call simple-style mk-flexslider light-version \" id=\"testimonial_69d0012f110db\" data-arrow-left=\"mk-jupiter-icon-arrow-left\" data-arrow-right=\"mk-jupiter-icon-arrow-right\" data-animation=\"fade\" data-easing=\"swing\" data-direction=\"horizontal\" data-smoothHeight=\"false\" data-animationSpeed=\"700\" data-slideshowSpeed=\"7000\" data-pauseOnHover=\"true\" data-controlNav=\"false\" data-directionNav=\"true\" data-isCarousel=\"false\"><ul class=\"mk-flex-slides\"><i class=\"mk-moon-quotes-left\"><\/i><i class=\"mk-moon-quotes-right\"><\/i><\/ul><\/div>\n\t<\/div><\/div><div class=\"clearboth\"><\/div><\/div><div class=\"clearboth\"><\/div><\/div><div class=\"mk-main-wrapper-holder\"><div class=\"theme-page-wrapper  -layout mk-grid vc_row-fluid row-fluid\"><div class=\"theme-content \"><div id=\"ajax-69d0012f10925\" class=\"mk-dynamic-styles\"> .full-width-69d0012f10925 { min-height:100px; padding:140px 0 80px; margin-bottom:0px; background-color:#777777; } #background-layer--69d0012f10925 { background-image:url(https:\/\/fdg.pt\/wp-content\/uploads\/2014\/08\/DSC_2276.jpg); background-position:left top; background-repeat:repeat; background-attachment: fixed;; } .full-width-69d0012f10925 .mk-fancy-title.pattern-style span, .full-width-69d0012f10925 .mk-blog-view-all { background-color: #777777 !important; }<\/div><div class=\"wpb_row vc_row  vc_row-fluid  mk-fullwidth-false  attched-false vc_row-fluid\">\n\t<div style=\"\" class=\"vc_col-sm-12 wpb_column column_container \">\n\t\t\t<h2 style=\"font-size: 16px;text-align:center;color: #333333;font-style:inhert;font-weight:bold;padding-top:60px;padding-bottom:0px; text-transform:uppercase;letter-spacing:2px;\" id=\"fancy-title-69d0012f116f8\" class=\"mk-shortcode mk-fancy-title fancy-title-align-center simple-style \"><span style=\"\">\n<p>Opportunit\u00e9s<\/p>\n<\/span><\/h2><div class=\"clearboth\"><\/div><div style=\"padding: 10px 0 55px; width: 30px \" class=\"mk-divider mk-shortcode custom-width center thin_solid \"><div class=\"divider-inner\" style=\"border-top-color:#f97352;border-top-width:3px;\"><\/div><\/div><div class=\"clearboth\"><\/div>\n\t<\/div><\/div><div class=\"wpb_row vc_row  vc_row-fluid  mk-fullwidth-false  attched-false vc_row-fluid\">\n\t<div style=\"\" class=\"vc_col-sm-12 vc_col-lg-offset-2 vc_col-lg-8 vc_col-md-offset-1 vc_col-md-10 vc_col-sm-offset-0 vc_col-xs-12 wpb_column column_container \">\n\t\t\t\t<div style=\" margin-bottom:0px;text-align: center;\" class=\"mk-text-block  \"><p class=\"p1\"><span class=\"s1\"><i>Chez FDG sont les personnes qui font la diff\u00e9rence, sont-elles nos principaux atouts.<br \/>\n<\/i><\/span><span class=\"s1\"><i>Nous cherchons donner des r\u00e9els opportunit\u00e9s \u00e0 ce qui ont la volont\u00e9 et le potentiel.<br \/>\nSi vous avez d\u00e9termination, \u00e9nergie et croyez dans le d\u00e9fi de l\u2019am\u00e9lioration continue, partage de connaissance et estimez que la pleine \u00e9volution se r\u00e9ussi en \u00e9quipe,\u2026 alors viens nous rejoindre\u2026\u00a0<\/i><\/span><\/p>\n<div class=\"clearboth\"><\/div><\/div> <div style=\"padding: 10px 0 30px;\" class=\"mk-divider mk-shortcode divider_full_width center padding_space \"><div class=\"divider-inner\" style=\"\"><\/div><\/div><div class=\"clearboth\"><\/div>\n<div class=\"wpcf7 no-js\" id=\"wpcf7-f6615-o1\" lang=\"pt-PT\" dir=\"ltr\" data-wpcf7-id=\"6615\">\n<div class=\"screen-reader-response\"><p role=\"status\" aria-live=\"polite\" aria-atomic=\"true\"><\/p> <ul><\/ul><\/div>\n<form action=\"\/fr\/wp-json\/wp\/v2\/pages\/3956#wpcf7-f6615-o1\" method=\"post\" class=\"wpcf7-form init\" aria-label=\"Contact form\" enctype=\"multipart\/form-data\" novalidate=\"novalidate\" data-status=\"init\">\n<fieldset class=\"hidden-fields-container\"><input type=\"hidden\" name=\"_wpcf7\" value=\"6615\" \/><input type=\"hidden\" name=\"_wpcf7_version\" value=\"6.1.5\" \/><input type=\"hidden\" name=\"_wpcf7_locale\" value=\"pt_PT\" \/><input type=\"hidden\" name=\"_wpcf7_unit_tag\" value=\"wpcf7-f6615-o1\" \/><input type=\"hidden\" name=\"_wpcf7_container_post\" value=\"0\" \/><input type=\"hidden\" name=\"_wpcf7_posted_data_hash\" value=\"\" \/>\n<\/fieldset>\n<p><label> Votre nom (requis)<br \/>\n<span class=\"wpcf7-form-control-wrap\" data-name=\"your-name\"><input size=\"40\" maxlength=\"400\" class=\"wpcf7-form-control wpcf7-text wpcf7-validates-as-required\" aria-required=\"true\" aria-invalid=\"false\" value=\"\" type=\"text\" name=\"your-name\" \/><\/span> <\/label>\n<\/p>\n<p><label> Votre Email (requis)<br \/>\n<span class=\"wpcf7-form-control-wrap\" data-name=\"your-email\"><input size=\"40\" maxlength=\"400\" class=\"wpcf7-form-control wpcf7-email wpcf7-validates-as-required wpcf7-text wpcf7-validates-as-email\" aria-required=\"true\" aria-invalid=\"false\" value=\"\" type=\"email\" name=\"your-email\" \/><\/span> <\/label>\n<\/p>\n<p><label> Votre T\u00e9l\u00e9phone (requis)<br \/>\n<span class=\"wpcf7-form-control-wrap\" data-name=\"your-telefone\"><input size=\"40\" maxlength=\"400\" class=\"wpcf7-form-control wpcf7-text wpcf7-validates-as-required\" aria-required=\"true\" aria-invalid=\"false\" value=\"\" type=\"text\" name=\"your-telefone\" \/><\/span> <\/label>\n<\/p>\n<p><label> Votre Lettre de pr\u00e9sentation<br \/>\n<span class=\"wpcf7-form-control-wrap\" data-name=\"your-cartaapresentacao\"><input size=\"40\" class=\"wpcf7-form-control wpcf7-file\" accept=\"audio\/*,video\/*,image\/*\" aria-invalid=\"false\" type=\"file\" name=\"your-cartaapresentacao\" \/><\/span> <\/label>\n<\/p>\n<p><label> Votre Curriculum Vitae<br \/>\n<span class=\"wpcf7-form-control-wrap\" data-name=\"your-cv\"><input size=\"40\" class=\"wpcf7-form-control wpcf7-file\" accept=\"audio\/*,video\/*,image\/*\" aria-invalid=\"false\" type=\"file\" name=\"your-cv\" \/><\/span> <\/label>\n<\/p>\n<p><label> Votre Message<br \/>\n<span class=\"wpcf7-form-control-wrap\" data-name=\"your-message\"><textarea cols=\"40\" rows=\"10\" maxlength=\"2000\" class=\"wpcf7-form-control wpcf7-textarea\" aria-invalid=\"false\" name=\"your-message\"><\/textarea><\/span> <\/label>\n<\/p>\n<p><label><br \/>\n<input class=\"wpcf7-form-control wpcf7-submit has-spinner\" type=\"submit\" value=\"Envoyer\" \/> <\/label>\n<\/p><p style=\"display: none !important;\" class=\"akismet-fields-container\" data-prefix=\"_wpcf7_ak_\"><label>&#916;<textarea name=\"_wpcf7_ak_hp_textarea\" cols=\"45\" rows=\"8\" maxlength=\"100\"><\/textarea><\/label><input type=\"hidden\" id=\"ak_js_1\" name=\"_wpcf7_ak_js\" value=\"106\"\/><script>document.getElementById( \"ak_js_1\" ).setAttribute( \"value\", ( new Date() ).getTime() );<\/script><\/p><input type='hidden' class='wpcf7-pum' value='{\"closepopup\":false,\"closedelay\":0,\"openpopup\":false,\"openpopup_id\":0}' \/><div class=\"wpcf7-response-output\" aria-hidden=\"true\"><\/div>\n<\/form>\n<\/div>\n\n\t<\/div><\/div>\n","protected":false},"excerpt":{"rendered":"{:pt} .full-width-69d0012f12676 { min-height:100px; padding:140px 0 80px; margin-bottom:0px; background-color:#777777; } #background-layer--69d0012f12676 { background-image:url(https:\/\/fdg.pt\/wp-content\/uploads\/2014\/08\/DSC_2276.jpg); background-position:left top; background-repeat:repeat; background-attachment: fixed;; } .full-width-69d0012f12676 .mk-fancy-title.pattern-style span, .full-width-69d0012f12676 .mk-blog-view-all { background-color: #777777 !important; } Candidaturas Na FDG s\u00e3o as pessoas que fazem a diferen\u00e7a, s\u00e3o elas o nosso principal activo. Procuramos dar reais oportunidades aos que t\u00eam vontade e potencial. [...]","protected":false},"author":1,"featured_media":0,"parent":0,"menu_order":0,"comment_status":"open","ping_status":"open","template":"","meta":{"_exactmetrics_skip_tracking":false,"_exactmetrics_sitenote_active":false,"_exactmetrics_sitenote_note":"","_exactmetrics_sitenote_category":0,"footnotes":""},"class_list":["post-3956","page","type-page","status-publish","hentry"],"translation":{"provider":"WPGlobus","version":"3.0.2","language":"fr","enabled_languages":["pt","en","fr","it"],"languages":{"pt":{"title":true,"content":true,"excerpt":false},"en":{"title":true,"content":true,"excerpt":false},"fr":{"title":true,"content":true,"excerpt":false},"it":{"title":true,"content":true,"excerpt":false}}},"aioseo_notices":[],"yoast_head":"<!-- This site is optimized with the Yoast SEO plugin v27.3 - https:\/\/yoast.com\/product\/yoast-seo-wordpress\/ -->\n<title>Ressources Humaines - FDG - Fia\u00e7\u00e3o da Gra\u00e7a<\/title>\n<meta name=\"robots\" content=\"index, follow, max-snippet:-1, max-image-preview:large, max-video-preview:-1\" \/>\n<link rel=\"canonical\" href=\"https:\/\/fdg.pt\/recursoshumanos\/\" \/>\n<meta property=\"og:locale\" content=\"fr_FR\" \/>\n<meta property=\"og:type\" content=\"article\" \/>\n<meta property=\"og:title\" content=\"Ressources Humaines - FDG - Fia\u00e7\u00e3o da Gra\u00e7a\" \/>\n<meta property=\"og:url\" content=\"https:\/\/fdg.pt\/recursoshumanos\/\" \/>\n<meta property=\"og:site_name\" content=\"FDG - Fia\u00e7\u00e3o da Gra\u00e7a\" \/>\n<meta property=\"article:modified_time\" content=\"2020-06-25T15:19:52+00:00\" \/>\n<meta name=\"twitter:card\" content=\"summary_large_image\" \/>\n<meta name=\"twitter:label1\" content=\"Est. reading time\" \/>\n\t<meta name=\"twitter:data1\" content=\"6 minutes\" \/>\n<script type=\"application\/ld+json\" class=\"yoast-schema-graph\">{\"@context\":\"https:\\\/\\\/schema.org\",\"@graph\":[{\"@type\":\"WebPage\",\"@id\":\"https:\\\/\\\/fdg.pt\\\/recursoshumanos\\\/\",\"url\":\"https:\\\/\\\/fdg.pt\\\/recursoshumanos\\\/\",\"name\":\"Ressources Humaines - FDG - Fia\u00e7\u00e3o da Gra\u00e7a\",\"isPartOf\":{\"@id\":\"https:\\\/\\\/fdg.pt\\\/fr\\\/#website\"},\"datePublished\":\"2014-08-25T19:24:18+00:00\",\"dateModified\":\"2020-06-25T15:19:52+00:00\",\"breadcrumb\":{\"@id\":\"https:\\\/\\\/fdg.pt\\\/recursoshumanos\\\/#breadcrumb\"},\"inLanguage\":\"fr-FR\",\"potentialAction\":[{\"@type\":\"ReadAction\",\"target\":[\"https:\\\/\\\/fdg.pt\\\/recursoshumanos\\\/\"]}]},{\"@type\":\"BreadcrumbList\",\"@id\":\"https:\\\/\\\/fdg.pt\\\/recursoshumanos\\\/#breadcrumb\",\"itemListElement\":[{\"@type\":\"ListItem\",\"position\":1,\"name\":\"In\u00edcio\",\"item\":\"https:\\\/\\\/fdg.pt\\\/\"},{\"@type\":\"ListItem\",\"position\":2,\"name\":\"Recursos Humanos\"}]},{\"@type\":\"WebSite\",\"@id\":\"https:\\\/\\\/fdg.pt\\\/fr\\\/#website\",\"url\":\"https:\\\/\\\/fdg.pt\\\/fr\\\/\",\"name\":\"FDG - Fia\u00e7\u00e3o da Gra\u00e7a\",\"description\":\"Innovateurs fils peign\u00e9s, de pure laine m\u00e9rinos ou developp\u00e9s m\u00e9langes. Technologies de filature du classique aux plus modernes.\",\"potentialAction\":[{\"@type\":\"SearchAction\",\"target\":{\"@type\":\"EntryPoint\",\"urlTemplate\":\"https:\\\/\\\/fdg.pt\\\/fr\\\/?s={search_term_string}\"},\"query-input\":{\"@type\":\"PropertyValueSpecification\",\"valueRequired\":true,\"valueName\":\"search_term_string\"}}],\"inLanguage\":\"fr-FR\"}]}<\/script>\n<!-- \/ Yoast SEO plugin. -->","yoast_head_json":{"title":"Ressources Humaines - FDG - Fia\u00e7\u00e3o da Gra\u00e7a","robots":{"index":"index","follow":"follow","max-snippet":"max-snippet:-1","max-image-preview":"max-image-preview:large","max-video-preview":"max-video-preview:-1"},"canonical":"https:\/\/fdg.pt\/recursoshumanos\/","og_locale":"fr_FR","og_type":"article","og_title":"Ressources Humaines - FDG - Fia\u00e7\u00e3o da Gra\u00e7a","og_url":"https:\/\/fdg.pt\/recursoshumanos\/","og_site_name":"FDG - Fia\u00e7\u00e3o da Gra\u00e7a","article_modified_time":"2020-06-25T15:19:52+00:00","twitter_card":"summary_large_image","twitter_misc":{"Est. reading time":"6 minutes"},"schema":{"@context":"https:\/\/schema.org","@graph":[{"@type":"WebPage","@id":"https:\/\/fdg.pt\/recursoshumanos\/","url":"https:\/\/fdg.pt\/recursoshumanos\/","name":"Ressources Humaines - FDG - Fia\u00e7\u00e3o da Gra\u00e7a","isPartOf":{"@id":"https:\/\/fdg.pt\/fr\/#website"},"datePublished":"2014-08-25T19:24:18+00:00","dateModified":"2020-06-25T15:19:52+00:00","breadcrumb":{"@id":"https:\/\/fdg.pt\/recursoshumanos\/#breadcrumb"},"inLanguage":"fr-FR","potentialAction":[{"@type":"ReadAction","target":["https:\/\/fdg.pt\/recursoshumanos\/"]}]},{"@type":"BreadcrumbList","@id":"https:\/\/fdg.pt\/recursoshumanos\/#breadcrumb","itemListElement":[{"@type":"ListItem","position":1,"name":"In\u00edcio","item":"https:\/\/fdg.pt\/"},{"@type":"ListItem","position":2,"name":"Recursos Humanos"}]},{"@type":"WebSite","@id":"https:\/\/fdg.pt\/fr\/#website","url":"https:\/\/fdg.pt\/fr\/","name":"FDG - Fia\u00e7\u00e3o da Gra\u00e7a","description":"Innovateurs fils peign\u00e9s, de pure laine m\u00e9rinos ou developp\u00e9s m\u00e9langes. Technologies de filature du classique aux plus modernes.","potentialAction":[{"@type":"SearchAction","target":{"@type":"EntryPoint","urlTemplate":"https:\/\/fdg.pt\/fr\/?s={search_term_string}"},"query-input":{"@type":"PropertyValueSpecification","valueRequired":true,"valueName":"search_term_string"}}],"inLanguage":"fr-FR"}]}},"_links":{"self":[{"href":"https:\/\/fdg.pt\/fr\/wp-json\/wp\/v2\/pages\/3956","targetHints":{"allow":["GET"]}}],"collection":[{"href":"https:\/\/fdg.pt\/fr\/wp-json\/wp\/v2\/pages"}],"about":[{"href":"https:\/\/fdg.pt\/fr\/wp-json\/wp\/v2\/types\/page"}],"author":[{"embeddable":true,"href":"https:\/\/fdg.pt\/fr\/wp-json\/wp\/v2\/users\/1"}],"replies":[{"embeddable":true,"href":"https:\/\/fdg.pt\/fr\/wp-json\/wp\/v2\/comments?post=3956"}],"version-history":[{"count":30,"href":"https:\/\/fdg.pt\/fr\/wp-json\/wp\/v2\/pages\/3956\/revisions"}],"predecessor-version":[{"id":10457,"href":"https:\/\/fdg.pt\/fr\/wp-json\/wp\/v2\/pages\/3956\/revisions\/10457"}],"wp:attachment":[{"href":"https:\/\/fdg.pt\/fr\/wp-json\/wp\/v2\/media?parent=3956"}],"curies":[{"name":"wp","href":"https:\/\/api.w.org\/{rel}","templated":true}]}}