{"id":7142,"date":"2017-07-17T13:53:58","date_gmt":"2017-07-17T13:53:58","guid":{"rendered":"http:\/\/www.fdg.pt\/?page_id=7142"},"modified":"2019-01-14T10:05:12","modified_gmt":"2019-01-14T10:05:12","slug":"comfort","status":"publish","type":"page","link":"https:\/\/fdg.pt\/en\/produtos\/corporate\/comfort\/","title":{"rendered":"Comfort"},"content":{"rendered":"<div class=\"wpb_row vc_row  vc_row-fluid  mk-fullwidth-false  attched-false vc_row-fluid\">\n\t<div style=\"\" class=\"vc_col-sm-12 wpb_column column_container \">\n\t\t\t<h3 style=\"font-size: 18px;text-align:left;color: #393836;font-weight:inherit;letter-spacing:0px;margin-top:0px;margin-bottom:18px;\" id=\"fancy-title-69d00567c22ca\" class=\"mk-shortcode mk-title-box  \"><span style=\"line-height:34px\">\n<p><a href=\"https:\/\/fdg.pt\/en\/produtos\">Products<\/a> \/ <a href=\"https:\/\/fdg.pt\/en\/produtos\/corporate\">Corporate<\/a> \/ Comfort<\/p>\n<\/span><\/h3><div class=\"clearboth\"><\/div>\n\t<\/div><\/div><div class=\"wpb_row vc_row  vc_row-fluid  mk-fullwidth-false  attched-false vc_row-fluid\">\n\t<div style=\"\" class=\"vc_col-sm-12 wpb_column column_container \">\n\t\t\t<div class=\"clearboth\"><\/div><div class=\"mk-shortcode mk-padding-shortcode\" style=\"height:20px\"><\/div><div class=\"clearboth\"><\/div>\n\t<\/div><\/div><div class=\"wpb_row vc_row  vc_row-fluid  mk-fullwidth-false  attched-false vc_row-fluid\">\n\t<div style=\"\" class=\"vc_col-sm-12 wpb_column column_container \">\n\t\t\t\t<div style=\" margin-bottom:0px;text-align: left;\" class=\"mk-text-block  \">\n<table id=\"tablepress-13\" class=\"tablepress tablepress-id-13\">\n<thead>\n<tr class=\"row-1\">\n\t<th class=\"column-1\">Selec\u00e7\u00e3o<\/th><th class=\"column-2\">Nome do Artigo<\/th><th class=\"column-3\">Nm<\/th><th class=\"column-4\">Tecnologia<\/th><th class=\"column-5\">Composi\u00e7\u00e3o<\/th><th class=\"column-6\">Observa\u00e7\u00f5es<\/th>\n<\/tr>\n<\/thead>\n<tbody class=\"row-striping row-hover\">\n<tr class=\"row-2\">\n\t<td class=\"column-1\"><input type='checkbox' value='Ohio' onclick='tratarsubjectpedido();' \/><\/td><td class=\"column-2\">Ohio<\/td><td class=\"column-3\">2\/64<\/td><td class=\"column-4\">Sirospun<\/td><td class=\"column-5\">43%CV,42%PES,15%WO<\/td><td class=\"column-6\"><\/td>\n<\/tr>\n<tr class=\"row-3\">\n\t<td class=\"column-1\"><input type='checkbox' value='Tango 2\/60' onclick='tratarsubjectpedido();' \/><\/td><td class=\"column-2\">Tango 2\/60<\/td><td class=\"column-3\">2\/60<\/td><td class=\"column-4\">Sirospun<\/td><td class=\"column-5\">50%CLY,50%PES<\/td><td class=\"column-6\"><\/td>\n<\/tr>\n<tr class=\"row-4\">\n\t<td class=\"column-1\"><input type='checkbox' value='Gita' onclick='tratarsubjectpedido();' \/><\/td><td class=\"column-2\">Gita<\/td><td class=\"column-3\">2\/60<\/td><td class=\"column-4\">Sirospun<\/td><td class=\"column-5\">53%CV,31,7%PES,15,3%WO<\/td><td class=\"column-6\"><\/td>\n<\/tr>\n<tr class=\"row-5\">\n\t<td class=\"column-1\"><input type='checkbox' value='Bac' onclick='tratarsubjectpedido();' \/><\/td><td class=\"column-2\">Bac<\/td><td class=\"column-3\">2\/56<\/td><td class=\"column-4\">Sirospun<\/td><td class=\"column-5\">55%PES,45%WO<\/td><td class=\"column-6\"><\/td>\n<\/tr>\n<tr class=\"row-6\">\n\t<td class=\"column-1\"><input type='checkbox' value='Lac' onclick='tratarsubjectpedido();' \/><\/td><td class=\"column-2\">Lac<\/td><td class=\"column-3\">2\/60<\/td><td class=\"column-4\">Sirospun<\/td><td class=\"column-5\">55%PES,45%WO<\/td><td class=\"column-6\"><\/td>\n<\/tr>\n<tr class=\"row-7\">\n\t<td class=\"column-1\"><input type='checkbox' value='Noc 2\/48' onclick='tratarsubjectpedido();' \/><\/td><td class=\"column-2\">Noc 2\/48<\/td><td class=\"column-3\">2\/48<\/td><td class=\"column-4\">Sirospun<\/td><td class=\"column-5\">58%PES,42%WO<\/td><td class=\"column-6\"><\/td>\n<\/tr>\n<tr class=\"row-8\">\n\t<td class=\"column-1\"><input type='checkbox' value='Dou PV' onclick='tratarsubjectpedido();' \/><\/td><td class=\"column-2\">Dou PV<\/td><td class=\"column-3\">2\/60<\/td><td class=\"column-4\">Sirospun<\/td><td class=\"column-5\">65%PES,35%CV<\/td><td class=\"column-6\"><\/td>\n<\/tr>\n<tr class=\"row-9\">\n\t<td class=\"column-1\"><input type='checkbox' value='AD 2\/65 PV' onclick='tratarsubjectpedido();' \/><\/td><td class=\"column-2\">AD 2\/65 PV<\/td><td class=\"column-3\">2\/65<\/td><td class=\"column-4\">Sirospun<\/td><td class=\"column-5\">65%PES,35%CV<\/td><td class=\"column-6\"><\/td>\n<\/tr>\n<tr class=\"row-10\">\n\t<td class=\"column-1\"><input type='checkbox' value='General 2\/40' onclick='tratarsubjectpedido();' \/><\/td><td class=\"column-2\">General 2\/40<\/td><td class=\"column-3\">2\/40<\/td><td class=\"column-4\">Sirospun<\/td><td class=\"column-5\">70%PES,30%CV<\/td><td class=\"column-6\"><\/td>\n<\/tr>\n<tr class=\"row-11\">\n\t<td class=\"column-1\"><input type='checkbox' value='Tolia 2\/60' onclick='tratarsubjectpedido();' \/><\/td><td class=\"column-2\">Tolia 2\/60<\/td><td class=\"column-3\">2\/60<\/td><td class=\"column-4\">Sirospun<\/td><td class=\"column-5\">70%PES,30%WO<\/td><td class=\"column-6\"><\/td>\n<\/tr>\n<tr class=\"row-12\">\n\t<td class=\"column-1\"><input type='checkbox' value='Sirola 2\/56' onclick='tratarsubjectpedido();' \/><\/td><td class=\"column-2\">Sirola 2\/56<\/td><td class=\"column-3\">2\/56<\/td><td class=\"column-4\">Sirospun<\/td><td class=\"column-5\">70%WO,30%PES<\/td><td class=\"column-6\"><\/td>\n<\/tr>\n<\/tbody>\n<\/table>\n<!-- #tablepress-13 from cache -->\n<div class=\"clearboth\"><\/div><\/div> <div class=\"mk-button-align left\"><a href=\"\" target=\"_self\"  class=\"mk-button dark button-69d00567c2c51 light-color  three-dimension medium pointed   pedirinformacoes pedirinformacoesen\"><span>\nInformation request\n<\/span><\/a><\/div>\n\n<div id=\"ajax-69d00567c2c51\" class=\"mk-dynamic-styles\"> .button-69d00567c2c51 { margin-bottom: 40px; margin-top: 10px; min-width: 0px !important; } .button-69d00567c2c51 { background-color:#f97352; } .button-69d00567c2c51:hover { background-color:#e86b4c; } .button-69d00567c2c51.three-dimension { box-shadow: 0px 3px 0px 0px #c75c42; } .button-69d00567c2c51.three-dimension:active { box-shadow: 0px 1px 0px 0px #c75c42; } <\/div>\n\t<\/div><\/div>\n","protected":false},"excerpt":{"rendered":"{:pt} Produtos \/ Corporate \/ Comfort Selec\u00e7\u00e3oNome do ArtigoNmTecnologiaComposi\u00e7\u00e3oObserva\u00e7\u00f5es Ohio2\/64Sirospun43%CV,42%PES,15%WO Tango 2\/602\/60Sirospun50%CLY,50%PES Gita2\/60Sirospun53%CV,31,7%PES,15,3%WO Bac2\/56Sirospun55%PES,45%WO Lac2\/60Sirospun55%PES,45%WO Noc 2\/482\/48Sirospun58%PES,42%WO Dou PV2\/60Sirospun65%PES,35%CV AD 2\/65 PV2\/65Sirospun65%PES,35%CV General 2\/402\/40Sirospun70%PES,30%CV Tolia 2\/602\/60Sirospun70%PES,30%WO Sirola 2\/562\/56Sirospun70%WO,30%PES Pedir informa\u00e7\u00f5es .button-69d00567c4206 { margin-bottom: 40px; margin-top: 10px; min-width: 0px !important; } .button-69d00567c4206 { background-color:#f97352; } .button-69d00567c4206:hover { background-color:#e86b4c; } .button-69d00567c4206.three-dimension { box-shadow: 0px 3px 0px 0px [...]","protected":false},"author":1,"featured_media":0,"parent":7072,"menu_order":3,"comment_status":"closed","ping_status":"closed","template":"","meta":{"_exactmetrics_skip_tracking":false,"_exactmetrics_sitenote_active":false,"_exactmetrics_sitenote_note":"","_exactmetrics_sitenote_category":0,"footnotes":""},"class_list":["post-7142","page","type-page","status-publish","hentry"],"translation":{"provider":"WPGlobus","version":"3.0.2","language":"en","enabled_languages":["pt","en","fr","it"],"languages":{"pt":{"title":true,"content":true,"excerpt":false},"en":{"title":true,"content":true,"excerpt":false},"fr":{"title":true,"content":true,"excerpt":false},"it":{"title":true,"content":true,"excerpt":false}}},"aioseo_notices":[],"yoast_head":"<!-- This site is optimized with the Yoast SEO plugin v27.3 - https:\/\/yoast.com\/product\/yoast-seo-wordpress\/ -->\n<title>Comfort - FDG - Fia\u00e7\u00e3o da Gra\u00e7a<\/title>\n<meta name=\"robots\" content=\"index, follow, max-snippet:-1, max-image-preview:large, max-video-preview:-1\" \/>\n<link rel=\"canonical\" href=\"https:\/\/fdg.pt\/produtos\/corporate\/comfort\/\" \/>\n<meta property=\"og:locale\" content=\"en_US\" \/>\n<meta property=\"og:type\" content=\"article\" \/>\n<meta property=\"og:title\" content=\"Comfort - FDG - Fia\u00e7\u00e3o da Gra\u00e7a\" \/>\n<meta property=\"og:url\" content=\"https:\/\/fdg.pt\/produtos\/corporate\/comfort\/\" \/>\n<meta property=\"og:site_name\" content=\"FDG - Fia\u00e7\u00e3o da Gra\u00e7a\" \/>\n<meta property=\"article:modified_time\" content=\"2019-01-14T10:05:12+00:00\" \/>\n<meta name=\"twitter:card\" content=\"summary_large_image\" \/>\n<meta name=\"twitter:label1\" content=\"Est. reading time\" \/>\n\t<meta name=\"twitter:data1\" content=\"3 minutes\" \/>\n<script type=\"application\/ld+json\" class=\"yoast-schema-graph\">{\"@context\":\"https:\\\/\\\/schema.org\",\"@graph\":[{\"@type\":\"WebPage\",\"@id\":\"https:\\\/\\\/fdg.pt\\\/produtos\\\/corporate\\\/comfort\\\/\",\"url\":\"https:\\\/\\\/fdg.pt\\\/produtos\\\/corporate\\\/comfort\\\/\",\"name\":\"Comfort - FDG - Fia\u00e7\u00e3o da Gra\u00e7a\",\"isPartOf\":{\"@id\":\"https:\\\/\\\/fdg.pt\\\/fr\\\/#website\"},\"datePublished\":\"2017-07-17T13:53:58+00:00\",\"dateModified\":\"2019-01-14T10:05:12+00:00\",\"breadcrumb\":{\"@id\":\"https:\\\/\\\/fdg.pt\\\/produtos\\\/corporate\\\/comfort\\\/#breadcrumb\"},\"inLanguage\":\"en-US\",\"potentialAction\":[{\"@type\":\"ReadAction\",\"target\":[\"https:\\\/\\\/fdg.pt\\\/produtos\\\/corporate\\\/comfort\\\/\"]}]},{\"@type\":\"BreadcrumbList\",\"@id\":\"https:\\\/\\\/fdg.pt\\\/produtos\\\/corporate\\\/comfort\\\/#breadcrumb\",\"itemListElement\":[{\"@type\":\"ListItem\",\"position\":1,\"name\":\"In\u00edcio\",\"item\":\"https:\\\/\\\/fdg.pt\\\/\"},{\"@type\":\"ListItem\",\"position\":2,\"name\":\"Produtos\",\"item\":\"https:\\\/\\\/fdg.pt\\\/produtos\\\/\"},{\"@type\":\"ListItem\",\"position\":3,\"name\":\"Corporate\",\"item\":\"https:\\\/\\\/fdg.pt\\\/produtos\\\/corporate\\\/\"},{\"@type\":\"ListItem\",\"position\":4,\"name\":\"Comfort\"}]},{\"@type\":\"WebSite\",\"@id\":\"https:\\\/\\\/fdg.pt\\\/fr\\\/#website\",\"url\":\"https:\\\/\\\/fdg.pt\\\/fr\\\/\",\"name\":\"FDG - Fia\u00e7\u00e3o da Gra\u00e7a\",\"description\":\"Innovative worsted yarns, from pure merino wool and evolved mixtures. From classic to the most avantaged spinning technologies.\",\"potentialAction\":[{\"@type\":\"SearchAction\",\"target\":{\"@type\":\"EntryPoint\",\"urlTemplate\":\"https:\\\/\\\/fdg.pt\\\/fr\\\/?s={search_term_string}\"},\"query-input\":{\"@type\":\"PropertyValueSpecification\",\"valueRequired\":true,\"valueName\":\"search_term_string\"}}],\"inLanguage\":\"en-US\"}]}<\/script>\n<!-- \/ Yoast SEO plugin. -->","yoast_head_json":{"title":"Comfort - FDG - Fia\u00e7\u00e3o da Gra\u00e7a","robots":{"index":"index","follow":"follow","max-snippet":"max-snippet:-1","max-image-preview":"max-image-preview:large","max-video-preview":"max-video-preview:-1"},"canonical":"https:\/\/fdg.pt\/produtos\/corporate\/comfort\/","og_locale":"en_US","og_type":"article","og_title":"Comfort - FDG - Fia\u00e7\u00e3o da Gra\u00e7a","og_url":"https:\/\/fdg.pt\/produtos\/corporate\/comfort\/","og_site_name":"FDG - Fia\u00e7\u00e3o da Gra\u00e7a","article_modified_time":"2019-01-14T10:05:12+00:00","twitter_card":"summary_large_image","twitter_misc":{"Est. reading time":"3 minutes"},"schema":{"@context":"https:\/\/schema.org","@graph":[{"@type":"WebPage","@id":"https:\/\/fdg.pt\/produtos\/corporate\/comfort\/","url":"https:\/\/fdg.pt\/produtos\/corporate\/comfort\/","name":"Comfort - FDG - Fia\u00e7\u00e3o da Gra\u00e7a","isPartOf":{"@id":"https:\/\/fdg.pt\/fr\/#website"},"datePublished":"2017-07-17T13:53:58+00:00","dateModified":"2019-01-14T10:05:12+00:00","breadcrumb":{"@id":"https:\/\/fdg.pt\/produtos\/corporate\/comfort\/#breadcrumb"},"inLanguage":"en-US","potentialAction":[{"@type":"ReadAction","target":["https:\/\/fdg.pt\/produtos\/corporate\/comfort\/"]}]},{"@type":"BreadcrumbList","@id":"https:\/\/fdg.pt\/produtos\/corporate\/comfort\/#breadcrumb","itemListElement":[{"@type":"ListItem","position":1,"name":"In\u00edcio","item":"https:\/\/fdg.pt\/"},{"@type":"ListItem","position":2,"name":"Produtos","item":"https:\/\/fdg.pt\/produtos\/"},{"@type":"ListItem","position":3,"name":"Corporate","item":"https:\/\/fdg.pt\/produtos\/corporate\/"},{"@type":"ListItem","position":4,"name":"Comfort"}]},{"@type":"WebSite","@id":"https:\/\/fdg.pt\/fr\/#website","url":"https:\/\/fdg.pt\/fr\/","name":"FDG - Fia\u00e7\u00e3o da Gra\u00e7a","description":"Innovative worsted yarns, from pure merino wool and evolved mixtures. From classic to the most avantaged spinning technologies.","potentialAction":[{"@type":"SearchAction","target":{"@type":"EntryPoint","urlTemplate":"https:\/\/fdg.pt\/fr\/?s={search_term_string}"},"query-input":{"@type":"PropertyValueSpecification","valueRequired":true,"valueName":"search_term_string"}}],"inLanguage":"en-US"}]}},"_links":{"self":[{"href":"https:\/\/fdg.pt\/en\/wp-json\/wp\/v2\/pages\/7142","targetHints":{"allow":["GET"]}}],"collection":[{"href":"https:\/\/fdg.pt\/en\/wp-json\/wp\/v2\/pages"}],"about":[{"href":"https:\/\/fdg.pt\/en\/wp-json\/wp\/v2\/types\/page"}],"author":[{"embeddable":true,"href":"https:\/\/fdg.pt\/en\/wp-json\/wp\/v2\/users\/1"}],"replies":[{"embeddable":true,"href":"https:\/\/fdg.pt\/en\/wp-json\/wp\/v2\/comments?post=7142"}],"version-history":[{"count":19,"href":"https:\/\/fdg.pt\/en\/wp-json\/wp\/v2\/pages\/7142\/revisions"}],"predecessor-version":[{"id":9972,"href":"https:\/\/fdg.pt\/en\/wp-json\/wp\/v2\/pages\/7142\/revisions\/9972"}],"up":[{"embeddable":true,"href":"https:\/\/fdg.pt\/en\/wp-json\/wp\/v2\/pages\/7072"}],"wp:attachment":[{"href":"https:\/\/fdg.pt\/en\/wp-json\/wp\/v2\/media?parent=7142"}],"curies":[{"name":"wp","href":"https:\/\/api.w.org\/{rel}","templated":true}]}}