{"id":7136,"date":"2017-07-17T13:52:51","date_gmt":"2017-07-17T13:52:51","guid":{"rendered":"http:\/\/www.fdg.pt\/?page_id=7136"},"modified":"2019-01-14T10:04:40","modified_gmt":"2019-01-14T10:04:40","slug":"elegant","status":"publish","type":"page","link":"https:\/\/fdg.pt\/en\/produtos\/corporate\/elegant\/","title":{"rendered":"Elegant"},"content":{"rendered":"<div class=\"wpb_row vc_row  vc_row-fluid  mk-fullwidth-false  attched-false vc_row-fluid\">\n\t<div style=\"\" class=\"vc_col-sm-12 wpb_column column_container \">\n\t\t\t<h3 style=\"font-size: 18px;text-align:left;color: #393836;font-weight:inherit;letter-spacing:0px;margin-top:0px;margin-bottom:18px;\" id=\"fancy-title-69d0060c4d7ea\" class=\"mk-shortcode mk-title-box  \"><span style=\"line-height:34px\">\n<p><a href=\"https:\/\/fdg.pt\/en\/produtos\">Products<\/a> \/ <a href=\"https:\/\/fdg.pt\/en\/produtos\/corporate\">Corporate<\/a> \/ Elegant<\/p>\n<\/span><\/h3><div class=\"clearboth\"><\/div>\n\t<\/div><\/div><div class=\"wpb_row vc_row  vc_row-fluid  mk-fullwidth-false  attched-false vc_row-fluid\">\n\t<div style=\"\" class=\"vc_col-sm-12 wpb_column column_container \">\n\t\t\t<div class=\"clearboth\"><\/div><div class=\"mk-shortcode mk-padding-shortcode\" style=\"height:20px\"><\/div><div class=\"clearboth\"><\/div>\n\t<\/div><\/div><div class=\"wpb_row vc_row  vc_row-fluid  mk-fullwidth-false  attched-false vc_row-fluid\">\n\t<div style=\"\" class=\"vc_col-sm-12 wpb_column column_container \">\n\t\t\t\t<div style=\" margin-bottom:0px;text-align: left;\" class=\"mk-text-block  \">\n<table id=\"tablepress-15\" class=\"tablepress tablepress-id-15\">\n<thead>\n<tr class=\"row-1\">\n\t<th class=\"column-1\">Selec\u00e7\u00e3o<\/th><th class=\"column-2\">Nome do Artigo<\/th><th class=\"column-3\">Nm<\/th><th class=\"column-4\">Tecnologia<\/th><th class=\"column-5\">Composi\u00e7\u00e3o<\/th><th class=\"column-6\">Observa\u00e7\u00f5es<\/th>\n<\/tr>\n<\/thead>\n<tbody class=\"row-striping row-hover\">\n<tr class=\"row-2\">\n\t<td class=\"column-1\"><input type='checkbox' value='KPV 2\/90 ' onclick='tratarsubjectpedido();' \/><\/td><td class=\"column-2\">KPV 2\/90<\/td><td class=\"column-3\">2\/90<\/td><td class=\"column-4\">Compact Sirospun<\/td><td class=\"column-5\">65%PES,35%CV<\/td><td class=\"column-6\"><\/td>\n<\/tr>\n<tr class=\"row-3\">\n\t<td class=\"column-1\"><input type='checkbox' value='Giop 2\/40 ' onclick='tratarsubjectpedido();' \/><\/td><td class=\"column-2\">Giop 2\/40<\/td><td class=\"column-3\">2\/40<\/td><td class=\"column-4\">Conventional<\/td><td class=\"column-5\">55%PES,45%WO<\/td><td class=\"column-6\"><\/td>\n<\/tr>\n<tr class=\"row-4\">\n\t<td class=\"column-1\"><input type='checkbox' value='AD 2\/65 ' onclick='tratarsubjectpedido();' \/><\/td><td class=\"column-2\">AD 2\/65<\/td><td class=\"column-3\">2\/65<\/td><td class=\"column-4\">Conventional<\/td><td class=\"column-5\">55%PES,45%WO<\/td><td class=\"column-6\"><\/td>\n<\/tr>\n<tr class=\"row-5\">\n\t<td class=\"column-1\"><input type='checkbox' value='AD 2\/70' onclick='tratarsubjectpedido();' \/><\/td><td class=\"column-2\">AD 2\/70<\/td><td class=\"column-3\">2\/72<\/td><td class=\"column-4\">Conventional<\/td><td class=\"column-5\">55%PES,45%WO<\/td><td class=\"column-6\"><\/td>\n<\/tr>\n<tr class=\"row-6\">\n\t<td class=\"column-1\"><input type='checkbox' value='AD Gend ' onclick='tratarsubjectpedido();' \/><\/td><td class=\"column-2\">AD Gend<\/td><td class=\"column-3\">2\/90<\/td><td class=\"column-4\">Conventional<\/td><td class=\"column-5\">55%PES,45%WO<\/td><td class=\"column-6\"><\/td>\n<\/tr>\n<tr class=\"row-7\">\n\t<td class=\"column-1\"><input type='checkbox' value=' 2\/48 WP' onclick='tratarsubjectpedido();' \/><\/td><td class=\"column-2\">2\/48 WP<\/td><td class=\"column-3\">2\/48,5<\/td><td class=\"column-4\">Conventional<\/td><td class=\"column-5\">60%WO,40%PES<\/td><td class=\"column-6\"><\/td>\n<\/tr>\n<tr class=\"row-8\">\n\t<td class=\"column-1\"><input type='checkbox' value='Finest' onclick='tratarsubjectpedido();' \/><\/td><td class=\"column-2\">Finest<\/td><td class=\"column-3\">2\/90<\/td><td class=\"column-4\">Sirospun<\/td><td class=\"column-5\">55%PES,45%PES<\/td><td class=\"column-6\"><\/td>\n<\/tr>\n<tr class=\"row-9\">\n\t<td class=\"column-1\"><input type='checkbox' value='Sca' onclick='tratarsubjectpedido();' \/><\/td><td class=\"column-2\">Sca<\/td><td class=\"column-3\">2\/70<\/td><td class=\"column-4\">Sirospun<\/td><td class=\"column-5\">55%PES,45%PES<\/td><td class=\"column-6\"><\/td>\n<\/tr>\n<tr class=\"row-10\">\n\t<td class=\"column-1\"><input type='checkbox' value='AD 2\/70 PES Wool' onclick='tratarsubjectpedido();' \/><\/td><td class=\"column-2\">AD 2\/70 PES Wool<\/td><td class=\"column-3\">2\/70<\/td><td class=\"column-4\">Sirospun<\/td><td class=\"column-5\">55%PES,45%PES<\/td><td class=\"column-6\"><\/td>\n<\/tr>\n<tr class=\"row-11\">\n\t<td class=\"column-1\"><input type='checkbox' value='AD Toile 2\/80' onclick='tratarsubjectpedido();' \/><\/td><td class=\"column-2\">AD Toile 2\/80<\/td><td class=\"column-3\">2\/80<\/td><td class=\"column-4\">Sirospun<\/td><td class=\"column-5\">55%PES,45%PES<\/td><td class=\"column-6\"><\/td>\n<\/tr>\n<tr class=\"row-12\">\n\t<td class=\"column-1\"><input type='checkbox' value='2\/90 PES VISC WL' onclick='tratarsubjectpedido();' \/><\/td><td class=\"column-2\">2\/90 PES VISC WL<\/td><td class=\"column-3\">2\/90<\/td><td class=\"column-4\">Sirospun<\/td><td class=\"column-5\">65%PES,30%CV,5%WO<\/td><td class=\"column-6\"><\/td>\n<\/tr>\n<tr class=\"row-13\">\n\t<td class=\"column-1\"><input type='checkbox' value='PV 2\/75 ' onclick='tratarsubjectpedido();' \/><\/td><td class=\"column-2\">PV 2\/75<\/td><td class=\"column-3\">2\/75<\/td><td class=\"column-4\">Sirospun<\/td><td class=\"column-5\">65%PES,35%CV<\/td><td class=\"column-6\"><\/td>\n<\/tr>\n<\/tbody>\n<\/table>\n<!-- #tablepress-15 from cache -->\n<div class=\"clearboth\"><\/div><\/div> <div class=\"mk-button-align left\"><a href=\"\" target=\"_self\"  class=\"mk-button dark button-69d0060c4e0f1 light-color  three-dimension medium pointed   pedirinformacoes pedirinformacoesen\"><span>\nInformation request\n<\/span><\/a><\/div>\n\n<div id=\"ajax-69d0060c4e0f1\" class=\"mk-dynamic-styles\"> .button-69d0060c4e0f1 { margin-bottom: 40px; margin-top: 10px; min-width: 0px !important; } .button-69d0060c4e0f1 { background-color:#f97352; } .button-69d0060c4e0f1:hover { background-color:#e86b4c; } .button-69d0060c4e0f1.three-dimension { box-shadow: 0px 3px 0px 0px #c75c42; } .button-69d0060c4e0f1.three-dimension:active { box-shadow: 0px 1px 0px 0px #c75c42; } <\/div>\n\t<\/div><\/div>\n","protected":false},"excerpt":{"rendered":"{:pt} Produtos \/ Corporate \/ Elegant Selec\u00e7\u00e3oNome do ArtigoNmTecnologiaComposi\u00e7\u00e3oObserva\u00e7\u00f5es KPV 2\/902\/90Compact Sirospun65%PES,35%CV Giop 2\/402\/40Conventional55%PES,45%WO AD 2\/652\/65Conventional55%PES,45%WO AD 2\/702\/72Conventional55%PES,45%WO AD Gend2\/90Conventional55%PES,45%WO 2\/48 WP2\/48,5Conventional60%WO,40%PES Finest2\/90Sirospun55%PES,45%PES Sca2\/70Sirospun55%PES,45%PES AD 2\/70 PES Wool2\/70Sirospun55%PES,45%PES AD Toile 2\/802\/80Sirospun55%PES,45%PES 2\/90 PES VISC WL2\/90Sirospun65%PES,30%CV,5%WO PV 2\/752\/75Sirospun65%PES,35%CV Pedir informa\u00e7\u00f5es .button-69d0060c512bd { margin-bottom: 40px; margin-top: 10px; min-width: 0px !important; } .button-69d0060c512bd { background-color:#f97352; } .button-69d0060c512bd:hover { [...]","protected":false},"author":1,"featured_media":0,"parent":7072,"menu_order":1,"comment_status":"closed","ping_status":"closed","template":"","meta":{"_exactmetrics_skip_tracking":false,"_exactmetrics_sitenote_active":false,"_exactmetrics_sitenote_note":"","_exactmetrics_sitenote_category":0,"footnotes":""},"class_list":["post-7136","page","type-page","status-publish","hentry"],"translation":{"provider":"WPGlobus","version":"3.0.2","language":"en","enabled_languages":["pt","en","fr","it"],"languages":{"pt":{"title":true,"content":true,"excerpt":false},"en":{"title":true,"content":true,"excerpt":false},"fr":{"title":true,"content":true,"excerpt":false},"it":{"title":true,"content":true,"excerpt":false}}},"aioseo_notices":[],"yoast_head":"<!-- This site is optimized with the Yoast SEO plugin v27.3 - https:\/\/yoast.com\/product\/yoast-seo-wordpress\/ -->\n<title>Elegant - FDG - Fia\u00e7\u00e3o da Gra\u00e7a<\/title>\n<meta name=\"robots\" content=\"index, follow, max-snippet:-1, max-image-preview:large, max-video-preview:-1\" \/>\n<link rel=\"canonical\" href=\"https:\/\/fdg.pt\/produtos\/corporate\/elegant\/\" \/>\n<meta property=\"og:locale\" content=\"en_US\" \/>\n<meta property=\"og:type\" content=\"article\" \/>\n<meta property=\"og:title\" content=\"Elegant - FDG - Fia\u00e7\u00e3o da Gra\u00e7a\" \/>\n<meta property=\"og:url\" content=\"https:\/\/fdg.pt\/produtos\/corporate\/elegant\/\" \/>\n<meta property=\"og:site_name\" content=\"FDG - Fia\u00e7\u00e3o da Gra\u00e7a\" \/>\n<meta property=\"article:modified_time\" content=\"2019-01-14T10:04:40+00:00\" \/>\n<meta name=\"twitter:card\" content=\"summary_large_image\" \/>\n<meta name=\"twitter:label1\" content=\"Est. reading time\" \/>\n\t<meta name=\"twitter:data1\" content=\"3 minutes\" \/>\n<script type=\"application\/ld+json\" class=\"yoast-schema-graph\">{\"@context\":\"https:\\\/\\\/schema.org\",\"@graph\":[{\"@type\":\"WebPage\",\"@id\":\"https:\\\/\\\/fdg.pt\\\/produtos\\\/corporate\\\/elegant\\\/\",\"url\":\"https:\\\/\\\/fdg.pt\\\/produtos\\\/corporate\\\/elegant\\\/\",\"name\":\"Elegant - FDG - Fia\u00e7\u00e3o da Gra\u00e7a\",\"isPartOf\":{\"@id\":\"https:\\\/\\\/fdg.pt\\\/fr\\\/#website\"},\"datePublished\":\"2017-07-17T13:52:51+00:00\",\"dateModified\":\"2019-01-14T10:04:40+00:00\",\"breadcrumb\":{\"@id\":\"https:\\\/\\\/fdg.pt\\\/produtos\\\/corporate\\\/elegant\\\/#breadcrumb\"},\"inLanguage\":\"en-US\",\"potentialAction\":[{\"@type\":\"ReadAction\",\"target\":[\"https:\\\/\\\/fdg.pt\\\/produtos\\\/corporate\\\/elegant\\\/\"]}]},{\"@type\":\"BreadcrumbList\",\"@id\":\"https:\\\/\\\/fdg.pt\\\/produtos\\\/corporate\\\/elegant\\\/#breadcrumb\",\"itemListElement\":[{\"@type\":\"ListItem\",\"position\":1,\"name\":\"In\u00edcio\",\"item\":\"https:\\\/\\\/fdg.pt\\\/\"},{\"@type\":\"ListItem\",\"position\":2,\"name\":\"Produtos\",\"item\":\"https:\\\/\\\/fdg.pt\\\/produtos\\\/\"},{\"@type\":\"ListItem\",\"position\":3,\"name\":\"Corporate\",\"item\":\"https:\\\/\\\/fdg.pt\\\/produtos\\\/corporate\\\/\"},{\"@type\":\"ListItem\",\"position\":4,\"name\":\"Elegant\"}]},{\"@type\":\"WebSite\",\"@id\":\"https:\\\/\\\/fdg.pt\\\/fr\\\/#website\",\"url\":\"https:\\\/\\\/fdg.pt\\\/fr\\\/\",\"name\":\"FDG - Fia\u00e7\u00e3o da Gra\u00e7a\",\"description\":\"Innovative worsted yarns, from pure merino wool and evolved mixtures. From classic to the most avantaged spinning technologies.\",\"potentialAction\":[{\"@type\":\"SearchAction\",\"target\":{\"@type\":\"EntryPoint\",\"urlTemplate\":\"https:\\\/\\\/fdg.pt\\\/fr\\\/?s={search_term_string}\"},\"query-input\":{\"@type\":\"PropertyValueSpecification\",\"valueRequired\":true,\"valueName\":\"search_term_string\"}}],\"inLanguage\":\"en-US\"}]}<\/script>\n<!-- \/ Yoast SEO plugin. -->","yoast_head_json":{"title":"Elegant - FDG - Fia\u00e7\u00e3o da Gra\u00e7a","robots":{"index":"index","follow":"follow","max-snippet":"max-snippet:-1","max-image-preview":"max-image-preview:large","max-video-preview":"max-video-preview:-1"},"canonical":"https:\/\/fdg.pt\/produtos\/corporate\/elegant\/","og_locale":"en_US","og_type":"article","og_title":"Elegant - FDG - Fia\u00e7\u00e3o da Gra\u00e7a","og_url":"https:\/\/fdg.pt\/produtos\/corporate\/elegant\/","og_site_name":"FDG - Fia\u00e7\u00e3o da Gra\u00e7a","article_modified_time":"2019-01-14T10:04:40+00:00","twitter_card":"summary_large_image","twitter_misc":{"Est. reading time":"3 minutes"},"schema":{"@context":"https:\/\/schema.org","@graph":[{"@type":"WebPage","@id":"https:\/\/fdg.pt\/produtos\/corporate\/elegant\/","url":"https:\/\/fdg.pt\/produtos\/corporate\/elegant\/","name":"Elegant - FDG - Fia\u00e7\u00e3o da Gra\u00e7a","isPartOf":{"@id":"https:\/\/fdg.pt\/fr\/#website"},"datePublished":"2017-07-17T13:52:51+00:00","dateModified":"2019-01-14T10:04:40+00:00","breadcrumb":{"@id":"https:\/\/fdg.pt\/produtos\/corporate\/elegant\/#breadcrumb"},"inLanguage":"en-US","potentialAction":[{"@type":"ReadAction","target":["https:\/\/fdg.pt\/produtos\/corporate\/elegant\/"]}]},{"@type":"BreadcrumbList","@id":"https:\/\/fdg.pt\/produtos\/corporate\/elegant\/#breadcrumb","itemListElement":[{"@type":"ListItem","position":1,"name":"In\u00edcio","item":"https:\/\/fdg.pt\/"},{"@type":"ListItem","position":2,"name":"Produtos","item":"https:\/\/fdg.pt\/produtos\/"},{"@type":"ListItem","position":3,"name":"Corporate","item":"https:\/\/fdg.pt\/produtos\/corporate\/"},{"@type":"ListItem","position":4,"name":"Elegant"}]},{"@type":"WebSite","@id":"https:\/\/fdg.pt\/fr\/#website","url":"https:\/\/fdg.pt\/fr\/","name":"FDG - Fia\u00e7\u00e3o da Gra\u00e7a","description":"Innovative worsted yarns, from pure merino wool and evolved mixtures. From classic to the most avantaged spinning technologies.","potentialAction":[{"@type":"SearchAction","target":{"@type":"EntryPoint","urlTemplate":"https:\/\/fdg.pt\/fr\/?s={search_term_string}"},"query-input":{"@type":"PropertyValueSpecification","valueRequired":true,"valueName":"search_term_string"}}],"inLanguage":"en-US"}]}},"_links":{"self":[{"href":"https:\/\/fdg.pt\/en\/wp-json\/wp\/v2\/pages\/7136","targetHints":{"allow":["GET"]}}],"collection":[{"href":"https:\/\/fdg.pt\/en\/wp-json\/wp\/v2\/pages"}],"about":[{"href":"https:\/\/fdg.pt\/en\/wp-json\/wp\/v2\/types\/page"}],"author":[{"embeddable":true,"href":"https:\/\/fdg.pt\/en\/wp-json\/wp\/v2\/users\/1"}],"replies":[{"embeddable":true,"href":"https:\/\/fdg.pt\/en\/wp-json\/wp\/v2\/comments?post=7136"}],"version-history":[{"count":18,"href":"https:\/\/fdg.pt\/en\/wp-json\/wp\/v2\/pages\/7136\/revisions"}],"predecessor-version":[{"id":10565,"href":"https:\/\/fdg.pt\/en\/wp-json\/wp\/v2\/pages\/7136\/revisions\/10565"}],"up":[{"embeddable":true,"href":"https:\/\/fdg.pt\/en\/wp-json\/wp\/v2\/pages\/7072"}],"wp:attachment":[{"href":"https:\/\/fdg.pt\/en\/wp-json\/wp\/v2\/media?parent=7136"}],"curies":[{"name":"wp","href":"https:\/\/api.w.org\/{rel}","templated":true}]}}