{"id":7127,"date":"2017-07-17T13:50:56","date_gmt":"2017-07-17T13:50:56","guid":{"rendered":"http:\/\/www.fdg.pt\/?page_id=7127"},"modified":"2019-01-14T10:03:35","modified_gmt":"2019-01-14T10:03:35","slug":"active","status":"publish","type":"page","link":"https:\/\/fdg.pt\/en\/produtos\/kniting\/active\/","title":{"rendered":"Active"},"content":{"rendered":"<div class=\"wpb_row vc_row  vc_row-fluid  mk-fullwidth-false  attched-false vc_row-fluid\">\n\t<div style=\"\" class=\"vc_col-sm-12 wpb_column column_container \">\n\t\t\t<h3 style=\"font-size: 18px;text-align:left;color: #393836;font-weight:inherit;letter-spacing:0px;margin-top:0px;margin-bottom:18px;\" id=\"fancy-title-69d0051373def\" class=\"mk-shortcode mk-title-box  \"><span style=\"line-height:34px\">\n<p><a href=\"https:\/\/fdg.pt\/en\/produtos\">Products<\/a> \/ <a href=\"https:\/\/fdg.pt\/en\/produtos\/kniting\">Kniting<\/a> \/ Active<\/p>\n<\/span><\/h3><div class=\"clearboth\"><\/div>\n\t<\/div><\/div><div class=\"wpb_row vc_row  vc_row-fluid  mk-fullwidth-false  attched-false vc_row-fluid\">\n\t<div style=\"\" class=\"vc_col-sm-12 wpb_column column_container \">\n\t\t\t<div class=\"clearboth\"><\/div><div class=\"mk-shortcode mk-padding-shortcode\" style=\"height:20px\"><\/div><div class=\"clearboth\"><\/div>\n\t<\/div><\/div><div class=\"wpb_row vc_row  vc_row-fluid  mk-fullwidth-false  attched-false vc_row-fluid\">\n\t<div style=\"\" class=\"vc_col-sm-12 wpb_column column_container \">\n\t\t\t\t<div style=\" margin-bottom:0px;text-align: left;\" class=\"mk-text-block  \">\n<table id=\"tablepress-6\" class=\"tablepress tablepress-id-6\">\n<thead>\n<tr class=\"row-1\">\n\t<th class=\"column-1\">Selec\u00e7\u00e3o<\/th><th class=\"column-2\">Nome do Artigo<\/th><th class=\"column-3\">Nm<\/th><th class=\"column-4\">Tecnologia<\/th><th class=\"column-5\">Composi\u00e7\u00e3o<\/th><th class=\"column-6\">Observa\u00e7\u00f5es<\/th>\n<\/tr>\n<\/thead>\n<tbody class=\"row-striping row-hover\">\n<tr class=\"row-2\">\n\t<td class=\"column-1\"><input type='checkbox' value='MT Clif 39'  onclick='tratarsubjectpedido();' \/><\/td><td class=\"column-2\">MT Clif 39<\/td><td class=\"column-3\">1\/39<\/td><td class=\"column-4\">Single<\/td><td class=\"column-5\">100%CLY<\/td><td class=\"column-6\"><\/td>\n<\/tr>\n<tr class=\"row-3\">\n\t<td class=\"column-1\"><input type='checkbox' value='MT Clif 50'  onclick='tratarsubjectpedido();' \/><\/td><td class=\"column-2\">MT Clif 50<\/td><td class=\"column-3\">1\/50<\/td><td class=\"column-4\">Single<\/td><td class=\"column-5\">100%CLY<\/td><td class=\"column-6\"><\/td>\n<\/tr>\n<tr class=\"row-4\">\n\t<td class=\"column-1\"><input type='checkbox' value='MT Bose 40'  onclick='tratarsubjectpedido();' \/><\/td><td class=\"column-2\">MT Bose 40<\/td><td class=\"column-3\">1\/40<\/td><td class=\"column-4\">Single<\/td><td class=\"column-5\">50%CLY,50%PES<\/td><td class=\"column-6\"><\/td>\n<\/tr>\n<tr class=\"row-5\">\n\t<td class=\"column-1\"><input type='checkbox' value='MT Bowdie 60'  onclick='tratarsubjectpedido();' \/><\/td><td class=\"column-2\">MT Bowdie 60<\/td><td class=\"column-3\">1\/60<\/td><td class=\"column-4\">Single<\/td><td class=\"column-5\">50%WO,40%CLY,10%SE<\/td><td class=\"column-6\"><\/td>\n<\/tr>\n<tr class=\"row-6\">\n\t<td class=\"column-1\"><input type='checkbox' value='MT Adams 40'  onclick='tratarsubjectpedido();' \/><\/td><td class=\"column-2\">MT Adams 40<\/td><td class=\"column-3\">1\/40<\/td><td class=\"column-4\">Single<\/td><td class=\"column-5\">50%WO,40%CLY,10%WM<\/td><td class=\"column-6\"><\/td>\n<\/tr>\n<tr class=\"row-7\">\n\t<td class=\"column-1\"><input type='checkbox' value='MT Kong 100'  onclick='tratarsubjectpedido();' \/><\/td><td class=\"column-2\">MT Kong 100<\/td><td class=\"column-3\">1\/100<\/td><td class=\"column-4\">Compact Single<\/td><td class=\"column-5\">50%WO,50%PES<\/td><td class=\"column-6\"><\/td>\n<\/tr>\n<tr class=\"row-8\">\n\t<td class=\"column-1\"><input type='checkbox' value='MT Best 50'  onclick='tratarsubjectpedido();' \/><\/td><td class=\"column-2\">MT Best 50<\/td><td class=\"column-3\">1\/50<\/td><td class=\"column-4\">Single<\/td><td class=\"column-5\">50%WO,50%PES<\/td><td class=\"column-6\"><\/td>\n<\/tr>\n<tr class=\"row-9\">\n\t<td class=\"column-1\"><input type='checkbox' value='MT Kest Ecco 55'  onclick='tratarsubjectpedido();' \/><\/td><td class=\"column-2\">MT Kest Ecco 55<\/td><td class=\"column-3\">1\/55<\/td><td class=\"column-4\">Compact Single<\/td><td class=\"column-5\">50%WO,50%PES<\/td><td class=\"column-6\"><\/td>\n<\/tr>\n<tr class=\"row-10\">\n\t<td class=\"column-1\"><input type='checkbox' value='MT Best 60'  onclick='tratarsubjectpedido();' \/><\/td><td class=\"column-2\">MT Best 60<\/td><td class=\"column-3\">1\/60<\/td><td class=\"column-4\">Single<\/td><td class=\"column-5\">50%WO,50%PES<\/td><td class=\"column-6\"><\/td>\n<\/tr>\n<tr class=\"row-11\">\n\t<td class=\"column-1\"><input type='checkbox' value='MT Best 68'  onclick='tratarsubjectpedido();' \/><\/td><td class=\"column-2\">MT Best 68<\/td><td class=\"column-3\">1\/68<\/td><td class=\"column-4\">Single<\/td><td class=\"column-5\">50%WO,50%PES<\/td><td class=\"column-6\"><\/td>\n<\/tr>\n<tr class=\"row-12\">\n\t<td class=\"column-1\"><input type='checkbox' value='MT Mika 56'  onclick='tratarsubjectpedido();' \/><\/td><td class=\"column-2\">MT Mika 56<\/td><td class=\"column-3\">1\/56<\/td><td class=\"column-4\">Single<\/td><td class=\"column-5\">55%WO,45%CV<\/td><td class=\"column-6\"><\/td>\n<\/tr>\n<tr class=\"row-13\">\n\t<td class=\"column-1\"><input type='checkbox' value='MT K Shone 40'  onclick='tratarsubjectpedido();' \/><\/td><td class=\"column-2\">MT K Shone 40<\/td><td class=\"column-3\">1\/40<\/td><td class=\"column-4\">Compact Single<\/td><td class=\"column-5\">60%CLY,30%WO,10%PA<\/td><td class=\"column-6\"><\/td>\n<\/tr>\n<tr class=\"row-14\">\n\t<td class=\"column-1\"><input type='checkbox' value='MT K U2 85'  onclick='tratarsubjectpedido();' \/><\/td><td class=\"column-2\">MT K U2 85<\/td><td class=\"column-3\">1\/85<\/td><td class=\"column-4\">Compact Single<\/td><td class=\"column-5\">60%PES,40%WO<\/td><td class=\"column-6\"><\/td>\n<\/tr>\n<tr class=\"row-15\">\n\t<td class=\"column-1\"><input type='checkbox' value='MT Bono 55'  onclick='tratarsubjectpedido();' \/><\/td><td class=\"column-2\">MT Bono 55<\/td><td class=\"column-3\">1\/55<\/td><td class=\"column-4\">Single<\/td><td class=\"column-5\">60%WO,40%PES<\/td><td class=\"column-6\"><\/td>\n<\/tr>\n<tr class=\"row-16\">\n\t<td class=\"column-1\"><input type='checkbox' value='MT Kelvin 60'  onclick='tratarsubjectpedido();' \/><\/td><td class=\"column-2\">MT Kelvin 60<\/td><td class=\"column-3\">1\/60<\/td><td class=\"column-4\">Compact Single<\/td><td class=\"column-5\">65%PES,35%WO<\/td><td class=\"column-6\"><\/td>\n<\/tr>\n<tr class=\"row-17\">\n\t<td class=\"column-1\"><input type='checkbox' value='MT Queen 48'  onclick='tratarsubjectpedido();' \/><\/td><td class=\"column-2\">MT Queen 48<\/td><td class=\"column-3\">1\/48<\/td><td class=\"column-4\">Single<\/td><td class=\"column-5\">65%WO,35%SE<\/td><td class=\"column-6\"><\/td>\n<\/tr>\n<tr class=\"row-18\">\n\t<td class=\"column-1\"><input type='checkbox' value='MT Fine 50'  onclick='tratarsubjectpedido();' \/><\/td><td class=\"column-2\">MT Fine 50<\/td><td class=\"column-3\">1\/50<\/td><td class=\"column-4\">Single<\/td><td class=\"column-5\">70%PES,30%WO<\/td><td class=\"column-6\"><\/td>\n<\/tr>\n<tr class=\"row-19\">\n\t<td class=\"column-1\"><input type='checkbox' value='MT Eagle 44'  onclick='tratarsubjectpedido();' \/><\/td><td class=\"column-2\">MT Eagle 44<\/td><td class=\"column-3\">1\/44<\/td><td class=\"column-4\">Single<\/td><td class=\"column-5\">70%PP,30%WO<\/td><td class=\"column-6\"><\/td>\n<\/tr>\n<tr class=\"row-20\">\n\t<td class=\"column-1\"><input type='checkbox' value='MT Live 90'  onclick='tratarsubjectpedido();' \/><\/td><td class=\"column-2\">MT Live 90<\/td><td class=\"column-3\">1\/90<\/td><td class=\"column-4\">Single<\/td><td class=\"column-5\">70%WO,30%CV<\/td><td class=\"column-6\"><\/td>\n<\/tr>\n<tr class=\"row-21\">\n\t<td class=\"column-1\"><input type='checkbox' value='MT Sweet 70'  onclick='tratarsubjectpedido();' \/><\/td><td class=\"column-2\">MT Sweet 70<\/td><td class=\"column-3\">1\/70<\/td><td class=\"column-4\">Single<\/td><td class=\"column-5\">70%WO,30%PES<\/td><td class=\"column-6\"><\/td>\n<\/tr>\n<tr class=\"row-22\">\n\t<td class=\"column-1\"><input type='checkbox' value='MT Dep Mode'  onclick='tratarsubjectpedido();' \/><\/td><td class=\"column-2\">MT Dep Mode<\/td><td class=\"column-3\">1\/50<\/td><td class=\"column-4\">Single<\/td><td class=\"column-5\">70%WO,30%PP<\/td><td class=\"column-6\"><\/td>\n<\/tr>\n<tr class=\"row-23\">\n\t<td class=\"column-1\"><input type='checkbox' value='MT Floyd 50'  onclick='tratarsubjectpedido();' \/><\/td><td class=\"column-2\">MT Floyd 50<\/td><td class=\"column-3\">1\/50<\/td><td class=\"column-4\">Single<\/td><td class=\"column-5\">75%PES,25%WO<\/td><td class=\"column-6\"><\/td>\n<\/tr>\n<tr class=\"row-24\">\n\t<td class=\"column-1\"><input type='checkbox' value='MT Country 50'  onclick='tratarsubjectpedido();' \/><\/td><td class=\"column-2\">MT Country 50<\/td><td class=\"column-3\">1\/50<\/td><td class=\"column-4\">Single<\/td><td class=\"column-5\">75%WO,25%PES<\/td><td class=\"column-6\"><\/td>\n<\/tr>\n<tr class=\"row-25\">\n\t<td class=\"column-1\"><input type='checkbox' value='MT Kolmeia 60'  onclick='tratarsubjectpedido();' \/><\/td><td class=\"column-2\">MT Kolmeia 60<\/td><td class=\"column-3\">1\/60<\/td><td class=\"column-4\">Compact Single<\/td><td class=\"column-5\">75%WO,25%PES<\/td><td class=\"column-6\"><\/td>\n<\/tr>\n<tr class=\"row-26\">\n\t<td class=\"column-1\"><input type='checkbox' value='MT Trova 50'  onclick='tratarsubjectpedido();' \/><\/td><td class=\"column-2\">MT Trova 50<\/td><td class=\"column-3\">1\/50<\/td><td class=\"column-4\">Single<\/td><td class=\"column-5\">80%CLY,20%WO<\/td><td class=\"column-6\"><\/td>\n<\/tr>\n<tr class=\"row-27\">\n\t<td class=\"column-1\"><input type='checkbox' value='MT Flamingo Voxus'  onclick='tratarsubjectpedido();' \/><\/td><td class=\"column-2\">MT Flamingo Voxus<\/td><td class=\"column-3\">1\/42<\/td><td class=\"column-4\">FLAMM\u00ca<\/td><td class=\"column-5\">80%PES,20%WO<\/td><td class=\"column-6\"><\/td>\n<\/tr>\n<tr class=\"row-28\">\n\t<td class=\"column-1\"><input type='checkbox' value='MT Vox 50'  onclick='tratarsubjectpedido();' \/><\/td><td class=\"column-2\">MT Vox 50<\/td><td class=\"column-3\">1\/50<\/td><td class=\"column-4\">Single<\/td><td class=\"column-5\">80%PES,20%WO<\/td><td class=\"column-6\"><\/td>\n<\/tr>\n<tr class=\"row-29\">\n\t<td class=\"column-1\"><input type='checkbox' value='MT Lux Z 140s 65'  onclick='tratarsubjectpedido();' \/><\/td><td class=\"column-2\">MT Lux Z 140s 65<\/td><td class=\"column-3\">1\/65<\/td><td class=\"column-4\">Single<\/td><td class=\"column-5\">80%WO,10%WS,10%SE<\/td><td class=\"column-6\"><\/td>\n<\/tr>\n<tr class=\"row-30\">\n\t<td class=\"column-1\"><input type='checkbox' value='MT K Silvine 44'  onclick='tratarsubjectpedido();' \/><\/td><td class=\"column-2\">MT K Silvine 44<\/td><td class=\"column-3\">1\/44<\/td><td class=\"column-4\">Compact Single<\/td><td class=\"column-5\">80%WO,20%PA<\/td><td class=\"column-6\"><\/td>\n<\/tr>\n<tr class=\"row-31\">\n\t<td class=\"column-1\"><input type='checkbox' value='MT K Silvane 85'  onclick='tratarsubjectpedido();' \/><\/td><td class=\"column-2\">MT K Silvane 85<\/td><td class=\"column-3\">1\/85<\/td><td class=\"column-4\">Compact Single<\/td><td class=\"column-5\">80%WO,20%PA<\/td><td class=\"column-6\"><\/td>\n<\/tr>\n<\/tbody>\n<\/table>\n<!-- #tablepress-6 from cache -->\n<div class=\"clearboth\"><\/div><\/div> <div class=\"mk-button-align left\"><a href=\"\" target=\"_self\"  class=\"mk-button dark button-69d005137479a light-color  three-dimension medium pointed   pedirinformacoes pedirinformacoesen\"><span>\nInformation request\n<\/span><\/a><\/div>\n\n<div id=\"ajax-69d005137479a\" class=\"mk-dynamic-styles\"> .button-69d005137479a { margin-bottom: 40px; margin-top: 10px; min-width: 0px !important; } .button-69d005137479a { background-color:#f97352; } .button-69d005137479a:hover { background-color:#e86b4c; } .button-69d005137479a.three-dimension { box-shadow: 0px 3px 0px 0px #c75c42; } .button-69d005137479a.three-dimension:active { box-shadow: 0px 1px 0px 0px #c75c42; } <\/div>\n\t<\/div><\/div>\n","protected":false},"excerpt":{"rendered":"{:pt} Produtos \/ Kniting \/ Active Selec\u00e7\u00e3oNome do ArtigoNmTecnologiaComposi\u00e7\u00e3oObserva\u00e7\u00f5es MT Clif 391\/39Single100%CLY MT Clif 501\/50Single100%CLY MT Bose 401\/40Single50%CLY,50%PES MT Bowdie 601\/60Single50%WO,40%CLY,10%SE MT Adams 401\/40Single50%WO,40%CLY,10%WM MT Kong 1001\/100Compact Single50%WO,50%PES MT Best 501\/50Single50%WO,50%PES MT Kest Ecco 551\/55Compact Single50%WO,50%PES MT Best 601\/60Single50%WO,50%PES MT Best 681\/68Single50%WO,50%PES MT Mika 561\/56Single55%WO,45%CV MT K Shone 401\/40Compact Single60%CLY,30%WO,10%PA MT K U2 851\/85Compact Single60%PES,40%WO [...]","protected":false},"author":1,"featured_media":0,"parent":7069,"menu_order":2,"comment_status":"closed","ping_status":"closed","template":"","meta":{"_exactmetrics_skip_tracking":false,"_exactmetrics_sitenote_active":false,"_exactmetrics_sitenote_note":"","_exactmetrics_sitenote_category":0,"footnotes":""},"class_list":["post-7127","page","type-page","status-publish","hentry"],"translation":{"provider":"WPGlobus","version":"3.0.2","language":"en","enabled_languages":["pt","en","fr","it"],"languages":{"pt":{"title":true,"content":true,"excerpt":false},"en":{"title":true,"content":true,"excerpt":false},"fr":{"title":true,"content":true,"excerpt":false},"it":{"title":true,"content":true,"excerpt":false}}},"aioseo_notices":[],"yoast_head":"<!-- This site is optimized with the Yoast SEO plugin v27.3 - https:\/\/yoast.com\/product\/yoast-seo-wordpress\/ -->\n<title>Active - FDG - Fia\u00e7\u00e3o da Gra\u00e7a<\/title>\n<meta name=\"robots\" content=\"index, follow, max-snippet:-1, max-image-preview:large, max-video-preview:-1\" \/>\n<link rel=\"canonical\" href=\"https:\/\/fdg.pt\/produtos\/kniting\/active\/\" \/>\n<meta property=\"og:locale\" content=\"en_US\" \/>\n<meta property=\"og:type\" content=\"article\" \/>\n<meta property=\"og:title\" content=\"Active - FDG - Fia\u00e7\u00e3o da Gra\u00e7a\" \/>\n<meta property=\"og:url\" content=\"https:\/\/fdg.pt\/produtos\/kniting\/active\/\" \/>\n<meta property=\"og:site_name\" content=\"FDG - Fia\u00e7\u00e3o da Gra\u00e7a\" \/>\n<meta property=\"article:modified_time\" content=\"2019-01-14T10:03:35+00:00\" \/>\n<meta name=\"twitter:card\" content=\"summary_large_image\" \/>\n<meta name=\"twitter:label1\" content=\"Est. reading time\" \/>\n\t<meta name=\"twitter:data1\" content=\"3 minutes\" \/>\n<script type=\"application\/ld+json\" class=\"yoast-schema-graph\">{\"@context\":\"https:\\\/\\\/schema.org\",\"@graph\":[{\"@type\":\"WebPage\",\"@id\":\"https:\\\/\\\/fdg.pt\\\/produtos\\\/kniting\\\/active\\\/\",\"url\":\"https:\\\/\\\/fdg.pt\\\/produtos\\\/kniting\\\/active\\\/\",\"name\":\"Active - FDG - Fia\u00e7\u00e3o da Gra\u00e7a\",\"isPartOf\":{\"@id\":\"https:\\\/\\\/fdg.pt\\\/fr\\\/#website\"},\"datePublished\":\"2017-07-17T13:50:56+00:00\",\"dateModified\":\"2019-01-14T10:03:35+00:00\",\"breadcrumb\":{\"@id\":\"https:\\\/\\\/fdg.pt\\\/produtos\\\/kniting\\\/active\\\/#breadcrumb\"},\"inLanguage\":\"en-US\",\"potentialAction\":[{\"@type\":\"ReadAction\",\"target\":[\"https:\\\/\\\/fdg.pt\\\/produtos\\\/kniting\\\/active\\\/\"]}]},{\"@type\":\"BreadcrumbList\",\"@id\":\"https:\\\/\\\/fdg.pt\\\/produtos\\\/kniting\\\/active\\\/#breadcrumb\",\"itemListElement\":[{\"@type\":\"ListItem\",\"position\":1,\"name\":\"In\u00edcio\",\"item\":\"https:\\\/\\\/fdg.pt\\\/\"},{\"@type\":\"ListItem\",\"position\":2,\"name\":\"Produtos\",\"item\":\"https:\\\/\\\/fdg.pt\\\/produtos\\\/\"},{\"@type\":\"ListItem\",\"position\":3,\"name\":\"Kniting\",\"item\":\"https:\\\/\\\/fdg.pt\\\/produtos\\\/kniting\\\/\"},{\"@type\":\"ListItem\",\"position\":4,\"name\":\"Active\"}]},{\"@type\":\"WebSite\",\"@id\":\"https:\\\/\\\/fdg.pt\\\/fr\\\/#website\",\"url\":\"https:\\\/\\\/fdg.pt\\\/fr\\\/\",\"name\":\"FDG - Fia\u00e7\u00e3o da Gra\u00e7a\",\"description\":\"Innovative worsted yarns, from pure merino wool and evolved mixtures. From classic to the most avantaged spinning technologies.\",\"potentialAction\":[{\"@type\":\"SearchAction\",\"target\":{\"@type\":\"EntryPoint\",\"urlTemplate\":\"https:\\\/\\\/fdg.pt\\\/fr\\\/?s={search_term_string}\"},\"query-input\":{\"@type\":\"PropertyValueSpecification\",\"valueRequired\":true,\"valueName\":\"search_term_string\"}}],\"inLanguage\":\"en-US\"}]}<\/script>\n<!-- \/ Yoast SEO plugin. -->","yoast_head_json":{"title":"Active - FDG - Fia\u00e7\u00e3o da Gra\u00e7a","robots":{"index":"index","follow":"follow","max-snippet":"max-snippet:-1","max-image-preview":"max-image-preview:large","max-video-preview":"max-video-preview:-1"},"canonical":"https:\/\/fdg.pt\/produtos\/kniting\/active\/","og_locale":"en_US","og_type":"article","og_title":"Active - FDG - Fia\u00e7\u00e3o da Gra\u00e7a","og_url":"https:\/\/fdg.pt\/produtos\/kniting\/active\/","og_site_name":"FDG - Fia\u00e7\u00e3o da Gra\u00e7a","article_modified_time":"2019-01-14T10:03:35+00:00","twitter_card":"summary_large_image","twitter_misc":{"Est. reading time":"3 minutes"},"schema":{"@context":"https:\/\/schema.org","@graph":[{"@type":"WebPage","@id":"https:\/\/fdg.pt\/produtos\/kniting\/active\/","url":"https:\/\/fdg.pt\/produtos\/kniting\/active\/","name":"Active - FDG - Fia\u00e7\u00e3o da Gra\u00e7a","isPartOf":{"@id":"https:\/\/fdg.pt\/fr\/#website"},"datePublished":"2017-07-17T13:50:56+00:00","dateModified":"2019-01-14T10:03:35+00:00","breadcrumb":{"@id":"https:\/\/fdg.pt\/produtos\/kniting\/active\/#breadcrumb"},"inLanguage":"en-US","potentialAction":[{"@type":"ReadAction","target":["https:\/\/fdg.pt\/produtos\/kniting\/active\/"]}]},{"@type":"BreadcrumbList","@id":"https:\/\/fdg.pt\/produtos\/kniting\/active\/#breadcrumb","itemListElement":[{"@type":"ListItem","position":1,"name":"In\u00edcio","item":"https:\/\/fdg.pt\/"},{"@type":"ListItem","position":2,"name":"Produtos","item":"https:\/\/fdg.pt\/produtos\/"},{"@type":"ListItem","position":3,"name":"Kniting","item":"https:\/\/fdg.pt\/produtos\/kniting\/"},{"@type":"ListItem","position":4,"name":"Active"}]},{"@type":"WebSite","@id":"https:\/\/fdg.pt\/fr\/#website","url":"https:\/\/fdg.pt\/fr\/","name":"FDG - Fia\u00e7\u00e3o da Gra\u00e7a","description":"Innovative worsted yarns, from pure merino wool and evolved mixtures. From classic to the most avantaged spinning technologies.","potentialAction":[{"@type":"SearchAction","target":{"@type":"EntryPoint","urlTemplate":"https:\/\/fdg.pt\/fr\/?s={search_term_string}"},"query-input":{"@type":"PropertyValueSpecification","valueRequired":true,"valueName":"search_term_string"}}],"inLanguage":"en-US"}]}},"_links":{"self":[{"href":"https:\/\/fdg.pt\/en\/wp-json\/wp\/v2\/pages\/7127","targetHints":{"allow":["GET"]}}],"collection":[{"href":"https:\/\/fdg.pt\/en\/wp-json\/wp\/v2\/pages"}],"about":[{"href":"https:\/\/fdg.pt\/en\/wp-json\/wp\/v2\/types\/page"}],"author":[{"embeddable":true,"href":"https:\/\/fdg.pt\/en\/wp-json\/wp\/v2\/users\/1"}],"replies":[{"embeddable":true,"href":"https:\/\/fdg.pt\/en\/wp-json\/wp\/v2\/comments?post=7127"}],"version-history":[{"count":18,"href":"https:\/\/fdg.pt\/en\/wp-json\/wp\/v2\/pages\/7127\/revisions"}],"predecessor-version":[{"id":9969,"href":"https:\/\/fdg.pt\/en\/wp-json\/wp\/v2\/pages\/7127\/revisions\/9969"}],"up":[{"embeddable":true,"href":"https:\/\/fdg.pt\/en\/wp-json\/wp\/v2\/pages\/7069"}],"wp:attachment":[{"href":"https:\/\/fdg.pt\/en\/wp-json\/wp\/v2\/media?parent=7127"}],"curies":[{"name":"wp","href":"https:\/\/api.w.org\/{rel}","templated":true}]}}