{"id":7075,"date":"2017-07-17T13:20:56","date_gmt":"2017-07-17T13:20:56","guid":{"rendered":"http:\/\/www.fdg.pt\/?page_id=7075"},"modified":"2017-08-08T14:55:32","modified_gmt":"2017-08-08T14:55:32","slug":"upholstery","status":"publish","type":"page","link":"https:\/\/fdg.pt\/en\/produtos\/upholstery\/","title":{"rendered":"Upholstery"},"content":{"rendered":"<div class=\"wpb_row vc_row  vc_row-fluid  mk-fullwidth-false  attched-false vc_row-fluid\">\n\t<div style=\"\" class=\"vc_col-sm-12 wpb_column column_container vc_custom_1500563887151 \">\n\t\t\t<div id=\"mk-process-69d015d677c4d\" class=\"mk-process-steps mk-shortcode process-steps-4 \"><ul>\n<li><a href=\"https:\/\/fdg.pt\/en\/produtos\/weaving\/\"><span class=\"mk-process-icon\"><div class=\"mk-process-shadow\">&nbsp;<\/div><div class=\"mk-process-detail\"><h3>Weaving<\/h3><\/div><\/span><\/a><\/li>\n<li><a href=\"https:\/\/fdg.pt\/en\/produtos\/kniting\/\"><span class=\"mk-process-icon\"><div class=\"mk-process-shadow\">&nbsp;<\/div><div class=\"mk-process-detail\"><h3>Kniting<\/h3><\/div><\/span><\/a><\/li>\n<li><a href=\"https:\/\/fdg.pt\/en\/produtos\/corporate\/\"><span class=\"mk-process-icon\"><div class=\"mk-process-shadow\">&nbsp;<\/div><div class=\"mk-process-detail\"><h3>Corporate<\/h3><\/div><\/span><\/a><\/li>\n<li><a href=\"https:\/\/fdg.pt\/en\/produtos\/upholstery\/\"><span class=\"mk-process-icon\"><div class=\"mk-process-shadow\">&nbsp;<\/div><div class=\"mk-process-detail\"><h3>Upholstery<\/h3><\/div><\/span><\/a><\/li>\n<div class=\"clearboth\"><\/div><\/ul><\/div>\n<div id=\"ajax-69d015d677c4d\" class=\"mk-dynamic-styles\">#mk-process-69d015d677c4d ul li:hover .mk-process-icon {background-color:#f97352;}<\/div>\n\t<\/div><\/div>\n<div class=\"wpb_row vc_row escondercombolos vc_row-fluid  mk-fullwidth-false  attched-false vc_row-fluid\">\n\t<div style=\"\" class=\"vc_col-sm-12 wpb_column column_container vc_custom_1500563845542 \">\n\t\t\t<div class=\"vc_separator wpb_content_element vc_sep_width_100 vc_sep_pos_align_center vc_separator_no_text vc_sep_color_grey\">\n\t<span class=\"vc_sep_holder vc_sep_holder_l\"><span class=\"vc_sep_line\"><\/span><\/span>\n\t\t<span class=\"vc_sep_holder vc_sep_holder_r\"><span class=\"vc_sep_line\"><\/span><\/span>\n<\/div>\n\n\n\t<\/div><\/div>\n<div class=\"wpb_row vc_row  vc_row-fluid  mk-fullwidth-false  attched-false vc_row-fluid\">\n\t<div style=\"\" class=\"vc_col-sm-12 wpb_column column_container \">\n\t\t\t<h3 style=\"font-size: 18px;text-align:left;color: #393836;font-weight:inherit;letter-spacing:0px;margin-top:0px;margin-bottom:18px;\" id=\"fancy-title-69d015d678087\" class=\"mk-shortcode mk-title-box  \"><span style=\"line-height:34px\">\n<p><a href=\"https:\/\/fdg.pt\/en\/produtos\">Products<\/a> \/ Upholstery<\/p>\n<\/span><\/h3><div class=\"clearboth\"><\/div>\n\t<\/div><\/div><div class=\"wpb_row vc_row  vc_row-fluid  mk-fullwidth-false  attched-false vc_row-fluid\">\n\t<div style=\"\" class=\"vc_col-sm-12 wpb_column column_container \">\n\t\t\t<div class=\"clearboth\"><\/div><div class=\"mk-shortcode mk-padding-shortcode\" style=\"height:30px\"><\/div><div class=\"clearboth\"><\/div><div class=\"portfolio-grid \"><div class=\"loop-main-wrapper\"><section data-style=\"classic\" data-uniqid=\"1500452537-596f16b988b9d\" id=\"mk-portfolio-loop-69d015d678ddf\" class=\"mk-portfolio-container mk-theme-loop mk-portfolio-classic page-nav-style \" >\n<article id=\"6946\" class=\"mk-portfolio-item mk-portfolio-classic-item classic-1500452537-596f16b988b9d mk-isotop-item portfolio-four-column portfolio-with-sidebar portfolio-image upholstery\"><div class=\"portfolio-classic-holder\"><div class=\"featured-image\"><img decoding=\"async\" alt=\"Econic\" title=\"Econic\" src=\"https:\/\/fdg.pt\/wp-content\/uploads\/bfi_thumb\/econic-rj2082q6gcitgtas15d89gkp326kvu9rxoynpfas00.jpg\"  \/><div class=\"image-hover-overlay\"><\/div><a class=\"permalink-badge\" target=\"_self\" href=\"https:\/\/fdg.pt\/en\/produtos\/upholstery\/econic\/\"><i class=\"mk-jupiter-icon-arrow-circle\"><\/i><\/a><\/div><div class=\"portfolio-meta-wrapper\"><h3 class=\"the-title\"><a target=\"_self\" href=\"https:\/\/fdg.pt\/en\/produtos\/upholstery\/econic\/\">Econic<\/a><\/h3><div class=\"clearboth\"><\/div><p class=\"the-excerpt\"><\/p><\/div><div class=\"clearboth\"><\/div><\/div><\/article>\n\n\n<article id=\"6950\" class=\"mk-portfolio-item mk-portfolio-classic-item classic-1500452537-596f16b988b9d mk-isotop-item portfolio-four-column portfolio-with-sidebar portfolio-image upholstery\"><div class=\"portfolio-classic-holder\"><div class=\"featured-image\"><img decoding=\"async\" alt=\"Reliable\" title=\"Reliable\" src=\"https:\/\/fdg.pt\/wp-content\/uploads\/bfi_thumb\/reliable-rj2082q6gcitgtas15d89gkp326kvu9rxoynpfas00.jpg\"  \/><div class=\"image-hover-overlay\"><\/div><a class=\"permalink-badge\" target=\"_self\" href=\"https:\/\/fdg.pt\/en\/produtos\/upholstery\/reliable\/\"><i class=\"mk-jupiter-icon-arrow-circle\"><\/i><\/a><\/div><div class=\"portfolio-meta-wrapper\"><h3 class=\"the-title\"><a target=\"_self\" href=\"https:\/\/fdg.pt\/en\/produtos\/upholstery\/reliable\/\">Reliable<\/a><\/h3><div class=\"clearboth\"><\/div><p class=\"the-excerpt\"><\/p><\/div><div class=\"clearboth\"><\/div><\/div><\/article>\n\n\n<article id=\"225\" class=\"mk-portfolio-item mk-portfolio-classic-item classic-1500452537-596f16b988b9d mk-isotop-item portfolio-four-column portfolio-with-sidebar portfolio-image upholstery\"><div class=\"portfolio-classic-holder\"><div class=\"featured-image\"><img decoding=\"async\" alt=\"Soft\" title=\"Soft\" src=\"https:\/\/fdg.pt\/wp-content\/uploads\/bfi_thumb\/soft-rj2081sc9ihj57c56myloyt8hob7o561lkb685c668.jpg\"  \/><div class=\"image-hover-overlay\"><\/div><a class=\"permalink-badge\" target=\"_self\" href=\"https:\/\/fdg.pt\/en\/produtos\/upholstery\/soft\/\"><i class=\"mk-jupiter-icon-arrow-circle\"><\/i><\/a><\/div><div class=\"portfolio-meta-wrapper\"><h3 class=\"the-title\"><a target=\"_self\" href=\"https:\/\/fdg.pt\/en\/produtos\/upholstery\/soft\/\">Soft<\/a><\/h3><div class=\"clearboth\"><\/div><p class=\"the-excerpt\"><\/p><\/div><div class=\"clearboth\"><\/div><\/div><\/article>\n\n\n<\/section><div class=\"clearboth\"><\/div>\n\n<a class=\"mk-loadmore-button page-nav-style-btn\" style=\"display:none;\" href=\"#\"><i class=\"mk-moon-loop-4\"><\/i><i class=\"mk-moon-arrow-down-4\"><\/i>Load More<\/a><div class=\"mk-preloader\"><\/div><\/div><\/div><div id=\"ajax-69d015d678ddf\" class=\"mk-dynamic-styles\"> .sortable-id-69d015d678ddf.sortable-outline-style { background-color:#1a1a1a; } .sortable-id-69d015d678ddf.sortable-outline-style a { color:#cccccc; } .sortable-id-69d015d678ddf.sortable-outline-style a.current { border-color:#cccccc !important; }<\/div><div class=\"clearboth\"><\/div><div class=\"mk-shortcode mk-padding-shortcode\" style=\"height:50px\"><\/div><div class=\"clearboth\"><\/div>\n\t<\/div><\/div>\n","protected":false},"excerpt":{"rendered":"","protected":false},"author":1,"featured_media":0,"parent":6831,"menu_order":4,"comment_status":"closed","ping_status":"closed","template":"","meta":{"_exactmetrics_skip_tracking":false,"_exactmetrics_sitenote_active":false,"_exactmetrics_sitenote_note":"","_exactmetrics_sitenote_category":0,"footnotes":""},"class_list":["post-7075","page","type-page","status-publish","hentry"],"translation":{"provider":"WPGlobus","version":"3.0.2","language":"en","enabled_languages":["pt","en","fr","it"],"languages":{"pt":{"title":true,"content":true,"excerpt":false},"en":{"title":true,"content":true,"excerpt":false},"fr":{"title":true,"content":true,"excerpt":false},"it":{"title":false,"content":false,"excerpt":false}}},"aioseo_notices":[],"yoast_head":"<!-- This site is optimized with the Yoast SEO plugin v27.3 - https:\/\/yoast.com\/product\/yoast-seo-wordpress\/ -->\n<title>Upholstery - FDG - Fia\u00e7\u00e3o da Gra\u00e7a<\/title>\n<meta name=\"robots\" content=\"index, follow, max-snippet:-1, max-image-preview:large, max-video-preview:-1\" \/>\n<link rel=\"canonical\" href=\"https:\/\/fdg.pt\/produtos\/upholstery\/\" \/>\n<meta property=\"og:locale\" content=\"en_US\" \/>\n<meta property=\"og:type\" content=\"article\" \/>\n<meta property=\"og:title\" content=\"Upholstery - FDG - Fia\u00e7\u00e3o da Gra\u00e7a\" \/>\n<meta property=\"og:url\" content=\"https:\/\/fdg.pt\/produtos\/upholstery\/\" \/>\n<meta property=\"og:site_name\" content=\"FDG - Fia\u00e7\u00e3o da Gra\u00e7a\" \/>\n<meta property=\"article:modified_time\" content=\"2017-08-08T14:55:32+00:00\" \/>\n<meta name=\"twitter:card\" content=\"summary_large_image\" \/>\n<meta name=\"twitter:label1\" content=\"Est. reading time\" \/>\n\t<meta name=\"twitter:data1\" content=\"3 minutes\" \/>\n<script type=\"application\/ld+json\" class=\"yoast-schema-graph\">{\"@context\":\"https:\\\/\\\/schema.org\",\"@graph\":[{\"@type\":\"WebPage\",\"@id\":\"https:\\\/\\\/fdg.pt\\\/produtos\\\/upholstery\\\/\",\"url\":\"https:\\\/\\\/fdg.pt\\\/produtos\\\/upholstery\\\/\",\"name\":\"Upholstery - FDG - Fia\u00e7\u00e3o da Gra\u00e7a\",\"isPartOf\":{\"@id\":\"https:\\\/\\\/fdg.pt\\\/fr\\\/#website\"},\"datePublished\":\"2017-07-17T13:20:56+00:00\",\"dateModified\":\"2017-08-08T14:55:32+00:00\",\"breadcrumb\":{\"@id\":\"https:\\\/\\\/fdg.pt\\\/produtos\\\/upholstery\\\/#breadcrumb\"},\"inLanguage\":\"en-US\",\"potentialAction\":[{\"@type\":\"ReadAction\",\"target\":[\"https:\\\/\\\/fdg.pt\\\/produtos\\\/upholstery\\\/\"]}]},{\"@type\":\"BreadcrumbList\",\"@id\":\"https:\\\/\\\/fdg.pt\\\/produtos\\\/upholstery\\\/#breadcrumb\",\"itemListElement\":[{\"@type\":\"ListItem\",\"position\":1,\"name\":\"In\u00edcio\",\"item\":\"https:\\\/\\\/fdg.pt\\\/\"},{\"@type\":\"ListItem\",\"position\":2,\"name\":\"Produtos\",\"item\":\"https:\\\/\\\/fdg.pt\\\/produtos\\\/\"},{\"@type\":\"ListItem\",\"position\":3,\"name\":\"Upholstery\"}]},{\"@type\":\"WebSite\",\"@id\":\"https:\\\/\\\/fdg.pt\\\/fr\\\/#website\",\"url\":\"https:\\\/\\\/fdg.pt\\\/fr\\\/\",\"name\":\"FDG - Fia\u00e7\u00e3o da Gra\u00e7a\",\"description\":\"Innovative worsted yarns, from pure merino wool and evolved mixtures. From classic to the most avantaged spinning technologies.\",\"potentialAction\":[{\"@type\":\"SearchAction\",\"target\":{\"@type\":\"EntryPoint\",\"urlTemplate\":\"https:\\\/\\\/fdg.pt\\\/fr\\\/?s={search_term_string}\"},\"query-input\":{\"@type\":\"PropertyValueSpecification\",\"valueRequired\":true,\"valueName\":\"search_term_string\"}}],\"inLanguage\":\"en-US\"}]}<\/script>\n<!-- \/ Yoast SEO plugin. -->","yoast_head_json":{"title":"Upholstery - FDG - Fia\u00e7\u00e3o da Gra\u00e7a","robots":{"index":"index","follow":"follow","max-snippet":"max-snippet:-1","max-image-preview":"max-image-preview:large","max-video-preview":"max-video-preview:-1"},"canonical":"https:\/\/fdg.pt\/produtos\/upholstery\/","og_locale":"en_US","og_type":"article","og_title":"Upholstery - FDG - Fia\u00e7\u00e3o da Gra\u00e7a","og_url":"https:\/\/fdg.pt\/produtos\/upholstery\/","og_site_name":"FDG - Fia\u00e7\u00e3o da Gra\u00e7a","article_modified_time":"2017-08-08T14:55:32+00:00","twitter_card":"summary_large_image","twitter_misc":{"Est. reading time":"3 minutes"},"schema":{"@context":"https:\/\/schema.org","@graph":[{"@type":"WebPage","@id":"https:\/\/fdg.pt\/produtos\/upholstery\/","url":"https:\/\/fdg.pt\/produtos\/upholstery\/","name":"Upholstery - FDG - Fia\u00e7\u00e3o da Gra\u00e7a","isPartOf":{"@id":"https:\/\/fdg.pt\/fr\/#website"},"datePublished":"2017-07-17T13:20:56+00:00","dateModified":"2017-08-08T14:55:32+00:00","breadcrumb":{"@id":"https:\/\/fdg.pt\/produtos\/upholstery\/#breadcrumb"},"inLanguage":"en-US","potentialAction":[{"@type":"ReadAction","target":["https:\/\/fdg.pt\/produtos\/upholstery\/"]}]},{"@type":"BreadcrumbList","@id":"https:\/\/fdg.pt\/produtos\/upholstery\/#breadcrumb","itemListElement":[{"@type":"ListItem","position":1,"name":"In\u00edcio","item":"https:\/\/fdg.pt\/"},{"@type":"ListItem","position":2,"name":"Produtos","item":"https:\/\/fdg.pt\/produtos\/"},{"@type":"ListItem","position":3,"name":"Upholstery"}]},{"@type":"WebSite","@id":"https:\/\/fdg.pt\/fr\/#website","url":"https:\/\/fdg.pt\/fr\/","name":"FDG - Fia\u00e7\u00e3o da Gra\u00e7a","description":"Innovative worsted yarns, from pure merino wool and evolved mixtures. From classic to the most avantaged spinning technologies.","potentialAction":[{"@type":"SearchAction","target":{"@type":"EntryPoint","urlTemplate":"https:\/\/fdg.pt\/fr\/?s={search_term_string}"},"query-input":{"@type":"PropertyValueSpecification","valueRequired":true,"valueName":"search_term_string"}}],"inLanguage":"en-US"}]}},"_links":{"self":[{"href":"https:\/\/fdg.pt\/en\/wp-json\/wp\/v2\/pages\/7075","targetHints":{"allow":["GET"]}}],"collection":[{"href":"https:\/\/fdg.pt\/en\/wp-json\/wp\/v2\/pages"}],"about":[{"href":"https:\/\/fdg.pt\/en\/wp-json\/wp\/v2\/types\/page"}],"author":[{"embeddable":true,"href":"https:\/\/fdg.pt\/en\/wp-json\/wp\/v2\/users\/1"}],"replies":[{"embeddable":true,"href":"https:\/\/fdg.pt\/en\/wp-json\/wp\/v2\/comments?post=7075"}],"version-history":[{"count":17,"href":"https:\/\/fdg.pt\/en\/wp-json\/wp\/v2\/pages\/7075\/revisions"}],"predecessor-version":[{"id":9411,"href":"https:\/\/fdg.pt\/en\/wp-json\/wp\/v2\/pages\/7075\/revisions\/9411"}],"up":[{"embeddable":true,"href":"https:\/\/fdg.pt\/en\/wp-json\/wp\/v2\/pages\/6831"}],"wp:attachment":[{"href":"https:\/\/fdg.pt\/en\/wp-json\/wp\/v2\/media?parent=7075"}],"curies":[{"name":"wp","href":"https:\/\/api.w.org\/{rel}","templated":true}]}}