{"id":4858,"date":"2014-09-01T18:08:31","date_gmt":"2014-09-01T18:08:31","guid":{"rendered":"http:\/\/artbees.net\/themes\/jupiter\/?page_id=4858"},"modified":"2024-08-26T06:45:47","modified_gmt":"2024-08-26T06:45:47","slug":"apresentacao","status":"publish","type":"page","link":"https:\/\/fdg.pt\/en\/apresentacao\/","title":{"rendered":"Presentation"},"content":{"rendered":"<div class=\"clearboth\"><\/div><\/div><\/div><\/div><div id=\"mk-page-section-69ead18384157\" data-intro-effect=\"false\" class=\"full-width-69ead18384157 mk-background-stretch  full-height-false mk-page-section self-hosted mk-blur-parent mk-shortcode  slidertop\" ><div style=\"background-color:#000000;opacity:0.4; -ms-filter:'progid:DXImageTransform.Microsoft.Alpha(Opacity=40)';\" class=\"mk-video-color-mask\"><\/div><div class=\"background-clipper\"><div id=\"background-layer--69ead18384157\" class=\"background-layer mk-background-stretch  clipper-false parallax-false\" data-speedFactor=\"0\"><\/div><\/div><div class=\"mk-grid vc_row-fluid page-section-content\"><div class=\"mk-padding-wrapper\">\n\t<div style=\"\" class=\"vc_col-sm-12 wpb_column column_container \">\n\t\t\t<span style=\"color:#fff\" class=\"mk-highlight mk-shortcode \"><\/span>\n\t<\/div><\/div><div class=\"clearboth\"><\/div><\/div><div class=\"clearboth\"><\/div><\/div><div class=\"mk-main-wrapper-holder\"><div class=\"theme-page-wrapper  -layout mk-grid vc_row-fluid row-fluid\"><div class=\"theme-content \"><div id=\"ajax-69ead18384157\" class=\"mk-dynamic-styles\"> .full-width-69ead18384157 { min-height:360px; padding:140px 0 80px; margin-bottom:0px; background-color:#ffffff; } #background-layer--69ead18384157 { background-image:url(https:\/\/fdg.pt\/wp-content\/uploads\/2014\/09\/apresentacao.jpg); background-position:center bottom; background-repeat:no-repeat; ; } .full-width-69ead18384157 .mk-fancy-title.pattern-style span, .full-width-69ead18384157 .mk-blog-view-all { background-color: #ffffff !important; }<\/div><div class=\"wpb_row vc_row  vc_row-fluid  mk-fullwidth-false  attched-false vc_row-fluid\">\n\t<div style=\"\" class=\"vc_col-sm-12 wpb_column column_container \">\n\t\t\t<div style=\"padding: 0px 0 60px;\" class=\"mk-divider mk-shortcode divider_full_width center padding_space \"><div class=\"divider-inner\" style=\"\"><\/div><\/div><div class=\"clearboth\"><\/div>\n\t<\/div><\/div><div class=\"wpb_row vc_row  vc_row-fluid  mk-fullwidth-false  attched-false vc_row-fluid\">\n\t<div style=\"\" class=\"vc_col-sm-6 vc_col-xs-12 wpb_column column_container vc_custom_1498842867631 \">\n\t\t\t\t<div style=\" margin-bottom:0px;text-align: left;\" class=\"mk-text-block  \"><p><b>FDG<\/b>, \u2026 means much more than a long staple fiber spinning mill, \u2026 means conviction, perseverance and optimism.<\/p>\n<p>Means attitude, passion and dynamism to constantly renew and to always be ahead of expectations \u2026 Come and meet us \u2026<\/p>\n<p><b>FDG<\/b>: The company name \u2013 <b>F.D.G. Fia\u00e7\u00e3o da Gra\u00e7a<\/b> comes up in 2003, but the activity started much earlier, in 1974 \u2026<\/p>\n<p>At FDG you can find the experience of years of knowledge, but also feel the pulse and energy of a new generation, looking every day for new partners, and the loyalty and full satisfaction of customers and partners since ever\u2026<\/p>\n<p>At FDG, it is possible to hear and feel in 340 working days per year the rhythm of 14,000 spindles which are powered by four separate preparation lines, and produce about 1.600 tons of yarn per year \u2026 in each gram of yarn produced, there is the work of a whole team who tirelessly sought to optimize the efficiency, innovate in processes and products, interact and evolve the quality, commitments and comply with Accuracy and Reliability!!!<\/p>\n<div class=\"clearboth\"><\/div><\/div> \n\t<\/div>\n\t<div style=\"\" class=\"vc_col-sm-6 wpb_column column_container vc_custom_1498842874311 \">\n\t\t\t\t<div style=\" margin-bottom:0px;text-align: left;\" class=\"mk-text-block  \"><p> At FDG, you can find an extensive list of articles: For Weaving or Knitting. For applications as diverse as: formal, Informal and intimate clothing. Sport, Corporate Sector, Protective Clothing, Decoration, Upholstery, Architecture, \u2026 etc.<\/p>\n<p>At FDG for our Bestseller yarns we have available some colors stock service, with fast delivery (2 to 3 weeks). For all yarns we have a wide range of colors available, namely \u2026.. your color (color reproductions up to 10 days).<\/p>\n<p>We have a wide product portfolio, \u2026 but above all, we have the flexibility to develop, with you, the one that interests you to generate: More value, differentiation and success !!!<\/p>\n<p>At FDG we are genuinely committed to our surroundings: Social, Environmental and Cultural \u2026 that\u00b4s why we are so proud to have and to be Special Friends \u2026<\/p>\n<div class=\"clearboth\"><\/div><\/div> \n\t<\/div><\/div><div class=\"wpb_row vc_row  vc_row-fluid  mk-fullwidth-false  attched-false vc_row-fluid\">\n\t<div style=\"\" class=\"vc_col-sm-12 wpb_column column_container \">\n\t\t\t\t<div style=\" margin-bottom:0px;text-align: left;\" class=\"mk-text-block  \"><p><strong><span id=\"result_box\" class=\"short_text\" lang=\"en\">FDG MISSION<\/span><\/strong><\/p>\n<p>Production and marketing of\u00a0<em><strong>thread and yarn made from long combed fibres<\/strong><\/em>. Different, competitive items with high-quality service and standards. For the areas of Weaving and Knitwear in the Fashion, Corporate, Technical, Decoration and Automotive sectors.<\/p>\n<div class=\"clearboth\"><\/div><\/div> \n\t<\/div><\/div><div class=\"wpb_row vc_row  vc_row-fluid  mk-fullwidth-false  attched-false vc_row-fluid\">\n\t<div style=\"\" class=\"vc_col-sm-12 wpb_column column_container \">\n\t\t\t\t<div style=\" margin-bottom:0px;text-align: left;\" class=\"mk-text-block  \"><p><strong><span id=\"result_box\" class=\"short_text\" lang=\"en\">FDG VISION<\/span><\/strong><\/p>\n<p>To be the most reputable long fibre spinning company and the partner chosen by the main European players in the areas of Weaving and Knitwear in the Fashion, Corporate, Technical, Decoration and Automotive sectors.<\/p>\n<div class=\"clearboth\"><\/div><\/div> \n\t<\/div><\/div><div class=\"wpb_row vc_row  vc_row-fluid  mk-fullwidth-false  attched-false vc_row-fluid\">\n\t<div style=\"\" class=\"vc_col-sm-12 wpb_column column_container \">\n\t\t\t\t<div style=\" margin-bottom:0px;text-align: left;\" class=\"mk-text-block  \"><p><strong>FDG VALUES<\/strong><\/p>\n<div class=\"clearboth\"><\/div><\/div> \n\t<\/div><\/div><div class=\"wpb_row vc_row  vc_row-fluid  mk-fullwidth-false  attched-false vc_row-fluid\">\n\t<div style=\"\" class=\"vc_col-sm-12 wpb_column column_container \">\n\t\t\t<div id=\"ajax-69ead18385505\" class=\"mk-dynamic-styles\"> #mk-imagebox-69ead18385505 .item-holder, #mk-imagebox-69ead18385505 .swiper-navigation{ margin: 0 10px; }<\/div><div id=\"mk-imagebox-69ead18385505\" class=\"mk-imagebox-shortcode column-style\"><div class=\"imagebox-five-column\"><div id=\"ajax-69ead183855ff\" class=\"mk-dynamic-styles\"> #imagebox-item-69ead183855ff .mk-imagebox-item-title{ font-size:16px;} #imagebox-item-69ead183855ff .mk-imagebox-item-text, #imagebox-item-69ead183855ff .mk-imagebox-item-text p {} #imagebox-item-69ead183855ff .mk-imagebox-item-button a {} #imagebox-item-69ead183855ff .mk-imagebox-item-button a:hover{}<\/div><div class=\"swiper-slide\"><div id=\"imagebox-item-69ead183855ff\" class=\"mk-imagebox-item\"><div class=\"item-holder\"><div class=\"mk-imagebox-item-content\" style=\"background-color:#ffffff;\"><div class=\"mk-imagebox-item-image padding-false\"><img decoding=\"async\" src=\"https:\/\/fdg.pt\/wp-content\/uploads\/2014\/09\/Flexibilidade2.jpg\" alt=\"\" \/><\/div><div class=\"mk-imagebox-item-title\"><h5 style=\"font-weight:inherit;\">Flexibility<\/h5><\/div><div class=\"mk-imagebox-item-text\"><span><p><\/p>\n<\/span><\/div><\/div><\/div><\/div><\/div><div id=\"ajax-69ead1838568a\" class=\"mk-dynamic-styles\"> #imagebox-item-69ead1838568a .mk-imagebox-item-title{ font-size:16px;} #imagebox-item-69ead1838568a .mk-imagebox-item-text, #imagebox-item-69ead1838568a .mk-imagebox-item-text p {} #imagebox-item-69ead1838568a .mk-imagebox-item-button a {} #imagebox-item-69ead1838568a .mk-imagebox-item-button a:hover{}<\/div><div class=\"swiper-slide\"><div id=\"imagebox-item-69ead1838568a\" class=\"mk-imagebox-item\"><div class=\"item-holder\"><div class=\"mk-imagebox-item-content\" style=\"background-color:#ffffff;\"><div class=\"mk-imagebox-item-image padding-false\"><img decoding=\"async\" src=\"https:\/\/fdg.pt\/wp-content\/uploads\/2014\/09\/business-time-clock-clocks-48770.jpg\" alt=\"\" \/><\/div><div class=\"mk-imagebox-item-title\"><h5 style=\"font-weight:inherit;\">Accuracy in the Deadlines<\/h5><\/div><div class=\"mk-imagebox-item-text\"><span><p><\/p>\n<\/span><\/div><\/div><\/div><\/div><\/div><div id=\"ajax-69ead1838570e\" class=\"mk-dynamic-styles\"> #imagebox-item-69ead1838570e .mk-imagebox-item-title{ font-size:16px;} #imagebox-item-69ead1838570e .mk-imagebox-item-text, #imagebox-item-69ead1838570e .mk-imagebox-item-text p {} #imagebox-item-69ead1838570e .mk-imagebox-item-button a {} #imagebox-item-69ead1838570e .mk-imagebox-item-button a:hover{}<\/div><div class=\"swiper-slide\"><div id=\"imagebox-item-69ead1838570e\" class=\"mk-imagebox-item\"><div class=\"item-holder\"><div class=\"mk-imagebox-item-content\" style=\"background-color:#ffffff;\"><div class=\"mk-imagebox-item-image padding-false\"><img decoding=\"async\" src=\"https:\/\/fdg.pt\/wp-content\/uploads\/2014\/09\/Inovacao.jpg\" alt=\"\" \/><\/div><div class=\"mk-imagebox-item-title\"><h5 style=\"font-weight:inherit;\">Innovation<\/h5><\/div><div class=\"mk-imagebox-item-text\"><span><p><\/p>\n<\/span><\/div><\/div><\/div><\/div><\/div><div id=\"ajax-69ead18385794\" class=\"mk-dynamic-styles\"> #imagebox-item-69ead18385794 .mk-imagebox-item-title{ font-size:16px;} #imagebox-item-69ead18385794 .mk-imagebox-item-text, #imagebox-item-69ead18385794 .mk-imagebox-item-text p {} #imagebox-item-69ead18385794 .mk-imagebox-item-button a {} #imagebox-item-69ead18385794 .mk-imagebox-item-button a:hover{}<\/div><div class=\"swiper-slide\"><div id=\"imagebox-item-69ead18385794\" class=\"mk-imagebox-item\"><div class=\"item-holder\"><div class=\"mk-imagebox-item-content\" style=\"background-color:#ffffff;\"><div class=\"mk-imagebox-item-image padding-false\"><img decoding=\"async\" src=\"https:\/\/fdg.pt\/wp-content\/uploads\/2014\/09\/DSC_2145.jpg\" alt=\"\" \/><\/div><div class=\"mk-imagebox-item-title\"><h5 style=\"font-weight:inherit;\">Quality<\/h5><\/div><div class=\"mk-imagebox-item-text\"><span><p><\/p>\n<\/span><\/div><\/div><\/div><\/div><\/div><div id=\"ajax-69ead18385816\" class=\"mk-dynamic-styles\"> #imagebox-item-69ead18385816 .mk-imagebox-item-title{ font-size:16px;} #imagebox-item-69ead18385816 .mk-imagebox-item-text, #imagebox-item-69ead18385816 .mk-imagebox-item-text p {} #imagebox-item-69ead18385816 .mk-imagebox-item-button a {} #imagebox-item-69ead18385816 .mk-imagebox-item-button a:hover{}<\/div><div class=\"swiper-slide\"><div id=\"imagebox-item-69ead18385816\" class=\"mk-imagebox-item\"><div class=\"item-holder\"><div class=\"mk-imagebox-item-content\" style=\"background-color:#ffffff;\"><div class=\"mk-imagebox-item-image padding-false\"><img decoding=\"async\" src=\"https:\/\/fdg.pt\/wp-content\/uploads\/2014\/09\/classic-blends.jpg\" alt=\"\" \/><\/div><div class=\"mk-imagebox-item-title\"><h5 style=\"font-weight:inherit;\">Partnership<\/h5><\/div><div class=\"mk-imagebox-item-text\"><span><p><\/p>\n<\/span><\/div><\/div><\/div><\/div><\/div>\n<\/div><div class=\"clearboth\"><\/div><\/div>\n\t<\/div><\/div>\n","protected":false},"excerpt":{"rendered":"{:pt} .full-width-69ead18385dc9 { min-height:360px; padding:140px 0 80px; margin-bottom:0px; background-color:#ffffff; } #background-layer--69ead18385dc9 { background-image:url(https:\/\/fdg.pt\/wp-content\/uploads\/2014\/09\/apresentacao.jpg); background-position:center bottom; background-repeat:no-repeat; ; } .full-width-69ead18385dc9 .mk-fancy-title.pattern-style span, .full-width-69ead18385dc9 .mk-blog-view-all { background-color: #ffffff !important; } FDG,\u2026 significa, muito mais do que uma fia\u00e7\u00e3o de penteados de fibras longas,\u2026 significa convic\u00e7\u00e3o, perseveran\u00e7a e otimismo. Significa atitude, paix\u00e3o e dinamismo de se renovar constantemente [...]","protected":false},"author":1,"featured_media":0,"parent":0,"menu_order":0,"comment_status":"open","ping_status":"open","template":"","meta":{"_exactmetrics_skip_tracking":false,"_exactmetrics_sitenote_active":false,"_exactmetrics_sitenote_note":"","_exactmetrics_sitenote_category":0,"footnotes":""},"class_list":["post-4858","page","type-page","status-publish","hentry"],"translation":{"provider":"WPGlobus","version":"3.0.2","language":"en","enabled_languages":["pt","en","fr","it"],"languages":{"pt":{"title":true,"content":true,"excerpt":false},"en":{"title":true,"content":true,"excerpt":false},"fr":{"title":true,"content":true,"excerpt":false},"it":{"title":true,"content":true,"excerpt":false}}},"aioseo_notices":[],"yoast_head":"<!-- This site is optimized with the Yoast SEO plugin v27.4 - https:\/\/yoast.com\/product\/yoast-seo-wordpress\/ -->\n<title>Presentation - FDG - Fia\u00e7\u00e3o da Gra\u00e7a<\/title>\n<meta name=\"robots\" content=\"index, follow, max-snippet:-1, max-image-preview:large, max-video-preview:-1\" \/>\n<link rel=\"canonical\" href=\"https:\/\/fdg.pt\/apresentacao\/\" \/>\n<meta property=\"og:locale\" content=\"en_US\" \/>\n<meta property=\"og:type\" content=\"article\" \/>\n<meta property=\"og:title\" content=\"Presentation - FDG - Fia\u00e7\u00e3o da Gra\u00e7a\" \/>\n<meta property=\"og:url\" content=\"https:\/\/fdg.pt\/apresentacao\/\" \/>\n<meta property=\"og:site_name\" content=\"FDG - Fia\u00e7\u00e3o da Gra\u00e7a\" \/>\n<meta property=\"article:modified_time\" content=\"2024-08-26T06:45:47+00:00\" \/>\n<meta name=\"twitter:card\" content=\"summary_large_image\" \/>\n<meta name=\"twitter:label1\" content=\"Est. reading time\" \/>\n\t<meta name=\"twitter:data1\" content=\"3 minutes\" \/>\n<script type=\"application\/ld+json\" class=\"yoast-schema-graph\">{\"@context\":\"https:\\\/\\\/schema.org\",\"@graph\":[{\"@type\":\"WebPage\",\"@id\":\"https:\\\/\\\/fdg.pt\\\/apresentacao\\\/\",\"url\":\"https:\\\/\\\/fdg.pt\\\/apresentacao\\\/\",\"name\":\"Presentation - FDG - Fia\u00e7\u00e3o da Gra\u00e7a\",\"isPartOf\":{\"@id\":\"https:\\\/\\\/fdg.pt\\\/fr\\\/#website\"},\"datePublished\":\"2014-09-01T18:08:31+00:00\",\"dateModified\":\"2024-08-26T06:45:47+00:00\",\"breadcrumb\":{\"@id\":\"https:\\\/\\\/fdg.pt\\\/apresentacao\\\/#breadcrumb\"},\"inLanguage\":\"en-US\",\"potentialAction\":[{\"@type\":\"ReadAction\",\"target\":[\"https:\\\/\\\/fdg.pt\\\/apresentacao\\\/\"]}]},{\"@type\":\"BreadcrumbList\",\"@id\":\"https:\\\/\\\/fdg.pt\\\/apresentacao\\\/#breadcrumb\",\"itemListElement\":[{\"@type\":\"ListItem\",\"position\":1,\"name\":\"In\u00edcio\",\"item\":\"https:\\\/\\\/fdg.pt\\\/\"},{\"@type\":\"ListItem\",\"position\":2,\"name\":\"Apresenta\u00e7\u00e3o\"}]},{\"@type\":\"WebSite\",\"@id\":\"https:\\\/\\\/fdg.pt\\\/fr\\\/#website\",\"url\":\"https:\\\/\\\/fdg.pt\\\/fr\\\/\",\"name\":\"FDG - Fia\u00e7\u00e3o da Gra\u00e7a\",\"description\":\"Innovative worsted yarns, from pure merino wool and evolved mixtures. From classic to the most avantaged spinning technologies.\",\"potentialAction\":[{\"@type\":\"SearchAction\",\"target\":{\"@type\":\"EntryPoint\",\"urlTemplate\":\"https:\\\/\\\/fdg.pt\\\/fr\\\/?s={search_term_string}\"},\"query-input\":{\"@type\":\"PropertyValueSpecification\",\"valueRequired\":true,\"valueName\":\"search_term_string\"}}],\"inLanguage\":\"en-US\"}]}<\/script>\n<!-- \/ Yoast SEO plugin. -->","yoast_head_json":{"title":"Presentation - FDG - Fia\u00e7\u00e3o da Gra\u00e7a","robots":{"index":"index","follow":"follow","max-snippet":"max-snippet:-1","max-image-preview":"max-image-preview:large","max-video-preview":"max-video-preview:-1"},"canonical":"https:\/\/fdg.pt\/apresentacao\/","og_locale":"en_US","og_type":"article","og_title":"Presentation - FDG - Fia\u00e7\u00e3o da Gra\u00e7a","og_url":"https:\/\/fdg.pt\/apresentacao\/","og_site_name":"FDG - Fia\u00e7\u00e3o da Gra\u00e7a","article_modified_time":"2024-08-26T06:45:47+00:00","twitter_card":"summary_large_image","twitter_misc":{"Est. reading time":"3 minutes"},"schema":{"@context":"https:\/\/schema.org","@graph":[{"@type":"WebPage","@id":"https:\/\/fdg.pt\/apresentacao\/","url":"https:\/\/fdg.pt\/apresentacao\/","name":"Presentation - FDG - Fia\u00e7\u00e3o da Gra\u00e7a","isPartOf":{"@id":"https:\/\/fdg.pt\/fr\/#website"},"datePublished":"2014-09-01T18:08:31+00:00","dateModified":"2024-08-26T06:45:47+00:00","breadcrumb":{"@id":"https:\/\/fdg.pt\/apresentacao\/#breadcrumb"},"inLanguage":"en-US","potentialAction":[{"@type":"ReadAction","target":["https:\/\/fdg.pt\/apresentacao\/"]}]},{"@type":"BreadcrumbList","@id":"https:\/\/fdg.pt\/apresentacao\/#breadcrumb","itemListElement":[{"@type":"ListItem","position":1,"name":"In\u00edcio","item":"https:\/\/fdg.pt\/"},{"@type":"ListItem","position":2,"name":"Apresenta\u00e7\u00e3o"}]},{"@type":"WebSite","@id":"https:\/\/fdg.pt\/fr\/#website","url":"https:\/\/fdg.pt\/fr\/","name":"FDG - Fia\u00e7\u00e3o da Gra\u00e7a","description":"Innovative worsted yarns, from pure merino wool and evolved mixtures. From classic to the most avantaged spinning technologies.","potentialAction":[{"@type":"SearchAction","target":{"@type":"EntryPoint","urlTemplate":"https:\/\/fdg.pt\/fr\/?s={search_term_string}"},"query-input":{"@type":"PropertyValueSpecification","valueRequired":true,"valueName":"search_term_string"}}],"inLanguage":"en-US"}]}},"_links":{"self":[{"href":"https:\/\/fdg.pt\/en\/wp-json\/wp\/v2\/pages\/4858","targetHints":{"allow":["GET"]}}],"collection":[{"href":"https:\/\/fdg.pt\/en\/wp-json\/wp\/v2\/pages"}],"about":[{"href":"https:\/\/fdg.pt\/en\/wp-json\/wp\/v2\/types\/page"}],"author":[{"embeddable":true,"href":"https:\/\/fdg.pt\/en\/wp-json\/wp\/v2\/users\/1"}],"replies":[{"embeddable":true,"href":"https:\/\/fdg.pt\/en\/wp-json\/wp\/v2\/comments?post=4858"}],"version-history":[{"count":157,"href":"https:\/\/fdg.pt\/en\/wp-json\/wp\/v2\/pages\/4858\/revisions"}],"predecessor-version":[{"id":11276,"href":"https:\/\/fdg.pt\/en\/wp-json\/wp\/v2\/pages\/4858\/revisions\/11276"}],"wp:attachment":[{"href":"https:\/\/fdg.pt\/en\/wp-json\/wp\/v2\/media?parent=4858"}],"curies":[{"name":"wp","href":"https:\/\/api.w.org\/{rel}","templated":true}]}}